{"id":26642,"date":"2025-02-20T23:28:34","date_gmt":"2025-02-20T22:28:34","guid":{"rendered":"http:\/\/olemosaic.com\/producto\/botella-inox-350-ml-panoramica-barcelona-4\/"},"modified":"2025-07-25T19:18:20","modified_gmt":"2025-07-25T17:18:20","slug":"bouteille-inox-350-ml-panoramique-barcelone-4","status":"publish","type":"product","link":"https:\/\/olemosaic.com\/fr\/produit\/bouteille-inox-350-ml-panoramique-barcelone-4\/","title":{"rendered":"Bouteille inox. 350 ml. Panoramique. Torre Gl\u00f2ries. Barcelone."},"content":{"rendered":"<p>Cette bouteille en acier inoxydable de 350 ml est un bijou qui capture l&rsquo;essence vibrante de Barcelone, id\u00e9ale pour ceux qui recherchent un souvenir unique de la ville. Son design color\u00e9 pr\u00e9sente une vue panoramique impressionnante avec des illustrations embl\u00e9matiques telles que la Sagrada Familia et le Park G\u00fcell, ainsi que le b\u00e2timent moderne Torre Gl\u00f2ries. Le tout sur un fond bleu imitant le c\u00e9l\u00e8bre trencad\u00eds de Gaud\u00ed, une technique synonyme de l&rsquo;architecture barcelonaise.<\/p>\n<p>Fabriqu\u00e9e en acier inoxydable, cette bouteille n&rsquo;est pas seulement un accessoire attrayant, mais aussi fonctionnel, gardant vos boissons froides toute la journ\u00e9e. Avec une finition \u00e9l\u00e9gante et des d\u00e9tails artistiques, elle est parfaite pour les amoureux de Barcelone et de son h\u00e9ritage architectural incomparable. De plus, sa taille de 350 ml en fait le choix id\u00e9al pour l&#8217;emporter avec vous tout en explorant les merveilles de la ville.<\/p>\n<p>Chez Ol\u00e9 Mosaic, nous sommes fiers de proposer des souvenirs authentiques qui refl\u00e8tent le patrimoine culturel espagnol, et cette bouteille en est un excellent exemple. En tant que distributeurs de produits touristiques en gros, nous garantissons que chaque pi\u00e8ce est un souvenir repr\u00e9sentatif de Barcelone, parfait pour les boutiques de cadeaux qui cherchent \u00e0 surprendre leurs clients avec des articles de qualit\u00e9.<\/p>\n","protected":false},"excerpt":{"rendered":"<p>Bouteille en acier inoxydable de 350 ml avec une vue panoramique vibrante de Barcelone. Son design color\u00e9 inclut des illustrations de la Sagrada Familia, du Park G\u00fcell et de l&#8217;embl\u00e9matique b\u00e2timent Torre Gl\u00f2ries, le tout sur un fond bleu simulant le trencad\u00eds typique de Gaud\u00ed. La bouteille est parfaite pour maintenir vos boissons froides, alliant fonctionnalit\u00e9 et art, id\u00e9ale pour les amoureux de la ville et de son architecture singuli\u00e8re.<\/p>\n","protected":false},"featured_media":12792,"template":"","meta":{"_acf_changed":false},"product_brand":[],"product_cat":[784],"product_tag":[],"class_list":{"0":"post-26642","1":"product","2":"type-product","3":"status-publish","4":"has-post-thumbnail","6":"product_cat-bouteilles-inox","7":"pa_ciudad-barcelona","8":"pa_motivo-panoramas","9":"pa_pais-espana","11":"first","12":"instock","13":"shipping-taxable","14":"product-type-simple"},"acf":[],"_links":{"self":[{"href":"https:\/\/olemosaic.com\/fr\/wp-json\/wp\/v2\/product\/26642","targetHints":{"allow":["GET"]}}],"collection":[{"href":"https:\/\/olemosaic.com\/fr\/wp-json\/wp\/v2\/product"}],"about":[{"href":"https:\/\/olemosaic.com\/fr\/wp-json\/wp\/v2\/types\/product"}],"wp:featuredmedia":[{"embeddable":true,"href":"https:\/\/olemosaic.com\/fr\/wp-json\/wp\/v2\/media\/12792"}],"wp:attachment":[{"href":"https:\/\/olemosaic.com\/fr\/wp-json\/wp\/v2\/media?parent=26642"}],"wp:term":[{"taxonomy":"product_brand","embeddable":true,"href":"https:\/\/olemosaic.com\/fr\/wp-json\/wp\/v2\/product_brand?post=26642"},{"taxonomy":"product_cat","embeddable":true,"href":"https:\/\/olemosaic.com\/fr\/wp-json\/wp\/v2\/product_cat?post=26642"},{"taxonomy":"product_tag","embeddable":true,"href":"https:\/\/olemosaic.com\/fr\/wp-json\/wp\/v2\/product_tag?post=26642"}],"curies":[{"name":"wp","href":"https:\/\/api.w.org\/{rel}","templated":true}]}}