{"id":26641,"date":"2025-02-20T23:28:34","date_gmt":"2025-02-20T22:28:34","guid":{"rendered":"http:\/\/olemosaic.com\/producto\/botella-inox-350-ml-panoramica-barcelona-3\/"},"modified":"2025-07-25T18:50:04","modified_gmt":"2025-07-25T16:50:04","slug":"bouteille-inox-350-ml-panoramique-barcelone-3","status":"publish","type":"product","link":"https:\/\/olemosaic.com\/fr\/produit\/bouteille-inox-350-ml-panoramique-barcelone-3\/","title":{"rendered":"Bouteille inox. 350 ml. Panoramique. Sagrada Familia. Gaudi. Barcelone."},"content":{"rendered":"<p>Cette bouteille en acier inoxydable de 350 ml est un souvenir exceptionnel qui capture l&rsquo;essence vibrante de Barcelone \u00e0 travers son design panoramique. Chaque bouteille pr\u00e9sente une finition color\u00e9e inspir\u00e9e du style architectural embl\u00e9matique d&rsquo;Antoni Gaud\u00ed, montrant de mani\u00e8re artistique des monuments embl\u00e9matiques tels que la grandiose Sagrada Familia et l&rsquo;impressionnant Park G\u00fcell. La riche palette de couleurs et les d\u00e9tails vifs se combinent pour offrir une repr\u00e9sentation visuelle captivante de la ville. D&rsquo;un c\u00f4t\u00e9, le nom \u00ab\u00a0Barcelone\u00a0\u00bb est imprim\u00e9 en lettres stylis\u00e9es, ajoutant une touche distinctive qui souligne son origine.<\/p>\n<p>Ce souvenir n&rsquo;est pas seulement esth\u00e9tiquement attrayant, mais aussi fonctionnel ; sa construction en acier inoxydable assure la durabilit\u00e9 et est parfaite pour maintenir vos boissons fra\u00eeches, ce qui en fait un choix id\u00e9al pour ceux qui recherchent un souvenir pratique et artistique. Le lien culturel avec Barcelone se retrouve dans chaque mosa\u00efque qui orne sa surface, symbolisant l&rsquo;h\u00e9ritage artistique et architectural de la ville. Chez Ol\u00e9 Mosaic, nous proposons cette bouteille dans le cadre de notre collection de souvenirs de Barcelone, garantissant authenticit\u00e9 et qualit\u00e9. C&rsquo;est un excellent choix pour les boutiques de cadeaux touristiques qui souhaitent proposer des produits alliant style, utilit\u00e9 et un petit morceau de la culture catalane.<\/p>\n","protected":false},"excerpt":{"rendered":"<p>Bouteille en acier inoxydable de 350 ml avec un design panoramique capturant l&rsquo;essence de Barcelone. Avec une finition color\u00e9e pr\u00e9sentant des mosa\u00efques inspir\u00e9es de l&rsquo;architecture de Gaud\u00ed, la bouteille montre des monuments embl\u00e9matiques tels que la Sagrada Familia et le Park G\u00fcell. D\u00e9cor\u00e9e de d\u00e9tails vibrants et du nom \u00ab\u00a0Barcelone\u00a0\u00bb imprim\u00e9, elle est id\u00e9ale pour ceux qui recherchent un souvenir pratique et artistique, alliant style et fonctionnalit\u00e9 \u00e0 chaque gorg\u00e9e.<\/p>\n","protected":false},"featured_media":12787,"template":"","meta":{"_acf_changed":false},"product_brand":[],"product_cat":[784],"product_tag":[],"class_list":{"0":"post-26641","1":"product","2":"type-product","3":"status-publish","4":"has-post-thumbnail","6":"product_cat-bouteilles-inox","7":"pa_ciudad-barcelona","8":"pa_motivo-panoramas","9":"pa_pais-espana","11":"first","12":"instock","13":"shipping-taxable","14":"product-type-simple"},"acf":[],"_links":{"self":[{"href":"https:\/\/olemosaic.com\/fr\/wp-json\/wp\/v2\/product\/26641","targetHints":{"allow":["GET"]}}],"collection":[{"href":"https:\/\/olemosaic.com\/fr\/wp-json\/wp\/v2\/product"}],"about":[{"href":"https:\/\/olemosaic.com\/fr\/wp-json\/wp\/v2\/types\/product"}],"wp:featuredmedia":[{"embeddable":true,"href":"https:\/\/olemosaic.com\/fr\/wp-json\/wp\/v2\/media\/12787"}],"wp:attachment":[{"href":"https:\/\/olemosaic.com\/fr\/wp-json\/wp\/v2\/media?parent=26641"}],"wp:term":[{"taxonomy":"product_brand","embeddable":true,"href":"https:\/\/olemosaic.com\/fr\/wp-json\/wp\/v2\/product_brand?post=26641"},{"taxonomy":"product_cat","embeddable":true,"href":"https:\/\/olemosaic.com\/fr\/wp-json\/wp\/v2\/product_cat?post=26641"},{"taxonomy":"product_tag","embeddable":true,"href":"https:\/\/olemosaic.com\/fr\/wp-json\/wp\/v2\/product_tag?post=26641"}],"curies":[{"name":"wp","href":"https:\/\/api.w.org\/{rel}","templated":true}]}}