{"id":26640,"date":"2025-02-20T23:28:34","date_gmt":"2025-02-20T22:28:34","guid":{"rendered":"http:\/\/olemosaic.com\/producto\/botella-inox-350-ml-motivos-marinos\/"},"modified":"2025-07-25T19:07:41","modified_gmt":"2025-07-25T17:07:41","slug":"bouteille-inox-350-ml-motifs-marins","status":"publish","type":"product","link":"https:\/\/olemosaic.com\/fr\/produit\/bouteille-inox-350-ml-motifs-marins\/","title":{"rendered":"Bouteille inox. 350 ml. Motifs marins."},"content":{"rendered":"<p>Cette bouteille en acier inoxydable de 350 ml est un charmant hommage au monde marin, parfaite pour ceux qui recherchent un souvenir repr\u00e9sentant la beaut\u00e9 c\u00f4ti\u00e8re et la vie oc\u00e9anique. Son design vibrant pr\u00e9sente une illustration impressionnante de cr\u00e9atures marines, telles que des dauphins, des tortues et des hippocampes, flottant avec gr\u00e2ce sur un fond bleu profond qui \u00e9voque l&rsquo;immensit\u00e9 de l&rsquo;oc\u00e9an. La combinaison de couleurs vives et de formes artistiques des animaux cr\u00e9e une pi\u00e8ce \u00e0 la fois fonctionnelle et visuellement captivante, devenant un v\u00e9ritable souvenir de la culture marine.<\/p>\n<p>La bouteille n&rsquo;est pas seulement un accessoire esth\u00e9tique, mais aussi une option pratique pour maintenir vos boissons froides ou chaudes tout au long de la journ\u00e9e. Son mat\u00e9riau en acier inoxydable assure durabilit\u00e9 et r\u00e9sistance, ce qui la rend parfaite pour emporter \u00e0 la plage, faire de la randonn\u00e9e ou profiter d&rsquo;une journ\u00e9e en ville. Ce souvenir c\u00e9l\u00e8bre la riche biodiversit\u00e9 des oc\u00e9ans et rappelle l&rsquo;importance de la conservation marine.<\/p>\n<p>Chez Ol\u00e9 Mosaic, nous nous sp\u00e9cialisons dans la distribution de souvenirs en gros, offrant des produits authentiques qui capturent l&rsquo;essence culturelle de chaque r\u00e9gion. Cette bouteille aux motifs marins est un excellent choix pour les boutiques de cadeaux touristiques \u00e0 la recherche de marchandises originales et significatives. C&rsquo;est un cadeau id\u00e9al pour les touristes qui souhaitent emporter un morceau de la beaut\u00e9 naturelle et culturelle de la c\u00f4te.<\/p>\n","protected":false},"excerpt":{"rendered":"<p>Bouteille en acier inoxydable de 350 ml avec de joyeux motifs marins. Cette pi\u00e8ce se distingue par son design color\u00e9, illustrant diverses cr\u00e9atures de l&rsquo;oc\u00e9an, comme des dauphins, des tortues et des hippocampes, sur un fond bleu \u00e9voquant la profondeur marine. Id\u00e9ale pour maintenir vos boissons froides ou chaudes, elle allie fonctionnalit\u00e9 et art, devenant un souvenir parfait qui c\u00e9l\u00e8bre la beaut\u00e9 du monde marin.<\/p>\n","protected":false},"featured_media":12793,"template":"","meta":{"_acf_changed":false},"product_brand":[],"product_cat":[784],"product_tag":[530],"class_list":{"0":"post-26640","1":"product","2":"type-product","3":"status-publish","4":"has-post-thumbnail","6":"product_cat-bouteilles-inox","7":"product_tag-animaux","8":"pa_motivo-animaux-marins","10":"first","11":"instock","12":"shipping-taxable","13":"product-type-simple"},"acf":[],"_links":{"self":[{"href":"https:\/\/olemosaic.com\/fr\/wp-json\/wp\/v2\/product\/26640","targetHints":{"allow":["GET"]}}],"collection":[{"href":"https:\/\/olemosaic.com\/fr\/wp-json\/wp\/v2\/product"}],"about":[{"href":"https:\/\/olemosaic.com\/fr\/wp-json\/wp\/v2\/types\/product"}],"wp:featuredmedia":[{"embeddable":true,"href":"https:\/\/olemosaic.com\/fr\/wp-json\/wp\/v2\/media\/12793"}],"wp:attachment":[{"href":"https:\/\/olemosaic.com\/fr\/wp-json\/wp\/v2\/media?parent=26640"}],"wp:term":[{"taxonomy":"product_brand","embeddable":true,"href":"https:\/\/olemosaic.com\/fr\/wp-json\/wp\/v2\/product_brand?post=26640"},{"taxonomy":"product_cat","embeddable":true,"href":"https:\/\/olemosaic.com\/fr\/wp-json\/wp\/v2\/product_cat?post=26640"},{"taxonomy":"product_tag","embeddable":true,"href":"https:\/\/olemosaic.com\/fr\/wp-json\/wp\/v2\/product_tag?post=26640"}],"curies":[{"name":"wp","href":"https:\/\/api.w.org\/{rel}","templated":true}]}}