{"id":26638,"date":"2025-02-20T23:28:34","date_gmt":"2025-02-20T22:28:34","guid":{"rendered":"http:\/\/olemosaic.com\/producto\/botella-inox-350-ml-panoramica-barcelona\/"},"modified":"2025-07-25T19:19:27","modified_gmt":"2025-07-25T17:19:27","slug":"bouteille-inox-350-ml-panoramique-barcelone","status":"publish","type":"product","link":"https:\/\/olemosaic.com\/fr\/produit\/bouteille-inox-350-ml-panoramique-barcelone\/","title":{"rendered":"Bouteille inox. 350 ml. Panoramique. Barcelone."},"content":{"rendered":"<p>Cette bouteille en acier inoxydable de 350 ml est un v\u00e9ritable hommage \u00e0 la ville vibrante de Barcelone, devenant un souvenir incontournable pour ceux qui souhaitent emporter un morceau de la culture catalane partout avec eux. Son design pr\u00e9sente une vue panoramique color\u00e9e incluant des \u00e9l\u00e9ments embl\u00e9matiques de la ville, comme la majestueuse Sagrada Familia, qui se distingue par ses tours stylis\u00e9es et d\u00e9taill\u00e9es, reflet du g\u00e9nie de l&rsquo;architecte Antoni Gaud\u00ed. Les motifs de mosa\u00efque dans des tons bleus et chauds \u00e9voquent le c\u00e9l\u00e8bre style moderniste catalan, pr\u00e9sent dans plusieurs \u0153uvres de Gaud\u00ed, cr\u00e9ant un lien visuel avec les fascinantes mosa\u00efques du Park G\u00fcell.<\/p>\n<p>La bouteille n&rsquo;est pas seulement une \u0153uvre d&rsquo;art, mais aussi un objet pratique, id\u00e9al pour maintenir vos boissons froides ou chaudes pendant des heures gr\u00e2ce \u00e0 sa technologie d&rsquo;isolation. Le bouchon en acier garantit une \u00e9tanch\u00e9it\u00e9 parfaite, ce qui en fait un compagnon fiable au quotidien, que ce soit au bureau, \u00e0 la plage ou lors d&rsquo;une promenade en ville. En tant que souvenir fonctionnel et artistique, cette bouteille est un excellent choix pour les amoureux de la culture catalane \u00e0 la recherche d&rsquo;un souvenir repr\u00e9sentatif de leur voyage. Chez Ol\u00e9 Mosaic, nous sommes fiers de proposer cette bouteille dans le cadre de notre collection de souvenirs artisanaux, id\u00e9ale pour les boutiques de cadeaux touristiques souhaitant mettre en avant des produits authentiques de Barcelone.<\/p>\n","protected":false},"excerpt":{"rendered":"<p>Bouteille en acier inoxydable de 350 ml avec une vue panoramique color\u00e9e de Barcelone. Son design pr\u00e9sente des motifs embl\u00e9matiques de la ville, comme la Sagrada Familia, et des \u00e9l\u00e9ments de mosa\u00efque dans des tons bleus et chauds, \u00e9voquant le style de Gaud\u00ed. Elle est id\u00e9ale pour maintenir vos boissons froides ou chaudes et dispose d&rsquo;un bouchon en acier garantissant son \u00e9tanch\u00e9it\u00e9. Un souvenir fonctionnel et artistique, parfait pour les amoureux de la culture catalane.<\/p>\n","protected":false},"featured_media":12791,"template":"","meta":{"_acf_changed":false},"product_brand":[],"product_cat":[784],"product_tag":[],"class_list":{"0":"post-26638","1":"product","2":"type-product","3":"status-publish","4":"has-post-thumbnail","6":"product_cat-bouteilles-inox","7":"pa_ciudad-barcelona","8":"pa_motivo-panoramas","9":"pa_pais-espana","11":"first","12":"instock","13":"shipping-taxable","14":"product-type-simple"},"acf":[],"_links":{"self":[{"href":"https:\/\/olemosaic.com\/fr\/wp-json\/wp\/v2\/product\/26638","targetHints":{"allow":["GET"]}}],"collection":[{"href":"https:\/\/olemosaic.com\/fr\/wp-json\/wp\/v2\/product"}],"about":[{"href":"https:\/\/olemosaic.com\/fr\/wp-json\/wp\/v2\/types\/product"}],"wp:featuredmedia":[{"embeddable":true,"href":"https:\/\/olemosaic.com\/fr\/wp-json\/wp\/v2\/media\/12791"}],"wp:attachment":[{"href":"https:\/\/olemosaic.com\/fr\/wp-json\/wp\/v2\/media?parent=26638"}],"wp:term":[{"taxonomy":"product_brand","embeddable":true,"href":"https:\/\/olemosaic.com\/fr\/wp-json\/wp\/v2\/product_brand?post=26638"},{"taxonomy":"product_cat","embeddable":true,"href":"https:\/\/olemosaic.com\/fr\/wp-json\/wp\/v2\/product_cat?post=26638"},{"taxonomy":"product_tag","embeddable":true,"href":"https:\/\/olemosaic.com\/fr\/wp-json\/wp\/v2\/product_tag?post=26638"}],"curies":[{"name":"wp","href":"https:\/\/api.w.org\/{rel}","templated":true}]}}