{"id":26637,"date":"2025-02-20T23:28:34","date_gmt":"2025-02-20T22:28:34","guid":{"rendered":"http:\/\/olemosaic.com\/producto\/botella-inox-350-ml-salamandra\/"},"modified":"2025-07-25T18:50:06","modified_gmt":"2025-07-25T16:50:06","slug":"bouteille-inox-350-ml-salamandre","status":"publish","type":"product","link":"https:\/\/olemosaic.com\/fr\/produit\/bouteille-inox-350-ml-salamandre\/","title":{"rendered":"Bouteille inox. 350 ml. Salamandre."},"content":{"rendered":"<p>Cette bouteille en acier inoxydable de 350 ml est un article unique qui capture l&rsquo;essence vibrante de la culture espagnole, d\u00e9cor\u00e9e d&rsquo;un design spectaculaire de salamandres et de fleurs dans une mosa\u00efque color\u00e9e. Sa surface pr\u00e9sente un \u00e9l\u00e9gant fond blanc qui contraste parfaitement avec les motifs g\u00e9om\u00e9triques inspir\u00e9s des c\u00e9l\u00e8bres carreaux de l&rsquo;architecte de renom Antoni Gaud\u00ed. Les salamandres, dans des tons verts, rouges et bleus, s&rsquo;entrelacent avec des fleurs d\u00e9licates qui apportent une touche festive et artistique, refl\u00e9tant le riche h\u00e9ritage culturel de l&rsquo;Espagne.<\/p>\n<p>Cet article n&rsquo;est pas seulement fonctionnel, car il maintient vos boissons froides ou chaudes, mais il sert \u00e9galement de souvenir attrayant \u00e9voquant la beaut\u00e9 de l&rsquo;art et du folklore espagnol. Ce design, inspir\u00e9 des mosa\u00efques color\u00e9es qui ornent de nombreuses villes espagnoles, fait de cette bouteille un excellent cadeau pour ceux qui recherchent des souvenirs authentiques et repr\u00e9sentatifs de leur voyage.<\/p>\n<p>Chez Ol\u00e9 Mosaic, notre engagement est de proposer des produits de qualit\u00e9 qui c\u00e9l\u00e8brent l&rsquo;authenticit\u00e9 et la tradition culturelle. Parfaite pour les boutiques de cadeaux touristiques, cette bouteille en acier inoxydable est id\u00e9ale pour ceux qui souhaitent emporter avec eux une partie de la culture espagnole, en faisant une option de choix pour tout voyageur. En tant que grossistes d&rsquo;articles de souvenirs, nous garantissons que chaque pi\u00e8ce b\u00e9n\u00e9ficie du design et de l&rsquo;artisanat que nos clients m\u00e9ritent.<\/p>\n","protected":false},"excerpt":{"rendered":"<p>Bouteille en acier inoxydable de 350 ml, d\u00e9cor\u00e9e d&rsquo;un design vibrant de salamandres et de fleurs sous forme de mosa\u00efque color\u00e9e. Cet article est id\u00e9al pour maintenir vos boissons froides ou chaudes, et sa surface, avec un fond blanc et des d\u00e9tails de carreaux, \u00e9voque le style artistique de Gaud\u00ed. Les motifs de salamandres vertes, rouges et bleues, ainsi que les fleurs, lui donnent une touche color\u00e9e et distinctive, en faisant un souvenir attrayant de l&rsquo;Espagne.<\/p>\n","protected":false},"featured_media":12783,"template":"","meta":{"_acf_changed":false},"product_brand":[],"product_cat":[784],"product_tag":[530],"class_list":{"0":"post-26637","1":"product","2":"type-product","3":"status-publish","4":"has-post-thumbnail","6":"product_cat-bouteilles-inox","7":"product_tag-animaux","8":"pa_motivo-salamandres","10":"first","11":"instock","12":"shipping-taxable","13":"product-type-simple"},"acf":[],"_links":{"self":[{"href":"https:\/\/olemosaic.com\/fr\/wp-json\/wp\/v2\/product\/26637","targetHints":{"allow":["GET"]}}],"collection":[{"href":"https:\/\/olemosaic.com\/fr\/wp-json\/wp\/v2\/product"}],"about":[{"href":"https:\/\/olemosaic.com\/fr\/wp-json\/wp\/v2\/types\/product"}],"wp:featuredmedia":[{"embeddable":true,"href":"https:\/\/olemosaic.com\/fr\/wp-json\/wp\/v2\/media\/12783"}],"wp:attachment":[{"href":"https:\/\/olemosaic.com\/fr\/wp-json\/wp\/v2\/media?parent=26637"}],"wp:term":[{"taxonomy":"product_brand","embeddable":true,"href":"https:\/\/olemosaic.com\/fr\/wp-json\/wp\/v2\/product_brand?post=26637"},{"taxonomy":"product_cat","embeddable":true,"href":"https:\/\/olemosaic.com\/fr\/wp-json\/wp\/v2\/product_cat?post=26637"},{"taxonomy":"product_tag","embeddable":true,"href":"https:\/\/olemosaic.com\/fr\/wp-json\/wp\/v2\/product_tag?post=26637"}],"curies":[{"name":"wp","href":"https:\/\/api.w.org\/{rel}","templated":true}]}}