{"id":26635,"date":"2025-02-20T23:28:33","date_gmt":"2025-02-20T22:28:33","guid":{"rendered":"http:\/\/olemosaic.com\/producto\/bola-de-nieve-dragon-barcelona-4-colores\/"},"modified":"2025-07-25T19:38:40","modified_gmt":"2025-07-25T17:38:40","slug":"boule-a-neige-dragon-barcelone-4-couleurs","status":"publish","type":"product","link":"https:\/\/olemosaic.com\/fr\/produit\/boule-a-neige-dragon-barcelone-4-couleurs\/","title":{"rendered":"Boule \u00e0 neige. Dragon. Barcelone. 4 couleurs"},"content":{"rendered":"<p>Cette boule \u00e0 neige d\u00e9corative avec un dragon est un charmant souvenir de Barcelone, disponible en quatre couleurs vibrantes : bleu, vert, orange et rouge. La base en c\u00e9ramique, \u00e0 l&rsquo;effet peint \u00e0 la main, arbore un design attrayant avec le mot \u00ab\u00a0Barcelone\u00a0\u00bb en relief et une finition brillante qui accroche la lumi\u00e8re. En secouant la boule, un dragon color\u00e9 se dresse sur un fond blanco, cr\u00e9ant un effet visuel captivant qui \u00e9voque la magie de cette ville catalane embl\u00e9matique. Le dragon, symbole puissant de l&rsquo;h\u00e9ritage culturel barcelonais, rend hommage \u00e0 la l\u00e9gende de Sant Jordi, o\u00f9 un vaillant chevalier terrasse un dragon. Ce souvenir n&rsquo;est pas seulement un objet d\u00e9coratif, mais aussi un rappel de la riche histoire et de la vie vibrante de Barcelone, ce qui en fait une pi\u00e8ce id\u00e9ale pour les touristes cherchant \u00e0 emporter un morceau de la culture locale. Chez Ol\u00e9 Mosaic, nous nous consacrons \u00e0 la distribution de souvenirs en gros, et cette boule \u00e0 neige est une excellente option pour les boutiques de cadeaux touristiques cherchant \u00e0 proposer des produits authentiques et pleins de sens. Assurez un souvenir inoubliable de Barcelone avec ce dragon attrayant et color\u00e9 dans votre collection de souvenirs.<\/p>\n","protected":false},"excerpt":{"rendered":"<p>Boule \u00e0 neige d\u00e9corative avec un dragon, repr\u00e9sentative de Barcelone, disponible en quatre couleurs vibrantes : bleu, vert, orange et rouge. La base en c\u00e9ramique, au design artisanal et peint \u00e0 la main, pr\u00e9sente un design attrayant avec le mot \u00ab\u00a0Barcelone\u00a0\u00bb en relief et une finition brillante. \u00c0 l&rsquo;int\u00e9rieur, un dragon color\u00e9 se d\u00e9tache sur une base blanche, cr\u00e9ant un charmant effet visuel en la secouant. Ce souvenir est id\u00e9al pour \u00e9voquer la magie de cette ville catalane.<\/p>\n","protected":false},"featured_media":13793,"template":"","meta":{"_acf_changed":false},"product_brand":[],"product_cat":[645],"product_tag":[530,646],"class_list":{"0":"post-26635","1":"product","2":"type-product","3":"status-publish","4":"has-post-thumbnail","6":"product_cat-boules-de-neige","7":"product_tag-animaux","8":"product_tag-noel","9":"pa_ciudad-barcelona","10":"pa_motivo-dragon","11":"pa_pais-espana","13":"first","14":"instock","15":"shipping-taxable","16":"product-type-simple"},"acf":[],"_links":{"self":[{"href":"https:\/\/olemosaic.com\/fr\/wp-json\/wp\/v2\/product\/26635","targetHints":{"allow":["GET"]}}],"collection":[{"href":"https:\/\/olemosaic.com\/fr\/wp-json\/wp\/v2\/product"}],"about":[{"href":"https:\/\/olemosaic.com\/fr\/wp-json\/wp\/v2\/types\/product"}],"wp:featuredmedia":[{"embeddable":true,"href":"https:\/\/olemosaic.com\/fr\/wp-json\/wp\/v2\/media\/13793"}],"wp:attachment":[{"href":"https:\/\/olemosaic.com\/fr\/wp-json\/wp\/v2\/media?parent=26635"}],"wp:term":[{"taxonomy":"product_brand","embeddable":true,"href":"https:\/\/olemosaic.com\/fr\/wp-json\/wp\/v2\/product_brand?post=26635"},{"taxonomy":"product_cat","embeddable":true,"href":"https:\/\/olemosaic.com\/fr\/wp-json\/wp\/v2\/product_cat?post=26635"},{"taxonomy":"product_tag","embeddable":true,"href":"https:\/\/olemosaic.com\/fr\/wp-json\/wp\/v2\/product_tag?post=26635"}],"curies":[{"name":"wp","href":"https:\/\/api.w.org\/{rel}","templated":true}]}}