{"id":26634,"date":"2025-02-20T22:28:33","date_gmt":"2025-02-20T22:28:33","guid":{"rendered":"http:\/\/olemosaic.com\/producto\/bola-de-navidad-con-caja-salamandra-y-flores\/"},"modified":"2025-07-25T18:58:31","modified_gmt":"2025-07-25T16:58:31","slug":"boule-de-noel-avec-boite-salamandre-et-fleurs","status":"publish","type":"product","link":"https:\/\/olemosaic.com\/fr\/produit\/boule-de-noel-avec-boite-salamandre-et-fleurs\/","title":{"rendered":"Boule de No\u00ebl avec bo\u00eete. Salamandre et fleurs."},"content":{"rendered":"<p>Cette boule de No\u00ebl est un souvenir exclusif qui fusionne art et tradition, id\u00e9al pour apporter une touche vibrante \u00e0 votre d\u00e9coration de No\u00ebl. Pr\u00e9sent\u00e9e dans une \u00e9l\u00e9gante bo\u00eete, cette boule en c\u00e9ramique affiche un design captivant de salamandre, orn\u00e9e d&rsquo;une mosa\u00efque color\u00e9e \u00e9voquant le c\u00e9l\u00e8bre trencad\u00eds de Gaud\u00ed. L&rsquo;illustration pr\u00e9sente une salamandre dans des tons verts et bleus, capturant l&rsquo;essence du modernisme catalan, entour\u00e9e de d\u00e9licats motifs floraux en jaune et rouge. Chaque d\u00e9tail de la boule souligne la riche culture et le folklore espagnol, en faisant un souvenir inoubliable de votre s\u00e9jour en Espagne.<\/p>\n<p>Ce produit n&rsquo;est pas seulement un ornement de No\u00ebl, mais un symbole de la cr\u00e9ativit\u00e9 et de l&rsquo;art de la r\u00e9gion, refl\u00e9tant l&rsquo;influence de Gaud\u00ed sur l&rsquo;architecture et le design de Barcelone. Parfaite pour ceux qui recherchent des souvenirs authentiques et repr\u00e9sentatifs de leur voyage, cette boule de No\u00ebl est un excellent cadeau pour les touristes et les amateurs de culture. Chez Ol\u00e9 Mosaic, en tant que grossistes de souvenirs, nous garantissons la qualit\u00e9 et l&rsquo;authenticit\u00e9 de notre s\u00e9lection, assurant que chaque pi\u00e8ce raconte une histoire unique que les visiteurs voudront emporter chez eux.<\/p>\n","protected":false},"excerpt":{"rendered":"<p>Boule de No\u00ebl pr\u00e9sent\u00e9e dans une \u00e9l\u00e9gante bo\u00eete, d\u00e9cor\u00e9e d&rsquo;un design vibrant de salamandre et de fleurs. R\u00e9alis\u00e9e en c\u00e9ramique, cette boule affiche une explosion de couleurs dans son illustration, avec des d\u00e9tails \u00e9voquant le c\u00e9l\u00e8bre trencad\u00eds de Gaud\u00ed. La sc\u00e8ne montre une salamandre dans des tons verts et bleus, entour\u00e9e de motifs floraux en jaune et rouge, capturant l&rsquo;essence de l&rsquo;art et du folklore espagnols. Parfaite pour ajouter une touche artistique \u00e0 votre d\u00e9coration de No\u00ebl.<\/p>\n","protected":false},"featured_media":9747,"template":"","meta":{"_acf_changed":false},"product_brand":[],"product_cat":[659],"product_tag":[530,646],"class_list":{"0":"post-26634","1":"product","2":"type-product","3":"status-publish","4":"has-post-thumbnail","6":"product_cat-boules-de-noel","7":"product_tag-animaux","8":"product_tag-noel","9":"pa_motivo-salamandres","11":"first","12":"instock","13":"shipping-taxable","14":"product-type-simple"},"acf":[],"_links":{"self":[{"href":"https:\/\/olemosaic.com\/fr\/wp-json\/wp\/v2\/product\/26634","targetHints":{"allow":["GET"]}}],"collection":[{"href":"https:\/\/olemosaic.com\/fr\/wp-json\/wp\/v2\/product"}],"about":[{"href":"https:\/\/olemosaic.com\/fr\/wp-json\/wp\/v2\/types\/product"}],"wp:featuredmedia":[{"embeddable":true,"href":"https:\/\/olemosaic.com\/fr\/wp-json\/wp\/v2\/media\/9747"}],"wp:attachment":[{"href":"https:\/\/olemosaic.com\/fr\/wp-json\/wp\/v2\/media?parent=26634"}],"wp:term":[{"taxonomy":"product_brand","embeddable":true,"href":"https:\/\/olemosaic.com\/fr\/wp-json\/wp\/v2\/product_brand?post=26634"},{"taxonomy":"product_cat","embeddable":true,"href":"https:\/\/olemosaic.com\/fr\/wp-json\/wp\/v2\/product_cat?post=26634"},{"taxonomy":"product_tag","embeddable":true,"href":"https:\/\/olemosaic.com\/fr\/wp-json\/wp\/v2\/product_tag?post=26634"}],"curies":[{"name":"wp","href":"https:\/\/api.w.org\/{rel}","templated":true}]}}