{"id":26607,"date":"2025-02-20T23:28:33","date_gmt":"2025-02-20T22:28:33","guid":{"rendered":"http:\/\/olemosaic.com\/producto\/bola-de-navidad-casa-batllo-barcelona\/"},"modified":"2025-07-25T19:03:37","modified_gmt":"2025-07-25T17:03:37","slug":"boule-de-noel-casa-batllo-barcelone","status":"publish","type":"product","link":"https:\/\/olemosaic.com\/fr\/produit\/boule-de-noel-casa-batllo-barcelone\/","title":{"rendered":"Boule de No\u00ebl. Casa Batll\u00f3. Barcelone."},"content":{"rendered":"<p>Cette boule de No\u00ebl d\u00e9corative, inspir\u00e9e de la Casa Batll\u00f3 de Barcelone, est un v\u00e9ritable hommage au g\u00e9nial architecte Antoni Gaud\u00ed et \u00e0 sa vision du modernisme catalan. Fabriqu\u00e9e en verre avec une finition brillante, cette magnifique sph\u00e8re attire l&rsquo;attention avec ses illustrations \u00e0 effet peint \u00e0 la main, repr\u00e9sentant des \u00e9l\u00e9ments embl\u00e9matiques de Barcelone, tels que la Sagrada Familia et la Casa Batll\u00f3 elle-m\u00eame. Chaque d\u00e9tail ressort avec des \u00e9clats dor\u00e9s et des d\u00e9tails rouges, qui lui donnent une touche festive et \u00e9l\u00e9gante.<\/p>\n<p>La boule pr\u00e9sente l&rsquo;architecture magnifique de la Casa Batll\u00f3, c\u00e9l\u00e8bre pour ses formes ondul\u00e9es et ses couleurs vibrantes, entour\u00e9e d&rsquo;\u00e9toiles dor\u00e9es qui \u00e9voquent la magie de No\u00ebl. Cet ornement n&rsquo;est pas seulement une pi\u00e8ce festive, mais aussi un souvenir culturel qui enrichit n&rsquo;importe quel sapin de No\u00ebl, devenant un sujet de conversation c\u00e9l\u00e9brant le riche h\u00e9ritage artistique de la ville.<\/p>\n<p>Chez Ol\u00e9 Mosaic, nous nous sp\u00e9cialisons dans la distribution de souvenirs en gros, proposant des produits qui refl\u00e8tent l&rsquo;authenticit\u00e9 et l&rsquo;esprit de leurs villes d&rsquo;origine. Cette boule de No\u00ebl est une excellente option pour les boutiques de cadeaux touristiques recherchant des d\u00e9corations de qualit\u00e9 avec une signification culturelle. En tant que grossistes de souvenirs, nous garantissons que chaque sph\u00e8re non seulement embellira la maison, mais connectera \u00e9galement les touristes \u00e0 l&rsquo;essence esth\u00e9tique de Barcelone.<\/p>\n","protected":false},"excerpt":{"rendered":"<p>Boule de No\u00ebl d\u00e9corative inspir\u00e9e de la Casa Batll\u00f3 de Barcelone, fabriqu\u00e9e en verre avec une finition brillante. Cette magnifique sph\u00e8re pr\u00e9sente des illustrations \u00e0 effet peint \u00e0 la main de la c\u00e9l\u00e8bre architecture de Gaud\u00ed, accompagn\u00e9es d&rsquo;\u00e9clats dor\u00e9s et de d\u00e9tails rouges. Avec des repr\u00e9sentations de la Sagrada Familia, de la Casa Batll\u00f3 et d&rsquo;autres \u00e9l\u00e9ments embl\u00e9matiques, c&rsquo;est un ornement festif qui capture l&rsquo;essence du modernisme catalan, id\u00e9al pour donner une touche artistique \u00e0 votre sapin de No\u00ebl.<\/p>\n","protected":false},"featured_media":6842,"template":"","meta":{"_acf_changed":false},"product_brand":[],"product_cat":[659],"product_tag":[646],"class_list":{"0":"post-26607","1":"product","2":"type-product","3":"status-publish","4":"has-post-thumbnail","6":"product_cat-boules-de-noel","7":"product_tag-noel","8":"pa_ciudad-barcelona","9":"pa_motivo-casa-batllo","10":"pa_pais-espana","12":"first","13":"instock","14":"shipping-taxable","15":"product-type-simple"},"acf":[],"_links":{"self":[{"href":"https:\/\/olemosaic.com\/fr\/wp-json\/wp\/v2\/product\/26607","targetHints":{"allow":["GET"]}}],"collection":[{"href":"https:\/\/olemosaic.com\/fr\/wp-json\/wp\/v2\/product"}],"about":[{"href":"https:\/\/olemosaic.com\/fr\/wp-json\/wp\/v2\/types\/product"}],"wp:featuredmedia":[{"embeddable":true,"href":"https:\/\/olemosaic.com\/fr\/wp-json\/wp\/v2\/media\/6842"}],"wp:attachment":[{"href":"https:\/\/olemosaic.com\/fr\/wp-json\/wp\/v2\/media?parent=26607"}],"wp:term":[{"taxonomy":"product_brand","embeddable":true,"href":"https:\/\/olemosaic.com\/fr\/wp-json\/wp\/v2\/product_brand?post=26607"},{"taxonomy":"product_cat","embeddable":true,"href":"https:\/\/olemosaic.com\/fr\/wp-json\/wp\/v2\/product_cat?post=26607"},{"taxonomy":"product_tag","embeddable":true,"href":"https:\/\/olemosaic.com\/fr\/wp-json\/wp\/v2\/product_tag?post=26607"}],"curies":[{"name":"wp","href":"https:\/\/api.w.org\/{rel}","templated":true}]}}