{"id":26606,"date":"2025-02-20T23:28:33","date_gmt":"2025-02-20T22:28:33","guid":{"rendered":"http:\/\/olemosaic.com\/producto\/bola-de-navidad-con-caja-panoramica-barcelona-multicolor-5\/"},"modified":"2025-07-25T20:02:07","modified_gmt":"2025-07-25T18:02:07","slug":"boule-de-noel-avec-boite-panoramique-barcelone-multicolore-5","status":"publish","type":"product","link":"https:\/\/olemosaic.com\/fr\/produit\/boule-de-noel-avec-boite-panoramique-barcelone-multicolore-5\/","title":{"rendered":"Boule de No\u00ebl avec bo\u00eete. Panoramique. Monument \u00e0 Colomb. Barcelone. Multicolore"},"content":{"rendered":"<p>Cette boule de No\u00ebl d\u00e9corative est un hommage vibrant \u00e0 la beaut\u00e9 de Barcelone, id\u00e9ale pour orner le sapin de No\u00ebl avec une touche culturelle et festive. Pr\u00e9sent\u00e9e dans une bo\u00eete \u00e9l\u00e9gante, cette pi\u00e8ce se distingue par sa charmante vue panoramique, o\u00f9 l&rsquo;ic\u00f4ne sculpturale de Colomb s&rsquo;\u00e9l\u00e8ve majestueusement au centre, entour\u00e9e de palmiers \u00e9voquant l&rsquo;ambiance m\u00e9diterran\u00e9enne de la ville. Avec un design inspir\u00e9 du c\u00e9l\u00e8bre style mosa\u00efque de Gaud\u00ed, les motifs color\u00e9s et frappants convergent sur un fond bleu vibrant, capturant l&rsquo;essence et la joie de la c\u00e9l\u00e9bration de No\u00ebl \u00e0 Barcelone.<\/p>\n<p>La boule, fabriqu\u00e9e avec des mat\u00e9riaux de haute qualit\u00e9, met en valeur des d\u00e9tails artistiques m\u00e9ticuleusement travaill\u00e9s qui refl\u00e8tent la riche tradition d\u00e9corative de la r\u00e9gion. Ce souvenir n&rsquo;est pas seulement un \u00e9l\u00e9ment d\u00e9coratif, mais devient un souvenir significatif qui transporte ceux qui le contemplent dans l&rsquo;atmosph\u00e8re magique des festivit\u00e9s de la capitale catalane.<\/p>\n<p>Chez Ol\u00e9 Mosaic, nous sommes distributeurs de souvenirs en gros, et cette boule de No\u00ebl est parfaite pour les boutiques de cadeaux touristiques cherchant \u00e0 proposer des produits authentiques et repr\u00e9sentatifs de Barcelone. Un cadeau id\u00e9al qui fusionne art et culture, cr\u00e9ant un lien \u00e9motionnel avec la ville et ses traditions.<\/p>\n","protected":false},"excerpt":{"rendered":"<p>Boule de No\u00ebl d\u00e9corative avec une vue panoramique vibrante de Barcelone, pr\u00e9sent\u00e9e dans une bo\u00eete \u00e9l\u00e9gante. Cet ornement multicolore montre la sculpture embl\u00e9matique de Colomb entour\u00e9e de palmiers, dans un design inspir\u00e9 du style mosa\u00efque, \u00e9voquant l&rsquo;\u0153uvre c\u00e9l\u00e8bre de Gaud\u00ed. Les couleurs \u00e9clatantes se fondent sur un fond bleu, capturant l&rsquo;essence festive de la ville. Parfaite pour ajouter une touche culturelle et festive \u00e0 votre sapin de No\u00ebl.<\/p>\n","protected":false},"featured_media":10392,"template":"","meta":{"_acf_changed":false},"product_brand":[],"product_cat":[659],"product_tag":[646],"class_list":{"0":"post-26606","1":"product","2":"type-product","3":"status-publish","4":"has-post-thumbnail","6":"product_cat-boules-de-noel","7":"product_tag-noel","8":"pa_ciudad-barcelona","9":"pa_motivo-panoramas","10":"pa_pais-espana","12":"first","13":"instock","14":"shipping-taxable","15":"product-type-simple"},"acf":[],"_links":{"self":[{"href":"https:\/\/olemosaic.com\/fr\/wp-json\/wp\/v2\/product\/26606","targetHints":{"allow":["GET"]}}],"collection":[{"href":"https:\/\/olemosaic.com\/fr\/wp-json\/wp\/v2\/product"}],"about":[{"href":"https:\/\/olemosaic.com\/fr\/wp-json\/wp\/v2\/types\/product"}],"wp:featuredmedia":[{"embeddable":true,"href":"https:\/\/olemosaic.com\/fr\/wp-json\/wp\/v2\/media\/10392"}],"wp:attachment":[{"href":"https:\/\/olemosaic.com\/fr\/wp-json\/wp\/v2\/media?parent=26606"}],"wp:term":[{"taxonomy":"product_brand","embeddable":true,"href":"https:\/\/olemosaic.com\/fr\/wp-json\/wp\/v2\/product_brand?post=26606"},{"taxonomy":"product_cat","embeddable":true,"href":"https:\/\/olemosaic.com\/fr\/wp-json\/wp\/v2\/product_cat?post=26606"},{"taxonomy":"product_tag","embeddable":true,"href":"https:\/\/olemosaic.com\/fr\/wp-json\/wp\/v2\/product_tag?post=26606"}],"curies":[{"name":"wp","href":"https:\/\/api.w.org\/{rel}","templated":true}]}}