{"id":26605,"date":"2025-02-20T22:28:33","date_gmt":"2025-02-20T22:28:33","guid":{"rendered":"http:\/\/olemosaic.com\/producto\/bola-de-navidad-con-caja-buhos\/"},"modified":"2025-07-25T18:49:10","modified_gmt":"2025-07-25T16:49:10","slug":"boule-de-noel-avec-boite-hiboux","status":"publish","type":"product","link":"https:\/\/olemosaic.com\/fr\/produit\/boule-de-noel-avec-boite-hiboux\/","title":{"rendered":"Boule de No\u00ebl avec bo\u00eete. Hiboux."},"content":{"rendered":"<p>Cette boule de No\u00ebl d\u00e9corative est un souvenir charmant qui capture l&rsquo;essence des f\u00eates avec une touche authentique de la culture espagnole. Pr\u00e9sent\u00e9e dans une bo\u00eete \u00e9l\u00e9gante, elle se distingue par son design inspir\u00e9 de la c\u00e9ramique de style mosa\u00efque, typiquement associ\u00e9e \u00e0 la riche tradition artisanale de l&rsquo;Espagne. Au centre, un hibou color\u00e9 ressort dans des tons jaunes, bleus, rouges et verts, symbolisant la joie et la sagesse, \u00e9l\u00e9ments cruciaux de la c\u00e9l\u00e9bration de No\u00ebl.<\/p>\n<p>Le fond de la boule pr\u00e9sente une mosa\u00efque \u00e9l\u00e9gante dans les tons blanc et gris qui cr\u00e9e un contraste attrayant, perfectionnant le design avec un air sophistiqu\u00e9. Ce d\u00e9tail non seulement rehausse l&rsquo;esth\u00e9tique du produit, mais le lie \u00e9galement aux \u0153uvres d&rsquo;art majestueuses qui ornent de nombreuses villes espagnoles. La boule comprend un ruban violet qui facilite sa mise en place sur le sapin de No\u00ebl, en faisant un ornement parfait pour toute c\u00e9l\u00e9bration.<\/p>\n<p>En tant que souvenir d&rsquo;Espagne, cette boule de No\u00ebl n&rsquo;est pas seulement un \u00e9l\u00e9ment d\u00e9coratif, mais une repr\u00e9sentation de la culture et des traditions locales. Chez Ol\u00e9 Mosaic, nous sommes distributeurs d&rsquo;articles authentiques et de qualit\u00e9, et cette boule est un choix id\u00e9al pour les boutiques de cadeaux touristiques recherchant des produits refl\u00e9tant la richesse du patrimoine espagnol. Apportez de la magie \u00e0 No\u00ebl avec ce souvenir exquis, parfait pour ceux qui souhaitent emporter un petit morceau d&rsquo;Espagne chez eux.<\/p>\n","protected":false},"excerpt":{"rendered":"<p>Boule de No\u00ebl d\u00e9corative pr\u00e9sent\u00e9e dans une bo\u00eete \u00e9l\u00e9gante, inspir\u00e9e de la c\u00e9ramique de style mosa\u00efque typique de l&rsquo;Espagne. Cette boule montre un hibou color\u00e9 avec des d\u00e9tails artistiques dans les tons jaunes, bleus, rouges et verts, symbolisant la joie des f\u00eates. Le fond de la boule imite une mosa\u00efque dans les tons blancs et gris, offrant un contraste attrayant. Comprend un ruban violet pour la suspendre, parfait pour ajouter une touche festive \u00e0 n&rsquo;importe quel sapin de No\u00ebl.<\/p>\n","protected":false},"featured_media":9744,"template":"","meta":{"_acf_changed":false},"product_brand":[],"product_cat":[659],"product_tag":[530,646],"class_list":{"0":"post-26605","1":"product","2":"type-product","3":"status-publish","4":"has-post-thumbnail","6":"product_cat-boules-de-noel","7":"product_tag-animaux","8":"product_tag-noel","9":"pa_motivo-hiboux","11":"first","12":"instock","13":"shipping-taxable","14":"product-type-simple"},"acf":[],"_links":{"self":[{"href":"https:\/\/olemosaic.com\/fr\/wp-json\/wp\/v2\/product\/26605","targetHints":{"allow":["GET"]}}],"collection":[{"href":"https:\/\/olemosaic.com\/fr\/wp-json\/wp\/v2\/product"}],"about":[{"href":"https:\/\/olemosaic.com\/fr\/wp-json\/wp\/v2\/types\/product"}],"wp:featuredmedia":[{"embeddable":true,"href":"https:\/\/olemosaic.com\/fr\/wp-json\/wp\/v2\/media\/9744"}],"wp:attachment":[{"href":"https:\/\/olemosaic.com\/fr\/wp-json\/wp\/v2\/media?parent=26605"}],"wp:term":[{"taxonomy":"product_brand","embeddable":true,"href":"https:\/\/olemosaic.com\/fr\/wp-json\/wp\/v2\/product_brand?post=26605"},{"taxonomy":"product_cat","embeddable":true,"href":"https:\/\/olemosaic.com\/fr\/wp-json\/wp\/v2\/product_cat?post=26605"},{"taxonomy":"product_tag","embeddable":true,"href":"https:\/\/olemosaic.com\/fr\/wp-json\/wp\/v2\/product_tag?post=26605"}],"curies":[{"name":"wp","href":"https:\/\/api.w.org\/{rel}","templated":true}]}}