{"id":26587,"date":"2025-02-20T22:28:32","date_gmt":"2025-02-20T22:28:32","guid":{"rendered":"http:\/\/olemosaic.com\/producto\/bola-de-navidad-con-caja-buhos-gran-canaria\/"},"modified":"2025-07-25T18:34:42","modified_gmt":"2025-07-25T16:34:42","slug":"boule-de-noel-avec-boite-hiboux-grande-canarie","status":"publish","type":"product","link":"https:\/\/olemosaic.com\/fr\/produit\/boule-de-noel-avec-boite-hiboux-grande-canarie\/","title":{"rendered":"Boule de No\u00ebl avec bo\u00eete. Hiboux. Grande Canarie."},"content":{"rendered":"<p>Cette boule de No\u00ebl d\u00e9corative est un charmant souvenir qui capture l&rsquo;essence de la Grande Canarie, id\u00e9al pour ceux qui recherchent une touche authentique dans leurs d\u00e9corations de No\u00ebl. Fabriqu\u00e9e en c\u00e9ramique de haute qualit\u00e9, la boule pr\u00e9sente un design vibrant d&rsquo;un hibou, une figure embl\u00e9matique de la culture canarienne repr\u00e9sentant la sagesse et la protection. Ce hibou color\u00e9, orn\u00e9 de mosa\u00efques dans des tons jaune, vert et rouge, est perch\u00e9 sur une branche, montrant les motifs artistiques caract\u00e9ristiques de la r\u00e9gion. La base blanche simule le trencad\u00eds, une technique de mosa\u00efque traditionnelle qui rehausse les couleurs vives, apportant un air festif et culturel.<\/p>\n<p>La boule comprend un d\u00e9licat n\u0153ud violet qui facilite sa suspension, tandis que le texte \u00ab Gran Canaria \u00bb en lettres noires ressort, ajoutant une touche distinctive \u00e0 cette pi\u00e8ce. Pr\u00e9sent\u00e9e dans une \u00e9l\u00e9gante bo\u00eete, c&rsquo;est un cadeau id\u00e9al pour les amoureux de la culture et des traditions espagnoles, ainsi qu&rsquo;un excellent souvenir des f\u00eates. Chez Ol\u00e9 Mosaic, nous sommes sp\u00e9cialis\u00e9s dans la distribution de souvenirs authentiques en gros, et cette boule de No\u00ebl est une repr\u00e9sentation parfaite des souvenirs de la Grande Canarie qui enchanteront les touristes. Un choix exceptionnel pour les boutiques de cadeaux cherchant \u00e0 offrir des produits de qualit\u00e9 et \u00e0 valeur culturelle.<\/p>\n","protected":false},"excerpt":{"rendered":"<p>Boule de No\u00ebl d\u00e9corative, pr\u00e9sent\u00e9e dans une \u00e9l\u00e9gante bo\u00eete, inspir\u00e9e de la culture de la Grande Canarie. Fabriqu\u00e9e en c\u00e9ramique, cette boule montre un hibou color\u00e9 avec un design en mosa\u00efque, caract\u00e9ristique de l&rsquo;art canarien. La base blanche simule le trencad\u00eds, rehaussant les couleurs vives du hibou, perch\u00e9 sur une branche. Comprend un n\u0153ud violet pour la suspendre, et met en avant l&rsquo;inscription \u00ab Gran Canaria \u00bb en lettres noires, apportant une touche festive et culturelle.<\/p>\n","protected":false},"featured_media":13792,"template":"","meta":{"_acf_changed":false},"product_brand":[],"product_cat":[659],"product_tag":[530,646],"class_list":{"0":"post-26587","1":"product","2":"type-product","3":"status-publish","4":"has-post-thumbnail","6":"product_cat-boules-de-noel","7":"product_tag-animaux","8":"product_tag-noel","9":"pa_ciudad-gran-canaria","10":"pa_motivo-hiboux","11":"pa_pais-espana","13":"first","14":"instock","15":"shipping-taxable","16":"product-type-simple"},"acf":[],"_links":{"self":[{"href":"https:\/\/olemosaic.com\/fr\/wp-json\/wp\/v2\/product\/26587","targetHints":{"allow":["GET"]}}],"collection":[{"href":"https:\/\/olemosaic.com\/fr\/wp-json\/wp\/v2\/product"}],"about":[{"href":"https:\/\/olemosaic.com\/fr\/wp-json\/wp\/v2\/types\/product"}],"wp:featuredmedia":[{"embeddable":true,"href":"https:\/\/olemosaic.com\/fr\/wp-json\/wp\/v2\/media\/13792"}],"wp:attachment":[{"href":"https:\/\/olemosaic.com\/fr\/wp-json\/wp\/v2\/media?parent=26587"}],"wp:term":[{"taxonomy":"product_brand","embeddable":true,"href":"https:\/\/olemosaic.com\/fr\/wp-json\/wp\/v2\/product_brand?post=26587"},{"taxonomy":"product_cat","embeddable":true,"href":"https:\/\/olemosaic.com\/fr\/wp-json\/wp\/v2\/product_cat?post=26587"},{"taxonomy":"product_tag","embeddable":true,"href":"https:\/\/olemosaic.com\/fr\/wp-json\/wp\/v2\/product_tag?post=26587"}],"curies":[{"name":"wp","href":"https:\/\/api.w.org\/{rel}","templated":true}]}}