{"id":26586,"date":"2025-02-20T22:28:32","date_gmt":"2025-02-20T22:28:32","guid":{"rendered":"http:\/\/olemosaic.com\/producto\/bola-de-navidad-con-caja-meninas-madrid\/"},"modified":"2025-07-25T19:31:21","modified_gmt":"2025-07-25T17:31:21","slug":"boule-de-noel-avec-boite-menines-madrid","status":"publish","type":"product","link":"https:\/\/olemosaic.com\/fr\/produit\/boule-de-noel-avec-boite-menines-madrid\/","title":{"rendered":"Boule de No\u00ebl avec bo\u00eete. M\u00e9nines. Madrid."},"content":{"rendered":"<p>Cette boule de No\u00ebl d\u00e9corative est un souvenir charmant inspir\u00e9 des embl\u00e9matiques M\u00e9nines de Vel\u00e1zquez, repr\u00e9sentant l&rsquo;essence culturelle de Madrid. Fabriqu\u00e9e en c\u00e9ramique de haute qualit\u00e9, son design moderne et vibrant attire l&rsquo;attention gr\u00e2ce \u00e0 une palette de couleurs vives et des d\u00e9tails artistiques sous forme de mosa\u00efque. Sur la face avant, les deux figures traditionnelles sont expos\u00e9es avec beaucoup de style, combinant l&rsquo;h\u00e9ritage artistique espagnol avec une touche contemporaine, ce qui en fait un ornement festif id\u00e9al pour n&rsquo;importe quel sapin de No\u00ebl.<\/p>\n<p>La boule comprend un ruban rouge \u00e9l\u00e9gant qui facilite sa mise en place et ajoute une touche de joie aux d\u00e9corations de No\u00ebl. Ce souvenir ne c\u00e9l\u00e8bre pas seulement les traditions de No\u00ebl, mais rend \u00e9galement hommage au c\u00e9l\u00e8bre tableau de Vel\u00e1zquez, faisant de cette pi\u00e8ce un souvenir authentique et repr\u00e9sentatif de la capitale espagnole.<\/p>\n<p>Chez Ol\u00e9 Mosaic, nous sommes sp\u00e9cialis\u00e9s dans la distribution de souvenirs en gros, et cette boule de No\u00ebl est une s\u00e9lection parfaite pour les boutiques de cadeaux touristiques \u00e0 la recherche de produits uniques et significatifs. Un souvenir de Madrid qui non seulement embellit la maison pendant les festivit\u00e9s, mais permet \u00e9galement aux touristes de ramener une partie de la riche culture et de l&rsquo;art espagnol. En tant que grossistes de d\u00e9corations de No\u00ebl, nous garantissons qualit\u00e9 et originalit\u00e9 dans chaque produit.<\/p>\n","protected":false},"excerpt":{"rendered":"<p>Boule de No\u00ebl d\u00e9corative avec bo\u00eete, inspir\u00e9e des M\u00e9nines de Vel\u00e1zquez, un symbole de Madrid. Cette boule en c\u00e9ramique pr\u00e9sente un design color\u00e9 repr\u00e9sentant les figures embl\u00e9matiques dans un style moderne et vibrant, avec des couleurs vives et des d\u00e9tails en mosa\u00efque. Comprend un ruban rouge pour la suspendre, parfait pour ajouter une touche festive \u00e0 n&rsquo;importe quel sapin de No\u00ebl.<\/p>\n","protected":false},"featured_media":9855,"template":"","meta":{"_acf_changed":false},"product_brand":[],"product_cat":[659],"product_tag":[646],"class_list":{"0":"post-26586","1":"product","2":"type-product","3":"status-publish","4":"has-post-thumbnail","6":"product_cat-boules-de-noel","7":"product_tag-noel","8":"pa_ciudad-madrid","9":"pa_motivo-menines","10":"pa_pais-espana","12":"first","13":"instock","14":"shipping-taxable","15":"product-type-simple"},"acf":[],"_links":{"self":[{"href":"https:\/\/olemosaic.com\/fr\/wp-json\/wp\/v2\/product\/26586","targetHints":{"allow":["GET"]}}],"collection":[{"href":"https:\/\/olemosaic.com\/fr\/wp-json\/wp\/v2\/product"}],"about":[{"href":"https:\/\/olemosaic.com\/fr\/wp-json\/wp\/v2\/types\/product"}],"wp:featuredmedia":[{"embeddable":true,"href":"https:\/\/olemosaic.com\/fr\/wp-json\/wp\/v2\/media\/9855"}],"wp:attachment":[{"href":"https:\/\/olemosaic.com\/fr\/wp-json\/wp\/v2\/media?parent=26586"}],"wp:term":[{"taxonomy":"product_brand","embeddable":true,"href":"https:\/\/olemosaic.com\/fr\/wp-json\/wp\/v2\/product_brand?post=26586"},{"taxonomy":"product_cat","embeddable":true,"href":"https:\/\/olemosaic.com\/fr\/wp-json\/wp\/v2\/product_cat?post=26586"},{"taxonomy":"product_tag","embeddable":true,"href":"https:\/\/olemosaic.com\/fr\/wp-json\/wp\/v2\/product_tag?post=26586"}],"curies":[{"name":"wp","href":"https:\/\/api.w.org\/{rel}","templated":true}]}}