{"id":26583,"date":"2025-02-20T22:28:32","date_gmt":"2025-02-20T22:28:32","guid":{"rendered":"http:\/\/olemosaic.com\/producto\/bola-de-navidad-con-caja-flores-barcelona\/"},"modified":"2025-07-25T18:52:18","modified_gmt":"2025-07-25T16:52:18","slug":"boule-de-noel-avec-boite-fleurs-barcelone","status":"publish","type":"product","link":"https:\/\/olemosaic.com\/fr\/produit\/boule-de-noel-avec-boite-fleurs-barcelone\/","title":{"rendered":"Boule de No\u00ebl avec bo\u00eete. Fleurs. Barcelone."},"content":{"rendered":"<p>Cette boule de No\u00ebl d\u00e9corative est un charmant souvenir de Barcelone qui capture l&rsquo;essence vibrante de la ville. Pr\u00e9sent\u00e9e dans une \u00e9l\u00e9gante bo\u00eete, cette pi\u00e8ce se distingue par son design artistique affichant une mosa\u00efque florale exub\u00e9rante dans des tons bleus, jaunes, rouges et roses. Au centre, le nom \u00ab\u00a0Barcelone\u00a0\u00bb ressort avec un design graphique attrayant, apportant une touche moderne et festive \u00e0 l&rsquo;ornementation. Avec sa forme ronde et sa finition brillante, cette boule est non seulement parfaite pour d\u00e9corer votre maison pendant les f\u00eates, mais elle symbolise \u00e9galement la riche culture et l&rsquo;art de la cit\u00e9 comtale.<\/p>\n<p>L&rsquo;ornementation de cette boule de No\u00ebl \u00e9voque le c\u00e9l\u00e8bre style de l&rsquo;architecte Antoni Gaud\u00ed, connu pour ses mosa\u00efques color\u00e9es et ses formes organiques, qui font partie int\u00e9grante du paysage architectural de Barcelone. Ce souvenir ne d\u00e9core pas seulement votre sapin de No\u00ebl, il raconte aussi une histoire, reliant les touristes \u00e0 l&rsquo;h\u00e9ritage culturel de cette m\u00e9tropole.<\/p>\n<p>Chez Ol\u00e9 Mosaic, nous sommes sp\u00e9cialis\u00e9s dans la distribution de souvenirs en gros, et cette boule de No\u00ebl est une excellente option pour les boutiques de cadeaux touristiques \u00e0 la recherche de produits authentiques et repr\u00e9sentatifs de l&rsquo;Espagne. Avec sa singularit\u00e9 et son attrait, ce souvenir de No\u00ebl de Barcelone est un choix id\u00e9al pour ceux qui souhaitent ramener un morceau de la culture catalane chez eux.<\/p>\n","protected":false},"excerpt":{"rendered":"<p>Boule de No\u00ebl d\u00e9corative pr\u00e9sent\u00e9e dans une \u00e9l\u00e9gante bo\u00eete, inspir\u00e9e du style vibrant de Barcelone. Cette pi\u00e8ce, au design artistique, pr\u00e9sente une mosa\u00efque florale exub\u00e9rante dans des tons bleus, jaunes, rouges et roses, avec le nom \u00ab\u00a0Barcelone\u00a0\u00bb mis en avant dans un design graphique attrayant. Parfaite pour d\u00e9corer votre maison pendant les f\u00eates, elle allie modernit\u00e9 et tradition, \u00e9voquant la riche culture et l&rsquo;art de la cit\u00e9 comtale.<\/p>\n","protected":false},"featured_media":9765,"template":"","meta":{"_acf_changed":false},"product_brand":[],"product_cat":[659],"product_tag":[646],"class_list":{"0":"post-26583","1":"product","2":"type-product","3":"status-publish","4":"has-post-thumbnail","6":"product_cat-boules-de-noel","7":"product_tag-noel","8":"pa_ciudad-barcelona","9":"pa_motivo-fleurs","10":"pa_pais-espana","12":"first","13":"instock","14":"shipping-taxable","15":"product-type-simple"},"acf":[],"_links":{"self":[{"href":"https:\/\/olemosaic.com\/fr\/wp-json\/wp\/v2\/product\/26583","targetHints":{"allow":["GET"]}}],"collection":[{"href":"https:\/\/olemosaic.com\/fr\/wp-json\/wp\/v2\/product"}],"about":[{"href":"https:\/\/olemosaic.com\/fr\/wp-json\/wp\/v2\/types\/product"}],"wp:featuredmedia":[{"embeddable":true,"href":"https:\/\/olemosaic.com\/fr\/wp-json\/wp\/v2\/media\/9765"}],"wp:attachment":[{"href":"https:\/\/olemosaic.com\/fr\/wp-json\/wp\/v2\/media?parent=26583"}],"wp:term":[{"taxonomy":"product_brand","embeddable":true,"href":"https:\/\/olemosaic.com\/fr\/wp-json\/wp\/v2\/product_brand?post=26583"},{"taxonomy":"product_cat","embeddable":true,"href":"https:\/\/olemosaic.com\/fr\/wp-json\/wp\/v2\/product_cat?post=26583"},{"taxonomy":"product_tag","embeddable":true,"href":"https:\/\/olemosaic.com\/fr\/wp-json\/wp\/v2\/product_tag?post=26583"}],"curies":[{"name":"wp","href":"https:\/\/api.w.org\/{rel}","templated":true}]}}