{"id":26581,"date":"2025-02-20T22:28:32","date_gmt":"2025-02-20T22:28:32","guid":{"rendered":"http:\/\/olemosaic.com\/producto\/bola-de-navidad-con-caja-salamandra-y-flores-barcelona\/"},"modified":"2025-07-25T19:52:18","modified_gmt":"2025-07-25T17:52:18","slug":"boule-de-noel-avec-boite-salamandre-et-fleurs-barcelone","status":"publish","type":"product","link":"https:\/\/olemosaic.com\/fr\/produit\/boule-de-noel-avec-boite-salamandre-et-fleurs-barcelone\/","title":{"rendered":"Boule de No\u00ebl avec bo\u00eete. Salamandre et fleurs. Barcelone."},"content":{"rendered":"<p>Cette boule de No\u00ebl d\u00e9corative est un hommage charmant \u00e0 l&rsquo;architecture vibrante de Barcelone, id\u00e9ale pour ceux qui souhaitent emporter un petit morceau de la cit\u00e9 comtale chez eux pendant les f\u00eates. Pr\u00e9sent\u00e9e dans une bo\u00eete \u00e9l\u00e9gante, cette boule en c\u00e9ramique color\u00e9e se distingue par son impressionnante d\u00e9coration de la c\u00e9l\u00e8bre salamandre, symbole embl\u00e9matique de l&rsquo;\u0153uvre d&rsquo;Antoni Gaud\u00ed, entour\u00e9e de fleurs vibrantes qui ajoutent une touche festive et joyeuse. Le design comprend un fond de trencad\u00eds, la mosa\u00efque catalane caract\u00e9ristique qui, avec ses tons vifs et vari\u00e9s, \u00e9voque l&rsquo;essence artistique de la ville. Chaque d\u00e9tail de la boule a \u00e9t\u00e9 soigneusement \u00e9labor\u00e9, combinant le riche h\u00e9ritage culturel de Barcelone avec la chaleur et la joie de la saison de No\u00ebl.<\/p>\n<p>Ce souvenir n&rsquo;est pas seulement un ornement pour le sapin de No\u00ebl, mais repr\u00e9sente \u00e9galement une connexion culturelle profonde, id\u00e9ale pour les touristes \u00e0 la recherche d&rsquo;un souvenir authentique et significatif de leur visite \u00e0 Barcelone. Chez Ol\u00e9 Mosaic, sp\u00e9cialistes de la distribution de souvenirs en gros, nous proposons cette boule de No\u00ebl comme une option exceptionnelle pour les boutiques de cadeaux touristiques, garantissant authenticit\u00e9 et qualit\u00e9 dans chaque pi\u00e8ce. Avec son attrait visuel et son lien culturel fort, cette boule de No\u00ebl devient un cadeau parfait pour ceux qui souhaitent c\u00e9l\u00e9brer No\u00ebl avec une touche d&rsquo;art et de culture de Barcelone, se distinguant comme un article essentiel parmi les souvenirs en c\u00e9ramique.<\/p>\n","protected":false},"excerpt":{"rendered":"<p>Boule de No\u00ebl d\u00e9corative pr\u00e9sent\u00e9e dans une bo\u00eete \u00e9l\u00e9gante, inspir\u00e9e par l&rsquo;architecture de Barcelone. Cette boule en c\u00e9ramique color\u00e9e est orn\u00e9e de la c\u00e9l\u00e8bre salamandre, symbole de l&rsquo;\u0153uvre de Gaud\u00ed, et entour\u00e9e de fleurs vibrantes. Son design comprend un fond de trencad\u00eds, une mosa\u00efque catalane distinctive, qui ressort avec des tons joyeux et festifs. Id\u00e9ale pour ajouter une touche artistique et culturelle \u00e0 votre sapin de No\u00ebl.<\/p>\n","protected":false},"featured_media":9770,"template":"","meta":{"_acf_changed":false},"product_brand":[],"product_cat":[659],"product_tag":[530,646],"class_list":{"0":"post-26581","1":"product","2":"type-product","3":"status-publish","4":"has-post-thumbnail","6":"product_cat-boules-de-noel","7":"product_tag-animaux","8":"product_tag-noel","9":"pa_ciudad-barcelona","10":"pa_motivo-salamandres","11":"pa_pais-espana","13":"first","14":"instock","15":"shipping-taxable","16":"product-type-simple"},"acf":[],"_links":{"self":[{"href":"https:\/\/olemosaic.com\/fr\/wp-json\/wp\/v2\/product\/26581","targetHints":{"allow":["GET"]}}],"collection":[{"href":"https:\/\/olemosaic.com\/fr\/wp-json\/wp\/v2\/product"}],"about":[{"href":"https:\/\/olemosaic.com\/fr\/wp-json\/wp\/v2\/types\/product"}],"wp:featuredmedia":[{"embeddable":true,"href":"https:\/\/olemosaic.com\/fr\/wp-json\/wp\/v2\/media\/9770"}],"wp:attachment":[{"href":"https:\/\/olemosaic.com\/fr\/wp-json\/wp\/v2\/media?parent=26581"}],"wp:term":[{"taxonomy":"product_brand","embeddable":true,"href":"https:\/\/olemosaic.com\/fr\/wp-json\/wp\/v2\/product_brand?post=26581"},{"taxonomy":"product_cat","embeddable":true,"href":"https:\/\/olemosaic.com\/fr\/wp-json\/wp\/v2\/product_cat?post=26581"},{"taxonomy":"product_tag","embeddable":true,"href":"https:\/\/olemosaic.com\/fr\/wp-json\/wp\/v2\/product_tag?post=26581"}],"curies":[{"name":"wp","href":"https:\/\/api.w.org\/{rel}","templated":true}]}}