{"id":26579,"date":"2025-02-20T22:28:31","date_gmt":"2025-02-20T22:28:31","guid":{"rendered":"http:\/\/olemosaic.com\/producto\/bola-de-navidad-con-caja-punt-de-trobada\/"},"modified":"2025-07-25T18:54:32","modified_gmt":"2025-07-25T16:54:32","slug":"boule-de-noel-avec-boite-punt-de-trobada","status":"publish","type":"product","link":"https:\/\/olemosaic.com\/fr\/produit\/boule-de-noel-avec-boite-punt-de-trobada\/","title":{"rendered":"Boule de No\u00ebl avec bo\u00eete. Punt de trobada."},"content":{"rendered":"<p>Cette boule de No\u00ebl d\u00e9corative est un souvenir \u00e9l\u00e9gant et authentique de Barcelone, inspir\u00e9e par le c\u00e9l\u00e8bre \u00ab\u00a0Punt de trobada\u00a0\u00bb, une \u0153uvre embl\u00e9matique qui capture l&rsquo;essence du modernisme catalan. Fabriqu\u00e9e en c\u00e9ramique de haute qualit\u00e9, elle pr\u00e9sente une mosa\u00efque vibrante aux couleurs bleu, rouge et jaune, compl\u00e9t\u00e9e par des motifs abstraits \u00e9voquant les \u0153uvres architecturales d&rsquo;Antoni Gaud\u00ed. Le fond blanc souligne la complexit\u00e9 du design, cr\u00e9ant un effet visuel frappant qui non seulement embellit le sapin de No\u00ebl, mais ajoute \u00e9galement une touche culturelle distinctive \u00e0 toute d\u00e9coration festive.<\/p>\n<p>La boule, pr\u00e9sent\u00e9e dans une bo\u00eete \u00e9l\u00e9gante, est parfaite pour offrir ou pour profiter chez soi, \u00e9tant un souvenir charmant de la vie et de la culture de Barcelone. Son design ing\u00e9nieux et sophistiqu\u00e9 en fait un excellent souvenir pour les touristes, qui peuvent emporter un morceau de la ville parmi leurs d\u00e9corations de No\u00ebl. Ce souvenir n&rsquo;est pas seulement un ajout festif, mais aussi une c\u00e9l\u00e9bration de l&rsquo;art et de l&rsquo;histoire locaux, refl\u00e9tant le riche h\u00e9ritage culturel de la r\u00e9gion.<\/p>\n<p>Chez Ol\u00e9 Mosaic, nous sommes distributeurs de souvenirs en gros, proposant des pi\u00e8ces authentiques qui mettent en valeur la beaut\u00e9 de lieux embl\u00e9matiques. Cette boule de No\u00ebl est un choix id\u00e9al pour les boutiques de cadeaux touristiques \u00e0 la recherche de produits uniques qui connectent avec les visiteurs.<\/p>\n","protected":false},"excerpt":{"rendered":"<p>Boule de No\u00ebl d\u00e9corative pr\u00e9sent\u00e9e dans une bo\u00eete \u00e9l\u00e9gante, inspir\u00e9e par le c\u00e9l\u00e8bre design du \u00ab\u00a0Punt de Trobada\u00a0\u00bb de Barcelone. Fabriqu\u00e9e en c\u00e9ramique, la boule affiche une mosa\u00efque vibrante aux couleurs bleu, rouge et jaune, avec des motifs abstraits sur fond blanc. Les d\u00e9tails graphiques \u00e9voquent le style architectural de Gaud\u00ed, ce qui en fait une pi\u00e8ce unique et festive qui ajoute une touche culturelle \u00e0 vos d\u00e9corations de No\u00ebl.<\/p>\n","protected":false},"featured_media":9749,"template":"","meta":{"_acf_changed":false},"product_brand":[],"product_cat":[659],"product_tag":[646],"class_list":{"0":"post-26579","1":"product","2":"type-product","3":"status-publish","4":"has-post-thumbnail","6":"product_cat-boules-de-noel","7":"product_tag-noel","8":"pa_motivo-punt-de-trobada","10":"first","11":"instock","12":"shipping-taxable","13":"product-type-simple"},"acf":[],"_links":{"self":[{"href":"https:\/\/olemosaic.com\/fr\/wp-json\/wp\/v2\/product\/26579","targetHints":{"allow":["GET"]}}],"collection":[{"href":"https:\/\/olemosaic.com\/fr\/wp-json\/wp\/v2\/product"}],"about":[{"href":"https:\/\/olemosaic.com\/fr\/wp-json\/wp\/v2\/types\/product"}],"wp:featuredmedia":[{"embeddable":true,"href":"https:\/\/olemosaic.com\/fr\/wp-json\/wp\/v2\/media\/9749"}],"wp:attachment":[{"href":"https:\/\/olemosaic.com\/fr\/wp-json\/wp\/v2\/media?parent=26579"}],"wp:term":[{"taxonomy":"product_brand","embeddable":true,"href":"https:\/\/olemosaic.com\/fr\/wp-json\/wp\/v2\/product_brand?post=26579"},{"taxonomy":"product_cat","embeddable":true,"href":"https:\/\/olemosaic.com\/fr\/wp-json\/wp\/v2\/product_cat?post=26579"},{"taxonomy":"product_tag","embeddable":true,"href":"https:\/\/olemosaic.com\/fr\/wp-json\/wp\/v2\/product_tag?post=26579"}],"curies":[{"name":"wp","href":"https:\/\/api.w.org\/{rel}","templated":true}]}}