{"id":26578,"date":"2025-02-20T22:28:31","date_gmt":"2025-02-20T22:28:31","guid":{"rendered":"http:\/\/olemosaic.com\/producto\/bola-de-navidad-con-caja-punt-de-trobada-barcelona-2\/"},"modified":"2025-07-25T19:04:52","modified_gmt":"2025-07-25T17:04:52","slug":"boule-de-noel-avec-boite-punt-de-trobada-barcelone-2","status":"publish","type":"product","link":"https:\/\/olemosaic.com\/fr\/produit\/boule-de-noel-avec-boite-punt-de-trobada-barcelone-2\/","title":{"rendered":"Boule de No\u00ebl avec bo\u00eete. Punt de trobada. Barcelone."},"content":{"rendered":"<p>Cette boule de No\u00ebl d\u00e9corative est un magnifique hommage \u00e0 la ville de Barcelone, parfaite pour orner votre sapin pendant les f\u00eates. Inspir\u00e9e par l&rsquo;\u0153uvre embl\u00e9matique d&rsquo;Antoni Gaud\u00ed, elle pr\u00e9sente un design de mosa\u00efque vibrant qui \u00e9voque le c\u00e9l\u00e8bre style architectural de la ville. Avec des couleurs \u00e9clatantes comme le rouge, le bleu et le jaune sur un fond blanc, cette sph\u00e8re capture l&rsquo;essence du modernisme catalan. Sur la surface de la boule, on peut lire le mot \u00ab\u00a0Barcelone\u00a0\u00bb, ajoutant une touche personnelle et m\u00e9morable \u00e0 cet \u00e9l\u00e9gant souvenir.<\/p>\n<p>La boule est \u00e9quip\u00e9e d&rsquo;un ruban rouge qui facilite son installation sur le sapin, en faisant non seulement un ornement, mais aussi un symbole de la joie de No\u00ebl. Pr\u00e9sent\u00e9e dans une bo\u00eete \u00e9l\u00e9gante, pr\u00eate \u00e0 offrir, c&rsquo;est un cadeau id\u00e9al pour ceux qui souhaitent partager un morceau de la culture catalane avec leurs proches.<\/p>\n<p>Faisant partie de notre collection de souvenirs Ol\u00e9 Mosaic, cette boule de No\u00ebl est un reflet authentique du patrimoine culturel de Barcelone, devenant un choix parfait pour les touristes et les amoureux de la ville. Cet article est un excellent choix pour les boutiques de cadeaux touristiques cherchant \u00e0 proposer des produits uniques et repr\u00e9sentatifs de la richesse culturelle espagnole. Avec nos produits en gros, nous garantissons qualit\u00e9 et authenticit\u00e9 dans chaque souvenir.<\/p>\n","protected":false},"excerpt":{"rendered":"<p>Boule de No\u00ebl d\u00e9corative en forme de sph\u00e8re, id\u00e9ale pour embellir votre sapin pendant ces f\u00eates. Inspir\u00e9e par l&rsquo;\u0153uvre de Gaud\u00ed, elle pr\u00e9sente un design de mosa\u00efque \u00e9voquant le c\u00e9l\u00e8bre style de Barcelone, avec des couleurs vibrantes comme le rouge, le bleu et le jaune sur un fond blanc. La boule comprend un charmant ruban rouge, et le mot \u00ab\u00a0Barcelone\u00a0\u00bb est visible sur sa surface, ce qui en fait un souvenir parfait de la ville. Elle est pr\u00e9sent\u00e9e dans une bo\u00eete \u00e9l\u00e9gante, pr\u00eate \u00e0 offrir.<\/p>\n","protected":false},"featured_media":9763,"template":"","meta":{"_acf_changed":false},"product_brand":[],"product_cat":[659],"product_tag":[646],"class_list":{"0":"post-26578","1":"product","2":"type-product","3":"status-publish","4":"has-post-thumbnail","6":"product_cat-boules-de-noel","7":"product_tag-noel","8":"pa_ciudad-barcelona","9":"pa_motivo-punt-de-trobada","10":"pa_pais-espana","12":"first","13":"instock","14":"shipping-taxable","15":"product-type-simple"},"acf":[],"_links":{"self":[{"href":"https:\/\/olemosaic.com\/fr\/wp-json\/wp\/v2\/product\/26578","targetHints":{"allow":["GET"]}}],"collection":[{"href":"https:\/\/olemosaic.com\/fr\/wp-json\/wp\/v2\/product"}],"about":[{"href":"https:\/\/olemosaic.com\/fr\/wp-json\/wp\/v2\/types\/product"}],"wp:featuredmedia":[{"embeddable":true,"href":"https:\/\/olemosaic.com\/fr\/wp-json\/wp\/v2\/media\/9763"}],"wp:attachment":[{"href":"https:\/\/olemosaic.com\/fr\/wp-json\/wp\/v2\/media?parent=26578"}],"wp:term":[{"taxonomy":"product_brand","embeddable":true,"href":"https:\/\/olemosaic.com\/fr\/wp-json\/wp\/v2\/product_brand?post=26578"},{"taxonomy":"product_cat","embeddable":true,"href":"https:\/\/olemosaic.com\/fr\/wp-json\/wp\/v2\/product_cat?post=26578"},{"taxonomy":"product_tag","embeddable":true,"href":"https:\/\/olemosaic.com\/fr\/wp-json\/wp\/v2\/product_tag?post=26578"}],"curies":[{"name":"wp","href":"https:\/\/api.w.org\/{rel}","templated":true}]}}