{"id":26576,"date":"2025-02-20T22:28:31","date_gmt":"2025-02-20T22:28:31","guid":{"rendered":"http:\/\/olemosaic.com\/producto\/bola-de-navidad-con-caja-buhos-tenerife\/"},"modified":"2025-07-25T18:34:51","modified_gmt":"2025-07-25T16:34:51","slug":"boule-de-noel-avec-boite-hiboux-tenerife","status":"publish","type":"product","link":"https:\/\/olemosaic.com\/fr\/produit\/boule-de-noel-avec-boite-hiboux-tenerife\/","title":{"rendered":"Boule de No\u00ebl avec bo\u00eete. Hiboux. Tenerife."},"content":{"rendered":"<p>Cette boule de No\u00ebl d\u00e9corative est le souvenir parfait pour ramener un petit morceau de Tenerife chez soi. Pr\u00e9sent\u00e9e dans une bo\u00eete \u00e9l\u00e9gante, cette pi\u00e8ce artisanale se distingue par son charmant design de hibou color\u00e9, \u00e9labor\u00e9 avec une finition en mosa\u00efque qui met en valeur des tons vibrants de jaune, rouge et bleu. Le fond de la boule est orn\u00e9 d&rsquo;un d\u00e9tail de carreaux gris, un hommage \u00e0 la riche tradition artistique canarienne qui se refl\u00e8te dans son patrimoine. De plus, un ruban rouge ajoute une touche festive, en faisant un ornement id\u00e9al pour \u00e9gayer le sapin de No\u00ebl.<\/p>\n<p>La figure du hibou, avec ses grands yeux expressifs, symbolise la sagesse et la connexion avec la nature, un \u00e9l\u00e9ment tr\u00e8s pr\u00e9sent dans la culture de Tenerife. Cet ornement n&rsquo;est pas seulement un bel \u00e9l\u00e9ment d\u00e9coratif, mais aussi un souvenir authentique des \u00eeles Canaries, parfait pour les touristes \u00e0 la recherche d&rsquo;un souvenir repr\u00e9sentatif de leur visite. Chez Ol\u00e9 Mosaic, en tant que grossiste de souvenirs, nous proposons cette boule de No\u00ebl comme une option attrayante pour les boutiques de cadeaux touristiques souhaitant fournir des produits uniques et de qualit\u00e9. C\u00e9l\u00e9brez la beaut\u00e9 de Tenerife chaque ann\u00e9e avec cette exquise boule de No\u00ebl, symbole d&rsquo;authenticit\u00e9 et de tradition canarienne.<\/p>\n","protected":false},"excerpt":{"rendered":"<p>Boule de No\u00ebl d\u00e9corative pr\u00e9sent\u00e9e dans une bo\u00eete \u00e9l\u00e9gante, inspir\u00e9e par la faune de Tenerife. Cette pi\u00e8ce artisanale pr\u00e9sente un hibou color\u00e9, \u00e9labor\u00e9 avec un design en mosa\u00efque mettant en valeur des tons vibrants de jaune, rouge et bleu. Le fond est d\u00e9cor\u00e9 d&rsquo;un motif de carreaux gris, \u00e9voquant la tradition canarienne. Avec un ruban rouge qui ajoute une touche festive, c&rsquo;est un ornement parfait pour \u00e9gayer le sapin de No\u00ebl et rendre hommage \u00e0 la beaut\u00e9 de Tenerife.<\/p>\n","protected":false},"featured_media":13790,"template":"","meta":{"_acf_changed":false},"product_brand":[],"product_cat":[659],"product_tag":[530,646],"class_list":{"0":"post-26576","1":"product","2":"type-product","3":"status-publish","4":"has-post-thumbnail","6":"product_cat-boules-de-noel","7":"product_tag-animaux","8":"product_tag-noel","9":"pa_ciudad-tenerife","10":"pa_motivo-hiboux","11":"pa_pais-espana","13":"first","14":"instock","15":"shipping-taxable","16":"product-type-simple"},"acf":[],"_links":{"self":[{"href":"https:\/\/olemosaic.com\/fr\/wp-json\/wp\/v2\/product\/26576","targetHints":{"allow":["GET"]}}],"collection":[{"href":"https:\/\/olemosaic.com\/fr\/wp-json\/wp\/v2\/product"}],"about":[{"href":"https:\/\/olemosaic.com\/fr\/wp-json\/wp\/v2\/types\/product"}],"wp:featuredmedia":[{"embeddable":true,"href":"https:\/\/olemosaic.com\/fr\/wp-json\/wp\/v2\/media\/13790"}],"wp:attachment":[{"href":"https:\/\/olemosaic.com\/fr\/wp-json\/wp\/v2\/media?parent=26576"}],"wp:term":[{"taxonomy":"product_brand","embeddable":true,"href":"https:\/\/olemosaic.com\/fr\/wp-json\/wp\/v2\/product_brand?post=26576"},{"taxonomy":"product_cat","embeddable":true,"href":"https:\/\/olemosaic.com\/fr\/wp-json\/wp\/v2\/product_cat?post=26576"},{"taxonomy":"product_tag","embeddable":true,"href":"https:\/\/olemosaic.com\/fr\/wp-json\/wp\/v2\/product_tag?post=26576"}],"curies":[{"name":"wp","href":"https:\/\/api.w.org\/{rel}","templated":true}]}}