{"id":26575,"date":"2025-02-20T22:28:31","date_gmt":"2025-02-20T22:28:31","guid":{"rendered":"http:\/\/olemosaic.com\/producto\/bola-de-navidad-con-caja-mosaico-barcelona\/"},"modified":"2025-07-25T19:11:48","modified_gmt":"2025-07-25T17:11:48","slug":"boule-de-noel-avec-boite-mosaique-barcelone-fr","status":"publish","type":"product","link":"https:\/\/olemosaic.com\/fr\/produit\/boule-de-noel-avec-boite-mosaique-barcelone-fr\/","title":{"rendered":"Boule de No\u00ebl avec bo\u00eete. Mosa\u00efque. Barcelone."},"content":{"rendered":"<p>Cette boule de No\u00ebl d\u00e9corative est le souvenir parfait pour \u00e9voquer l&rsquo;esprit de la vibrante Barcelone. Fabriqu\u00e9e dans un mat\u00e9riau l\u00e9ger, son design s&rsquo;inspire de la richesse de la mosa\u00efque catalane, un hommage au chef-d&rsquo;\u0153uvre du modernisme qui orne de nombreux b\u00e2timents embl\u00e9matiques de la ville. La boule pr\u00e9sente une combinaison attrayante de motifs g\u00e9om\u00e9triques dans des tons vifs de bleu, orange et jaune, qui capturent l&rsquo;essence de l&rsquo;art et de la cr\u00e9ativit\u00e9 que Barcelone offre au monde. Au centre, le texte \u00ab\u00a0Barcelona\u00a0\u00bb appara\u00eet imprim\u00e9 dans un style joyeux, refl\u00e9tant la chaleur et le dynamisme de la culture locale. Agr\u00e9ment\u00e9e d&rsquo;un ruban rose, cette pi\u00e8ce n&rsquo;est pas seulement un ornement charmant pour le sapin de No\u00ebl, mais aussi un souvenir tangible de la capitale catalane \u00e0 chaque c\u00e9l\u00e9bration. De plus, elle est pr\u00e9sent\u00e9e de mani\u00e8re tr\u00e8s soign\u00e9e, id\u00e9ale pour offrir ou pour ceux qui recherchent un souvenir authentique de leur visite. Chez Ol\u00e9 Mosaic, nous nous sp\u00e9cialisons dans la distribution de souvenirs en gros, proposant des produits embl\u00e9matiques comme cette boule de No\u00ebl, qui repr\u00e9sente le riche h\u00e9ritage de Barcelone et constitue une excellente option pour toutes les boutiques de cadeaux touristiques souhaitant proposer des articles racontant une histoire culturelle. Avec ce souvenir de No\u00ebl, les touristes peuvent emporter un morceau de Barcelone, transformant chaque No\u00ebl en une c\u00e9l\u00e9bration de sa beaut\u00e9 et de sa singularit\u00e9.<\/p>\n","protected":false},"excerpt":{"rendered":"<p>Boule de No\u00ebl d\u00e9corative avec un design en mosa\u00efque, inspir\u00e9e par la ville vibrante de Barcelone. Fabriqu\u00e9e en mat\u00e9riau l\u00e9ger, cette boule pr\u00e9sente une combinaison color\u00e9e de motifs g\u00e9om\u00e9triques et d&rsquo;\u00e9l\u00e9ments typiques du modernisme catalan, mettant en avant des tons bleus, oranges et jaunes. Le texte \u00ab\u00a0Barcelona\u00a0\u00bb est imprim\u00e9 dans un style joyeux et un ruban rose compl\u00e8te la pi\u00e8ce. Id\u00e9ale pour orner le sapin de No\u00ebl et se souvenir de l&rsquo;essence de la capitale catalane \u00e0 chaque c\u00e9l\u00e9bration.<\/p>\n","protected":false},"featured_media":9764,"template":"","meta":{"_acf_changed":false},"product_brand":[],"product_cat":[659],"product_tag":[646],"class_list":{"0":"post-26575","1":"product","2":"type-product","3":"status-publish","4":"has-post-thumbnail","6":"product_cat-boules-de-noel","7":"product_tag-noel","8":"pa_ciudad-barcelona","9":"pa_motivo-mosaique","10":"pa_pais-espana","12":"first","13":"instock","14":"shipping-taxable","15":"product-type-simple"},"acf":[],"_links":{"self":[{"href":"https:\/\/olemosaic.com\/fr\/wp-json\/wp\/v2\/product\/26575","targetHints":{"allow":["GET"]}}],"collection":[{"href":"https:\/\/olemosaic.com\/fr\/wp-json\/wp\/v2\/product"}],"about":[{"href":"https:\/\/olemosaic.com\/fr\/wp-json\/wp\/v2\/types\/product"}],"wp:featuredmedia":[{"embeddable":true,"href":"https:\/\/olemosaic.com\/fr\/wp-json\/wp\/v2\/media\/9764"}],"wp:attachment":[{"href":"https:\/\/olemosaic.com\/fr\/wp-json\/wp\/v2\/media?parent=26575"}],"wp:term":[{"taxonomy":"product_brand","embeddable":true,"href":"https:\/\/olemosaic.com\/fr\/wp-json\/wp\/v2\/product_brand?post=26575"},{"taxonomy":"product_cat","embeddable":true,"href":"https:\/\/olemosaic.com\/fr\/wp-json\/wp\/v2\/product_cat?post=26575"},{"taxonomy":"product_tag","embeddable":true,"href":"https:\/\/olemosaic.com\/fr\/wp-json\/wp\/v2\/product_tag?post=26575"}],"curies":[{"name":"wp","href":"https:\/\/api.w.org\/{rel}","templated":true}]}}