{"id":26574,"date":"2025-02-20T22:28:30","date_gmt":"2025-02-20T22:28:30","guid":{"rendered":"http:\/\/olemosaic.com\/producto\/bola-de-navidad-con-caja-panoramica-barcelona-color-2\/"},"modified":"2025-07-25T19:09:22","modified_gmt":"2025-07-25T17:09:22","slug":"boule-de-noel-avec-boite-panoramique-barcelone-couleur-fr","status":"publish","type":"product","link":"https:\/\/olemosaic.com\/fr\/produit\/boule-de-noel-avec-boite-panoramique-barcelone-couleur-fr\/","title":{"rendered":"Boule de No\u00ebl avec bo\u00eete. Panoramique. Barcelone. Couleur"},"content":{"rendered":"<p>Cette boule de No\u00ebl d\u00e9corative est le cadeau parfait pour \u00e9voquer l&rsquo;esprit festif de Barcelone. Pr\u00e9sent\u00e9e dans une bo\u00eete \u00e9l\u00e9gante, cet ornement se distingue par son design vibrant et color\u00e9, qui capture l&rsquo;essence unique de la cit\u00e9 comtale. Sa surface est orn\u00e9e d&rsquo;une mosa\u00efque brillante comprenant une repr\u00e9sentation de l&#8217;embl\u00e9matique h\u00f4tel W, connu comme l&rsquo;un des joyaux architecturaux de Barcelone, ainsi que des \u00e9l\u00e9ments du style moderniste distinctif qui caract\u00e9rise la ville.<\/p>\n<p>Le design, plein de vie et de couleurs, symbolise la fusion joyeuse de la tradition de No\u00ebl avec le patrimoine culturel de Barcelone, en faisant un souvenir m\u00e9morable que tout visiteur voudrait ramener chez lui. Cette boule de No\u00ebl n&rsquo;ajoute pas seulement une touche festive \u00e0 n&rsquo;importe quel sapin, mais sert \u00e9galement de rappel des exp\u00e9riences v\u00e9cues dans cette ville charmante, riche en histoire, culture et art.<\/p>\n<p>Id\u00e9al pour les boutiques de cadeaux touristiques, chez Ol\u00e9 Mosaic nous nous sp\u00e9cialisons dans la distribution de souvenirs en gros qui refl\u00e8tent l&rsquo;authenticit\u00e9 et la diversit\u00e9 culturelle de l&rsquo;Espagne. Cette boule de No\u00ebl color\u00e9e repr\u00e9sente un excellent choix pour ceux qui cherchent \u00e0 incorporer un morceau de Barcelone dans leurs c\u00e9l\u00e9brations de No\u00ebl, et se distingue comme un excellent exemple de souvenir moderne combinant design contemporain et tradition.<\/p>\n","protected":false},"excerpt":{"rendered":"<p>Boule de No\u00ebl d\u00e9corative en couleur, pr\u00e9sent\u00e9e dans une bo\u00eete \u00e9l\u00e9gante, inspir\u00e9e par la vue panoramique vibrante de Barcelone. Cet ornement pr\u00e9sente un design color\u00e9 qui capture l&rsquo;essence de la ville, avec l&#8217;embl\u00e9matique h\u00f4tel W et des \u00e9l\u00e9ments architecturaux fascinants du c\u00e9l\u00e8bre style moderniste. Sa surface est orn\u00e9e d&rsquo;une mosa\u00efque de couleurs vives, id\u00e9ale pour ajouter une touche festive et culturelle \u00e0 n&rsquo;importe quel sapin de No\u00ebl, \u00e9voquant la joie des traditions espagnoles.<\/p>\n","protected":false},"featured_media":9756,"template":"","meta":{"_acf_changed":false},"product_brand":[],"product_cat":[659],"product_tag":[646],"class_list":{"0":"post-26574","1":"product","2":"type-product","3":"status-publish","4":"has-post-thumbnail","6":"product_cat-boules-de-noel","7":"product_tag-noel","8":"pa_ciudad-barcelona","9":"pa_motivo-panoramas","10":"pa_pais-espana","12":"first","13":"instock","14":"shipping-taxable","15":"product-type-simple"},"acf":[],"_links":{"self":[{"href":"https:\/\/olemosaic.com\/fr\/wp-json\/wp\/v2\/product\/26574","targetHints":{"allow":["GET"]}}],"collection":[{"href":"https:\/\/olemosaic.com\/fr\/wp-json\/wp\/v2\/product"}],"about":[{"href":"https:\/\/olemosaic.com\/fr\/wp-json\/wp\/v2\/types\/product"}],"wp:featuredmedia":[{"embeddable":true,"href":"https:\/\/olemosaic.com\/fr\/wp-json\/wp\/v2\/media\/9756"}],"wp:attachment":[{"href":"https:\/\/olemosaic.com\/fr\/wp-json\/wp\/v2\/media?parent=26574"}],"wp:term":[{"taxonomy":"product_brand","embeddable":true,"href":"https:\/\/olemosaic.com\/fr\/wp-json\/wp\/v2\/product_brand?post=26574"},{"taxonomy":"product_cat","embeddable":true,"href":"https:\/\/olemosaic.com\/fr\/wp-json\/wp\/v2\/product_cat?post=26574"},{"taxonomy":"product_tag","embeddable":true,"href":"https:\/\/olemosaic.com\/fr\/wp-json\/wp\/v2\/product_tag?post=26574"}],"curies":[{"name":"wp","href":"https:\/\/api.w.org\/{rel}","templated":true}]}}