{"id":26573,"date":"2025-02-20T23:28:30","date_gmt":"2025-02-20T22:28:30","guid":{"rendered":"http:\/\/olemosaic.com\/producto\/bola-de-navidad-con-caja-salamandra-tenerife\/"},"modified":"2025-07-25T19:06:19","modified_gmt":"2025-07-25T17:06:19","slug":"boule-de-noel-avec-boite-salamandre-tenerife","status":"publish","type":"product","link":"https:\/\/olemosaic.com\/fr\/produit\/boule-de-noel-avec-boite-salamandre-tenerife\/","title":{"rendered":"Boule de No\u00ebl avec bo\u00eete. Salamandre. Tenerife."},"content":{"rendered":"<p>Cette boule de No\u00ebl d\u00e9corative, en forme de sph\u00e8re, est un souvenir color\u00e9 de la biodiversit\u00e9 de Tenerife, id\u00e9ale pour ajouter une touche canarienne \u00e0 vos c\u00e9l\u00e9brations de No\u00ebl. \u00c9labor\u00e9e avec soin, cette boule semble \u00eatre peinte \u00e0 la main et pr\u00e9sente des motifs vibrants et d\u00e9taill\u00e9s de salamandres et de fleurs qui \u00e9voquent la riche faune et flore de l&rsquo;\u00eele. Le fond blanc textur\u00e9 simule une mosa\u00efque, cr\u00e9ant un effet visuel qui souligne la beaut\u00e9 de chaque motif. Le mot \u00ab\u00a0Tenerife\u00a0\u00bb se d\u00e9tache en lettres noires, attirant l&rsquo;attention et faisant de cet ornement un v\u00e9ritable repr\u00e9sentant de la culture de Tenerife.<\/p>\n<p>Compl\u00e9t\u00e9e par un ruban rose, cette boule est parfaite pour \u00eatre accroch\u00e9e au sapin de No\u00ebl ou pour faire partie d&rsquo;une d\u00e9coration \u00e9l\u00e9gante. Sa pr\u00e9sentation dans une bo\u00eete en fait un cadeau id\u00e9al et pr\u00eat \u00e0 \u00eatre offert en toute occasion festive. Ce souvenir de Tenerife n&rsquo;est pas seulement un ornement, mais un symbole de l&rsquo;h\u00e9ritage culturel de l&rsquo;\u00eele, capturant l&rsquo;essence de sa biodiversit\u00e9 dans chaque d\u00e9tail. Chez Ol\u00e9 Mosaic, sp\u00e9cialis\u00e9s dans la distribution de souvenirs en gros, nous proposons cette boule de No\u00ebl comme une excellente option pour les boutiques de cadeaux touristiques \u00e0 la recherche d&rsquo;articles authentiques et culturellement significatifs.<\/p>\n","protected":false},"excerpt":{"rendered":"<p>Boule de No\u00ebl d\u00e9corative de forme sph\u00e9rique, inspir\u00e9e par la biodiversit\u00e9 de Tenerife. Cet ornement pr\u00e9sente un design artisanal, peint \u00e0 la main, avec des motifs color\u00e9s de salamandres et de fleurs, sur un fond blanc textur\u00e9 simulant une mosa\u00efque. Le mot \u00ab\u00a0Tenerife\u00a0\u00bb se d\u00e9tache en lettres noires et est compl\u00e9t\u00e9 par un ruban rose, parfait pour \u00eatre accroch\u00e9 au sapin de No\u00ebl. Id\u00e9al pour apporter une touche canarienne \u00e0 vos c\u00e9l\u00e9brations.<\/p>\n","protected":false},"featured_media":9840,"template":"","meta":{"_acf_changed":false},"product_brand":[],"product_cat":[659],"product_tag":[530,646],"class_list":{"0":"post-26573","1":"product","2":"type-product","3":"status-publish","4":"has-post-thumbnail","6":"product_cat-boules-de-noel","7":"product_tag-animaux","8":"product_tag-noel","9":"pa_ciudad-tenerife","10":"pa_motivo-salamandres","11":"pa_pais-espana","13":"first","14":"instock","15":"shipping-taxable","16":"product-type-simple"},"acf":[],"_links":{"self":[{"href":"https:\/\/olemosaic.com\/fr\/wp-json\/wp\/v2\/product\/26573","targetHints":{"allow":["GET"]}}],"collection":[{"href":"https:\/\/olemosaic.com\/fr\/wp-json\/wp\/v2\/product"}],"about":[{"href":"https:\/\/olemosaic.com\/fr\/wp-json\/wp\/v2\/types\/product"}],"wp:featuredmedia":[{"embeddable":true,"href":"https:\/\/olemosaic.com\/fr\/wp-json\/wp\/v2\/media\/9840"}],"wp:attachment":[{"href":"https:\/\/olemosaic.com\/fr\/wp-json\/wp\/v2\/media?parent=26573"}],"wp:term":[{"taxonomy":"product_brand","embeddable":true,"href":"https:\/\/olemosaic.com\/fr\/wp-json\/wp\/v2\/product_brand?post=26573"},{"taxonomy":"product_cat","embeddable":true,"href":"https:\/\/olemosaic.com\/fr\/wp-json\/wp\/v2\/product_cat?post=26573"},{"taxonomy":"product_tag","embeddable":true,"href":"https:\/\/olemosaic.com\/fr\/wp-json\/wp\/v2\/product_tag?post=26573"}],"curies":[{"name":"wp","href":"https:\/\/api.w.org\/{rel}","templated":true}]}}