{"id":26552,"date":"2025-02-20T23:28:30","date_gmt":"2025-02-20T22:28:30","guid":{"rendered":"http:\/\/olemosaic.com\/producto\/bola-de-navidad-con-caja-panoramica-barcelona-3\/"},"modified":"2025-07-25T18:34:41","modified_gmt":"2025-07-25T16:34:41","slug":"boule-de-noel-avec-boite-panoramique-sagrada-familia-barcelone","status":"publish","type":"product","link":"https:\/\/olemosaic.com\/fr\/produit\/boule-de-noel-avec-boite-panoramique-sagrada-familia-barcelone\/","title":{"rendered":"Boule de No\u00ebl avec bo\u00eete. Panoramique. Sagrada Familia. Barcelone."},"content":{"rendered":"<p>Cette boule de No\u00ebl d\u00e9corative de Barcelone est le cadeau parfait, car elle capture l&rsquo;essence de la ville en pleine saison festive. Pr\u00e9sent\u00e9e dans une bo\u00eete \u00e9l\u00e9gante, elle se distingue par son design vibrant illustrant un panorama color\u00e9 de monuments embl\u00e9matiques tels que la Sagrada Familia et le Parc G\u00fcell, deux joyaux du patrimoine architectural barcelonais. Le design, inspir\u00e9 du style de mosa\u00efque caract\u00e9ristique de Gaud\u00ed, se d\u00e9ploie dans une palette de couleurs joyeuses comprenant des bleus, des verts et des jaunes, cr\u00e9ant une atmosph\u00e8re festive qui illuminera n&rsquo;importe quel sapin de No\u00ebl.<\/p>\n<p>Au bas de la boule, un sympathique P\u00e8re No\u00ebl se joint \u00e0 la c\u00e9l\u00e9bration, cr\u00e9ant un contraste charmant avec le fond bleu, qui souligne la vivacit\u00e9 de Barcelone. Des \u00e9l\u00e9ments de No\u00ebl tels que des sapins et d&rsquo;autres d\u00e9corations ajoutent une touche de joie qui r\u00e9sonne avec l&rsquo;esprit des f\u00eates. Ce souvenir n&rsquo;est pas seulement un article d\u00e9coratif, mais aussi un souvenir authentique qui relie les touristes \u00e0 la riche culture catalane, ce qui en fait une excellente id\u00e9e pour ceux qui recherchent des souvenirs de Barcelone.<\/p>\n<p>Chez Ol\u00e9 Mosaic, en tant que grossiste de souvenirs, nous proposons des produits authentiques qui c\u00e9l\u00e8brent les traditions locales. Cette boule de No\u00ebl est id\u00e9ale pour les boutiques de cadeaux touristiques \u00e0 la recherche d&rsquo;articles uniques et repr\u00e9sentatifs de la beaut\u00e9 de l&rsquo;Espagne.<\/p>\n","protected":false},"excerpt":{"rendered":"<p>Boule de No\u00ebl d\u00e9corative pr\u00e9sent\u00e9e dans une bo\u00eete \u00e9l\u00e9gante, avec un panorama vibrant de Barcelone. Cette boule se distingue par son design color\u00e9, illustrant des monuments embl\u00e9matiques tels que la Sagrada Familia et le Parc G\u00fcell, le tout dans un style mosa\u00efque. De plus, elle inclut un sympathique P\u00e8re No\u00ebl et des \u00e9l\u00e9ments de No\u00ebl, sur un fond bleu qui rehausse la vivacit\u00e9 de la ville. Parfaite pour ajouter une touche festive \u00e0 toute d\u00e9coration de No\u00ebl.<\/p>\n","protected":false},"featured_media":9760,"template":"","meta":{"_acf_changed":false},"product_brand":[],"product_cat":[659],"product_tag":[646],"class_list":{"0":"post-26552","1":"product","2":"type-product","3":"status-publish","4":"has-post-thumbnail","6":"product_cat-boules-de-noel","7":"product_tag-noel","8":"pa_ciudad-barcelona","9":"pa_motivo-panoramas","10":"pa_pais-espana","12":"first","13":"instock","14":"shipping-taxable","15":"product-type-simple"},"acf":[],"_links":{"self":[{"href":"https:\/\/olemosaic.com\/fr\/wp-json\/wp\/v2\/product\/26552","targetHints":{"allow":["GET"]}}],"collection":[{"href":"https:\/\/olemosaic.com\/fr\/wp-json\/wp\/v2\/product"}],"about":[{"href":"https:\/\/olemosaic.com\/fr\/wp-json\/wp\/v2\/types\/product"}],"wp:featuredmedia":[{"embeddable":true,"href":"https:\/\/olemosaic.com\/fr\/wp-json\/wp\/v2\/media\/9760"}],"wp:attachment":[{"href":"https:\/\/olemosaic.com\/fr\/wp-json\/wp\/v2\/media?parent=26552"}],"wp:term":[{"taxonomy":"product_brand","embeddable":true,"href":"https:\/\/olemosaic.com\/fr\/wp-json\/wp\/v2\/product_brand?post=26552"},{"taxonomy":"product_cat","embeddable":true,"href":"https:\/\/olemosaic.com\/fr\/wp-json\/wp\/v2\/product_cat?post=26552"},{"taxonomy":"product_tag","embeddable":true,"href":"https:\/\/olemosaic.com\/fr\/wp-json\/wp\/v2\/product_tag?post=26552"}],"curies":[{"name":"wp","href":"https:\/\/api.w.org\/{rel}","templated":true}]}}