{"id":26551,"date":"2025-02-20T23:28:30","date_gmt":"2025-02-20T22:28:30","guid":{"rendered":"http:\/\/olemosaic.com\/producto\/bola-de-navidad-con-caja-panoramica-sevilla-2\/"},"modified":"2025-07-25T20:20:44","modified_gmt":"2025-07-25T18:20:44","slug":"boule-de-noel-avec-boite-panoramique-seville-espagne","status":"publish","type":"product","link":"https:\/\/olemosaic.com\/fr\/produit\/boule-de-noel-avec-boite-panoramique-seville-espagne\/","title":{"rendered":"Boule de No\u00ebl avec bo\u00eete. Panoramique. S\u00e9ville. Espagne."},"content":{"rendered":"<p>Cette boule de No\u00ebl d\u00e9corative avec un design panoramique de S\u00e9ville est le cadeau parfait pour ceux qui souhaitent capturer l&rsquo;essence festive de cette charmante ville andalouse. Pr\u00e9sent\u00e9e dans une bo\u00eete \u00e9l\u00e9gante, cet ornement est fabriqu\u00e9 dans un mat\u00e9riau l\u00e9ger qui garantit durabilit\u00e9 et facilit\u00e9 de suspension. La boule pr\u00e9sente une illustration vibrante de l&rsquo;architecture s\u00e9villane, avec ses fa\u00e7ades embl\u00e9matiques dans des tons chauds qui \u00e9voquent le caract\u00e8re unique de la ville. Des d\u00e9tails tels que les toits rouges et les azulejos classiques refl\u00e8tent la riche histoire culturelle de S\u00e9ville, transformant chaque regard en un voyage visuel vers ses monuments les plus repr\u00e9sentatifs.<\/p>\n<p>Le n\u0153ud de rubans dans les tons violets ajoute une touche chic et festive, tandis que les inscriptions de No\u00ebl en plusieurs langues c\u00e9l\u00e8brent la multiculturalit\u00e9 de la saison, faisant de ce souvenir non seulement un ornement, mais un symbole d&rsquo;union. Ce produit se distingue comme un v\u00e9ritable souvenir repr\u00e9sentatif de S\u00e9ville, id\u00e9al pour ceux qui recherchent des souvenirs authentiques et de qualit\u00e9. Chez Ol\u00e9 Mosaic, nous nous sp\u00e9cialisons dans la distribution de souvenirs en gros, et cette boule de No\u00ebl est une excellente option pour les boutiques de cadeaux touristiques souhaitant proposer des produits qui capturent l&rsquo;essence de la culture espagnole. C&rsquo;est une fa\u00e7on parfaite de donner une touche de No\u00ebl \u00e0 n&rsquo;importe quel foyer tout en c\u00e9l\u00e9brant la beaut\u00e9 de S\u00e9ville.<\/p>\n","protected":false},"excerpt":{"rendered":"<p>Boule de No\u00ebl d\u00e9corative avec design panoramique de S\u00e9ville, pr\u00e9sent\u00e9e dans une bo\u00eete \u00e9l\u00e9gante. Cet ornement exquis, fabriqu\u00e9 en mat\u00e9riau l\u00e9ger, affiche une illustration vibrante de l&rsquo;architecture s\u00e9villane, mettant en valeur ses fa\u00e7ades embl\u00e9matiques et ses couleurs chaudes. Avec un ruban dans les tons violets, elle comprend des inscriptions de No\u00ebl en plusieurs langues, ajoutant une touche multiculturelle. Id\u00e9ale pour donner une touche festive \u00e0 votre foyer tout en c\u00e9l\u00e9brant la beaut\u00e9 de S\u00e9ville.<\/p>\n","protected":false},"featured_media":9860,"template":"","meta":{"_acf_changed":false},"product_brand":[],"product_cat":[659],"product_tag":[646],"class_list":{"0":"post-26551","1":"product","2":"type-product","3":"status-publish","4":"has-post-thumbnail","6":"product_cat-boules-de-noel","7":"product_tag-noel","8":"pa_ciudad-sevilla","9":"pa_motivo-panoramas","10":"pa_pais-espana","12":"first","13":"instock","14":"shipping-taxable","15":"product-type-simple"},"acf":[],"_links":{"self":[{"href":"https:\/\/olemosaic.com\/fr\/wp-json\/wp\/v2\/product\/26551","targetHints":{"allow":["GET"]}}],"collection":[{"href":"https:\/\/olemosaic.com\/fr\/wp-json\/wp\/v2\/product"}],"about":[{"href":"https:\/\/olemosaic.com\/fr\/wp-json\/wp\/v2\/types\/product"}],"wp:featuredmedia":[{"embeddable":true,"href":"https:\/\/olemosaic.com\/fr\/wp-json\/wp\/v2\/media\/9860"}],"wp:attachment":[{"href":"https:\/\/olemosaic.com\/fr\/wp-json\/wp\/v2\/media?parent=26551"}],"wp:term":[{"taxonomy":"product_brand","embeddable":true,"href":"https:\/\/olemosaic.com\/fr\/wp-json\/wp\/v2\/product_brand?post=26551"},{"taxonomy":"product_cat","embeddable":true,"href":"https:\/\/olemosaic.com\/fr\/wp-json\/wp\/v2\/product_cat?post=26551"},{"taxonomy":"product_tag","embeddable":true,"href":"https:\/\/olemosaic.com\/fr\/wp-json\/wp\/v2\/product_tag?post=26551"}],"curies":[{"name":"wp","href":"https:\/\/api.w.org\/{rel}","templated":true}]}}