{"id":26550,"date":"2025-02-20T22:28:30","date_gmt":"2025-02-20T22:28:30","guid":{"rendered":"http:\/\/olemosaic.com\/producto\/bola-de-navidad-con-caja-panoramica-barcelona-blanco\/"},"modified":"2025-07-25T18:47:07","modified_gmt":"2025-07-25T16:47:07","slug":"boule-de-noel-avec-boite-panoramique-barcelone-blanc","status":"publish","type":"product","link":"https:\/\/olemosaic.com\/fr\/produit\/boule-de-noel-avec-boite-panoramique-barcelone-blanc\/","title":{"rendered":"Boule de No\u00ebl avec bo\u00eete. Panoramique. Barcelone. Blanc"},"content":{"rendered":"<p>Cette boule de No\u00ebl d\u00e9corative avec un design panoramique de Barcelone est le souvenir parfait pour quiconque souhaite emporter un petit morceau de la charmante ville catalane. Fabriqu\u00e9e en c\u00e9ramique blanche, la boule pr\u00e9sente une mosa\u00efque de couleurs vibrantes inspir\u00e9e de l&rsquo;\u0153uvre c\u00e9l\u00e8bre d&rsquo;Antoni Gaud\u00ed au parc G\u00fcell, l&rsquo;une des principales attractions touristiques de Barcelone. Le design capture l&rsquo;essence de la ville, montrant non seulement le c\u00e9l\u00e8bre dragon en mosa\u00efque, mais aussi des \u00e9l\u00e9ments caract\u00e9ristiques tels que des b\u00e2timents et des d\u00e9tails architecturaux qui \u00e9voquent la cr\u00e9ativit\u00e9 et l&rsquo;\u00e9clat de la capitale catalane. L&rsquo;inclusion de l&rsquo;inscription \u00ab\u00a0Barcelona\u00a0\u00bb en lettres saillantes apporte un contour visuel frappant, tandis que le ruban violet qui l&rsquo;orne lui conf\u00e8re une touche festive et \u00e9l\u00e9gante. Cette boule, pr\u00e9sent\u00e9e dans une bo\u00eete attrayante, n&rsquo;est pas seulement un ornement pour le sapin de No\u00ebl, mais aussi un souvenir authentique qui relie les touristes \u00e0 la riche culture et \u00e0 l&rsquo;architecture de Barcelone. Chez Ol\u00e9 Mosaic, nous comprenons l&rsquo;importance de proposer des souvenirs uniques ; cette boule de No\u00ebl est une excellente option pour les boutiques de cadeaux touristiques \u00e0 la recherche de produits de qualit\u00e9 au charme culturel. En tant que distributeurs de souvenirs, nous garantissons que chaque pi\u00e8ce, y compris cette boule d\u00e9corative, refl\u00e8te l&rsquo;h\u00e9ritage et la magie des lieux qu&rsquo;elle repr\u00e9sente.<\/p>\n","protected":false},"excerpt":{"rendered":"<p>Boule de No\u00ebl d\u00e9corative avec un design panoramique de Barcelone, fabriqu\u00e9e en c\u00e9ramique blanche. Elle pr\u00e9sente une illustration vibrante de la c\u00e9l\u00e8bre mosa\u00efque de couleurs du parc G\u00fcell, entour\u00e9e d&rsquo;\u00e9l\u00e9ments embl\u00e9matiques de la ville. La boule comprend l&rsquo;inscription \u00ab\u00a0Barcelona\u00a0\u00bb en lettres saillantes, orn\u00e9e d&rsquo;un ruban violet. Id\u00e9ale pour ajouter une touche de magie de No\u00ebl et un petit morceau de l&rsquo;essence barcelonaise \u00e0 votre sapin.<\/p>\n","protected":false},"featured_media":9753,"template":"","meta":{"_acf_changed":false},"product_brand":[],"product_cat":[659],"product_tag":[646],"class_list":{"0":"post-26550","1":"product","2":"type-product","3":"status-publish","4":"has-post-thumbnail","6":"product_cat-boules-de-noel","7":"product_tag-noel","8":"pa_ciudad-barcelona","9":"pa_motivo-panoramas","10":"pa_pais-espana","12":"first","13":"instock","14":"shipping-taxable","15":"product-type-simple"},"acf":[],"_links":{"self":[{"href":"https:\/\/olemosaic.com\/fr\/wp-json\/wp\/v2\/product\/26550","targetHints":{"allow":["GET"]}}],"collection":[{"href":"https:\/\/olemosaic.com\/fr\/wp-json\/wp\/v2\/product"}],"about":[{"href":"https:\/\/olemosaic.com\/fr\/wp-json\/wp\/v2\/types\/product"}],"wp:featuredmedia":[{"embeddable":true,"href":"https:\/\/olemosaic.com\/fr\/wp-json\/wp\/v2\/media\/9753"}],"wp:attachment":[{"href":"https:\/\/olemosaic.com\/fr\/wp-json\/wp\/v2\/media?parent=26550"}],"wp:term":[{"taxonomy":"product_brand","embeddable":true,"href":"https:\/\/olemosaic.com\/fr\/wp-json\/wp\/v2\/product_brand?post=26550"},{"taxonomy":"product_cat","embeddable":true,"href":"https:\/\/olemosaic.com\/fr\/wp-json\/wp\/v2\/product_cat?post=26550"},{"taxonomy":"product_tag","embeddable":true,"href":"https:\/\/olemosaic.com\/fr\/wp-json\/wp\/v2\/product_tag?post=26550"}],"curies":[{"name":"wp","href":"https:\/\/api.w.org\/{rel}","templated":true}]}}