{"id":26549,"date":"2025-02-20T23:28:30","date_gmt":"2025-02-20T22:28:30","guid":{"rendered":"http:\/\/olemosaic.com\/producto\/bola-de-navidad-con-caja-toro\/"},"modified":"2025-07-25T18:49:08","modified_gmt":"2025-07-25T16:49:08","slug":"boule-de-noel-avec-boite-taureau","status":"publish","type":"product","link":"https:\/\/olemosaic.com\/fr\/produit\/boule-de-noel-avec-boite-taureau\/","title":{"rendered":"Boule de No\u00ebl avec bo\u00eete. Taureau."},"content":{"rendered":"<p>Cette boule de No\u00ebl d\u00e9corative avec un motif de taureau est un souvenir embl\u00e9matique qui symbolise la riche culture espagnole. Fabriqu\u00e9e en c\u00e9ramique et pr\u00e9sent\u00e9e dans une bo\u00eete \u00e9l\u00e9gante, cette pi\u00e8ce artisanale se distingue par sa mosa\u00efque vibrante peinte \u00e0 la main dans des tons rouges et jaunes. Le taureau, figure centrale de la tradition espagnole, est entour\u00e9 d&rsquo;un charmant paysage floral qui \u00e9voque la beaut\u00e9 et la diversit\u00e9 des campagnes espagnoles, avec de d\u00e9licates roses rouges apportant une touche romantique et festive.<\/p>\n<p>Avec son ruban rouge caract\u00e9ristique, cette boule n&rsquo;est pas seulement un ornement de No\u00ebl, mais aussi un hommage \u00e0 la culture du pays, o\u00f9 le taureau repr\u00e9sente l&rsquo;histoire, l&rsquo;art et la passion. Ce design est inspir\u00e9 de la tradition de la mosa\u00efque, un art qui refl\u00e8te la richesse du folklore espagnol. Suspendre cette boule au sapin de No\u00ebl offre une mani\u00e8re authentique de c\u00e9l\u00e9brer les f\u00eates, rappelant l&rsquo;image vibrante des taureaux qui ont marqu\u00e9 l&rsquo;identit\u00e9 nationale.<\/p>\n<p>Chez Ol\u00e9 Mosaic, en tant que distributeurs de souvenirs en gros, nous proposons des produits qui fusionnent artisanat et signification culturelle, et cette boule de No\u00ebl est une excellente option pour les boutiques de cadeaux touristiques \u00e0 la recherche d&rsquo;expressions authentiques de la culture espagnole. Id\u00e9al pour ceux qui recherchent un souvenir unique et repr\u00e9sentatif, cet ornement de No\u00ebl est une fa\u00e7on parfaite de ramener un petit morceau d&rsquo;Espagne \u00e0 la maison.<\/p>\n","protected":false},"excerpt":{"rendered":"<p>Boule de No\u00ebl d\u00e9corative avec un motif de taureau, symbole de la riche culture espagnole. Cet ornement, fabriqu\u00e9 en c\u00e9ramique et pr\u00e9sent\u00e9 dans une bo\u00eete \u00e9l\u00e9gante, se distingue par son design de mosa\u00efque artisanale vibrante, peinte \u00e0 la main, dans des tons rouges et jaunes, entour\u00e9 d&rsquo;un paysage floral. Avec des d\u00e9tails distinctifs et un ruban rouge, c&rsquo;est une pi\u00e8ce id\u00e9ale pour donner une touche festive et authentique \u00e0 votre sapin de No\u00ebl, \u00e9voquant la tradition et le folklore espagnol.<\/p>\n","protected":false},"featured_media":9752,"template":"","meta":{"_acf_changed":false},"product_brand":[],"product_cat":[659],"product_tag":[530,646],"class_list":{"0":"post-26549","1":"product","2":"type-product","3":"status-publish","4":"has-post-thumbnail","6":"product_cat-boules-de-noel","7":"product_tag-animaux","8":"product_tag-noel","9":"pa_motivo-taureaux","11":"first","12":"instock","13":"shipping-taxable","14":"product-type-simple"},"acf":[],"_links":{"self":[{"href":"https:\/\/olemosaic.com\/fr\/wp-json\/wp\/v2\/product\/26549","targetHints":{"allow":["GET"]}}],"collection":[{"href":"https:\/\/olemosaic.com\/fr\/wp-json\/wp\/v2\/product"}],"about":[{"href":"https:\/\/olemosaic.com\/fr\/wp-json\/wp\/v2\/types\/product"}],"wp:featuredmedia":[{"embeddable":true,"href":"https:\/\/olemosaic.com\/fr\/wp-json\/wp\/v2\/media\/9752"}],"wp:attachment":[{"href":"https:\/\/olemosaic.com\/fr\/wp-json\/wp\/v2\/media?parent=26549"}],"wp:term":[{"taxonomy":"product_brand","embeddable":true,"href":"https:\/\/olemosaic.com\/fr\/wp-json\/wp\/v2\/product_brand?post=26549"},{"taxonomy":"product_cat","embeddable":true,"href":"https:\/\/olemosaic.com\/fr\/wp-json\/wp\/v2\/product_cat?post=26549"},{"taxonomy":"product_tag","embeddable":true,"href":"https:\/\/olemosaic.com\/fr\/wp-json\/wp\/v2\/product_tag?post=26549"}],"curies":[{"name":"wp","href":"https:\/\/api.w.org\/{rel}","templated":true}]}}