{"id":26548,"date":"2025-02-20T22:28:30","date_gmt":"2025-02-20T22:28:30","guid":{"rendered":"http:\/\/olemosaic.com\/producto\/bola-de-navidad-con-caja-salamandra-barcelona\/"},"modified":"2025-07-25T20:00:07","modified_gmt":"2025-07-25T18:00:07","slug":"boule-de-noel-avec-boite-salamandre-barcelone","status":"publish","type":"product","link":"https:\/\/olemosaic.com\/fr\/produit\/boule-de-noel-avec-boite-salamandre-barcelone\/","title":{"rendered":"Boule de No\u00ebl avec bo\u00eete. Salamandre. Barcelone."},"content":{"rendered":"<p>Cette boule de No\u00ebl d\u00e9corative avec un motif de salamandre capture l&rsquo;essence de Barcelone gr\u00e2ce \u00e0 son esth\u00e9tique vibrante, inspir\u00e9e du c\u00e9l\u00e8bre trencad\u00eds de l&rsquo;architecte Antoni Gaud\u00ed. Fabriqu\u00e9e en c\u00e9ramique de haute qualit\u00e9, cette pi\u00e8ce unique n&rsquo;est pas seulement un ornement de No\u00ebl, mais un v\u00e9ritable hommage \u00e0 la riche culture et \u00e0 l&rsquo;art de la ville. La boule pr\u00e9sente un fond captivant qui simule les mosa\u00efques caract\u00e9ristiques de Gaud\u00ed, compl\u00e9t\u00e9 par des motifs color\u00e9s de salamandres et de fleurs qui \u00e9voquent le lien de la ville avec la nature et la cr\u00e9ativit\u00e9 artistique.<\/p>\n<p>Avec un design soign\u00e9 et des d\u00e9tails m\u00e9ticuleusement \u00e9labor\u00e9s, cette boule est parfaite pour orner le sapin de No\u00ebl avec une touche culturelle distinctive. Sa pr\u00e9sentation comprend une bo\u00eete \u00e9l\u00e9gante, ce qui en fait un cadeau id\u00e9al pour les amis et la famille qui souhaitent ramener un morceau de Barcelone chez eux. Un ruban rouge orne la partie sup\u00e9rieure, ajoutant une touche festive qui rehausse son attrait visuel.<\/p>\n<p>En tant que souvenir de Barcelone, cette pi\u00e8ce repr\u00e9sente non seulement un souvenir visuel de la ville, mais aussi son riche h\u00e9ritage artistique. Chez Ol\u00e9 Mosaic, nous sommes des distributeurs de souvenirs authentiques et repr\u00e9sentatifs, et cette boule de No\u00ebl est un choix exceptionnel pour les boutiques de cadeaux touristiques cherchant \u00e0 proposer des produits de qualit\u00e9 c\u00e9l\u00e9brant la culture locale. Cet article embellira non seulement n&rsquo;importe quel foyer pendant les festivit\u00e9s, mais rappellera \u00e9galement \u00e0 son propri\u00e9taire la splendeur de Barcelone \u00e0 un moment sp\u00e9cial de l&rsquo;ann\u00e9e.<\/p>\n","protected":false},"excerpt":{"rendered":"<p>Boule de No\u00ebl d\u00e9corative avec motif de salamandre, inspir\u00e9e du c\u00e9l\u00e8bre trencad\u00eds barcelonais. Fabriqu\u00e9e en c\u00e9ramique, cette boule pr\u00e9sente des motifs color\u00e9s de salamandres et de fleurs sur un fond simulant les mosa\u00efques caract\u00e9ristiques de Gaud\u00ed. La pi\u00e8ce comprend une bo\u00eete, id\u00e9ale pour offrir, et est orn\u00e9e d&rsquo;un ruban rouge qui lui donne une touche festive. Parfaite pour d\u00e9corer le sapin de No\u00ebl avec une touche culturelle.<\/p>\n","protected":false},"featured_media":9769,"template":"","meta":{"_acf_changed":false},"product_brand":[],"product_cat":[659],"product_tag":[530,646],"class_list":{"0":"post-26548","1":"product","2":"type-product","3":"status-publish","4":"has-post-thumbnail","6":"product_cat-boules-de-noel","7":"product_tag-animaux","8":"product_tag-noel","9":"pa_ciudad-barcelona","10":"pa_motivo-salamandres","11":"pa_pais-espana","13":"first","14":"instock","15":"shipping-taxable","16":"product-type-simple"},"acf":[],"_links":{"self":[{"href":"https:\/\/olemosaic.com\/fr\/wp-json\/wp\/v2\/product\/26548","targetHints":{"allow":["GET"]}}],"collection":[{"href":"https:\/\/olemosaic.com\/fr\/wp-json\/wp\/v2\/product"}],"about":[{"href":"https:\/\/olemosaic.com\/fr\/wp-json\/wp\/v2\/types\/product"}],"wp:featuredmedia":[{"embeddable":true,"href":"https:\/\/olemosaic.com\/fr\/wp-json\/wp\/v2\/media\/9769"}],"wp:attachment":[{"href":"https:\/\/olemosaic.com\/fr\/wp-json\/wp\/v2\/media?parent=26548"}],"wp:term":[{"taxonomy":"product_brand","embeddable":true,"href":"https:\/\/olemosaic.com\/fr\/wp-json\/wp\/v2\/product_brand?post=26548"},{"taxonomy":"product_cat","embeddable":true,"href":"https:\/\/olemosaic.com\/fr\/wp-json\/wp\/v2\/product_cat?post=26548"},{"taxonomy":"product_tag","embeddable":true,"href":"https:\/\/olemosaic.com\/fr\/wp-json\/wp\/v2\/product_tag?post=26548"}],"curies":[{"name":"wp","href":"https:\/\/api.w.org\/{rel}","templated":true}]}}