{"id":26536,"date":"2025-02-20T22:28:29","date_gmt":"2025-02-20T22:28:29","guid":{"rendered":"http:\/\/olemosaic.com\/producto\/bola-de-navidad-con-caja-delfin\/"},"modified":"2025-07-25T18:47:11","modified_gmt":"2025-07-25T16:47:11","slug":"boule-de-noel-avec-boite-dauphin","status":"publish","type":"product","link":"https:\/\/olemosaic.com\/fr\/produit\/boule-de-noel-avec-boite-dauphin\/","title":{"rendered":"Boule de No\u00ebl avec bo\u00eete. Dauphin."},"content":{"rendered":"<p>Cette boule de No\u00ebl d\u00e9corative au design de dauphins est une pi\u00e8ce magnifique qui capture l&rsquo;essence de la mer, parfaite pour ceux qui recherchent une touche vibrante dans leur d\u00e9coration de No\u00ebl. Pr\u00e9sent\u00e9 dans une bo\u00eete \u00e9l\u00e9gante, l&rsquo;ornement se distingue par son design color\u00e9 montrant des dauphins dans une explosion de tons bleus, jaunes et rouges, nageant joyeusement parmi des plantes marines luxuriantes. Fabriqu\u00e9e dans un mat\u00e9riau durable, cette boule n&rsquo;est pas seulement un ornement, mais un symbole de la joie et de la festivit\u00e9 de la saison de No\u00ebl.<\/p>\n<p>Le design artistique pr\u00e9sente des formes fluides et une finition brillante, \u00e9voquant la sensation de mouvement et de fra\u00eecheur de l&rsquo;oc\u00e9an. Les dauphins, connus pour leur intelligence et leur sociabilit\u00e9, ajoutent un \u00e9l\u00e9ment de joie et de connexion avec la nature, ce qui en fait un cadeau id\u00e9al pour les amoureux des paysages et de la vie marine. Ce souvenir est embl\u00e9matique de la culture c\u00f4ti\u00e8re, repr\u00e9sentant l&rsquo;h\u00e9ritage et la beaut\u00e9 naturelle que l&rsquo;on trouve dans de nombreuses r\u00e9gions maritimes.<\/p>\n<p>Chez Ol\u00e9 Mosaic, nous distribuons des souvenirs en gros et cette boule de No\u00ebl est une excellente option pour les boutiques de cadeaux touristiques \u00e0 la recherche de produits authentiques et ayant une signification culturelle. La boule d\u00e9corative servira non seulement de rappel charmant de No\u00ebl, mais aussi des merveilles de l&rsquo;oc\u00e9an, devenant un souvenir parfait pour ceux qui souhaitent emporter un morceau de l&rsquo;exp\u00e9rience maritime chez eux.<\/p>\n","protected":false},"excerpt":{"rendered":"<p>Boule de No\u00ebl d\u00e9corative au design de dauphins, pr\u00e9sent\u00e9e dans une bo\u00eete \u00e9l\u00e9gante. Cet ornement color\u00e9 et vibrant refl\u00e8te l&rsquo;essence de la mer, montrant des dauphins dans des tons bleus, jaunes et rouges nageant parmi des plantes marines. Fabriqu\u00e9e dans un mat\u00e9riau durable, cette boule capture la joie de No\u00ebl avec un design artistique qui se distingue par ses formes fluides et sa finition brillante. Un cadeau id\u00e9al pour ajouter une touche maritime \u00e0 la d\u00e9coration de No\u00ebl.<\/p>\n","protected":false},"featured_media":9835,"template":"","meta":{"_acf_changed":false},"product_brand":[],"product_cat":[659],"product_tag":[530,646],"class_list":{"0":"post-26536","1":"product","2":"type-product","3":"status-publish","4":"has-post-thumbnail","6":"product_cat-boules-de-noel","7":"product_tag-animaux","8":"product_tag-noel","9":"pa_motivo-dauphins","11":"first","12":"instock","13":"shipping-taxable","14":"product-type-simple"},"acf":[],"_links":{"self":[{"href":"https:\/\/olemosaic.com\/fr\/wp-json\/wp\/v2\/product\/26536","targetHints":{"allow":["GET"]}}],"collection":[{"href":"https:\/\/olemosaic.com\/fr\/wp-json\/wp\/v2\/product"}],"about":[{"href":"https:\/\/olemosaic.com\/fr\/wp-json\/wp\/v2\/types\/product"}],"wp:featuredmedia":[{"embeddable":true,"href":"https:\/\/olemosaic.com\/fr\/wp-json\/wp\/v2\/media\/9835"}],"wp:attachment":[{"href":"https:\/\/olemosaic.com\/fr\/wp-json\/wp\/v2\/media?parent=26536"}],"wp:term":[{"taxonomy":"product_brand","embeddable":true,"href":"https:\/\/olemosaic.com\/fr\/wp-json\/wp\/v2\/product_brand?post=26536"},{"taxonomy":"product_cat","embeddable":true,"href":"https:\/\/olemosaic.com\/fr\/wp-json\/wp\/v2\/product_cat?post=26536"},{"taxonomy":"product_tag","embeddable":true,"href":"https:\/\/olemosaic.com\/fr\/wp-json\/wp\/v2\/product_tag?post=26536"}],"curies":[{"name":"wp","href":"https:\/\/api.w.org\/{rel}","templated":true}]}}