{"id":26535,"date":"2025-02-20T22:28:29","date_gmt":"2025-02-20T22:28:29","guid":{"rendered":"http:\/\/olemosaic.com\/producto\/bola-de-navidad-con-caja-salamandra\/"},"modified":"2025-07-25T19:49:22","modified_gmt":"2025-07-25T17:49:22","slug":"boule-de-noel-avec-boite-salamandre","status":"publish","type":"product","link":"https:\/\/olemosaic.com\/fr\/produit\/boule-de-noel-avec-boite-salamandre\/","title":{"rendered":"Boule de No\u00ebl avec bo\u00eete. Salamandre."},"content":{"rendered":"<p>Cette boule de No\u00ebl d\u00e9corative avec bo\u00eete, inspir\u00e9e de la salamandre, est une pi\u00e8ce qui c\u00e9l\u00e8bre la riche tradition culturelle de l&rsquo;Espagne, parfaite pour orner n&rsquo;importe quel sapin de No\u00ebl. Avec un design vibrant, l&rsquo;ornementation pr\u00e9sente des salamandres multicolores qui dansent sur un fond blanc de trencad\u00eds, \u00e9voquant le chef-d&rsquo;\u0153uvre d&rsquo;Antoni Gaud\u00ed et son style embl\u00e9matique de mosa\u00efques. La palette de couleurs \u00e9clatantes, combinant verts, bleus, rouges et jaunes, n&rsquo;ajoute pas seulement une touche festive, mais capture \u00e9galement l&rsquo;essence de la flore et de la faune vibrantes de la r\u00e9gion.<\/p>\n<p>Chaque d\u00e9tail dans la repr\u00e9sentation de la salamandre est une interpr\u00e9tation fid\u00e8le de la connexion symbolique que cet animal poss\u00e8de dans la culture espagnole, o\u00f9 il est associ\u00e9 \u00e0 la protection et \u00e0 la renaissance. La boule est pr\u00e9sent\u00e9e dans une bo\u00eete \u00e9l\u00e9gante qui non seulement prot\u00e8ge l&rsquo;ornementation, mais en fait \u00e9galement un cadeau id\u00e9al pour les festivit\u00e9s. Ce souvenir d&rsquo;Espagne est une excellente option pour les touristes \u00e0 la recherche d&rsquo;une repr\u00e9sentation authentique et artistique de la culture locale.<\/p>\n<p>Chez Ol\u00e9 Mosaic, nous sommes sp\u00e9cialis\u00e9s dans la distribution de produits en gros, et cette boule de No\u00ebl est un article distinctif qui attirera les boutiques de cadeaux touristiques souhaitant proposer des produits authentiques. En recherchant des souvenirs d&rsquo;ornementation, cet article devient un choix id\u00e9al pour ceux qui veulent ramener un petit morceau de la tradition espagnole \u00e0 la maison.<\/p>\n","protected":false},"excerpt":{"rendered":"<p>Boule de No\u00ebl d\u00e9corative avec bo\u00eete, inspir\u00e9e de la salamandre, symbole de la tradition culturelle espagnole. Cet ornement pr\u00e9sente un design vibrant avec des salamandres multicolores sur un fond blanc de trencad\u00eds, \u00e9voquant le style des mosa\u00efques de Gaud\u00ed. Le produit, id\u00e9al pour d\u00e9corer n&rsquo;importe quel sapin de No\u00ebl, est livr\u00e9 avec une bo\u00eete \u00e9l\u00e9gante qui ajoute une touche festive et artistique aux c\u00e9l\u00e9brations.<\/p>\n","protected":false},"featured_media":9838,"template":"","meta":{"_acf_changed":false},"product_brand":[],"product_cat":[659],"product_tag":[530,646],"class_list":{"0":"post-26535","1":"product","2":"type-product","3":"status-publish","4":"has-post-thumbnail","6":"product_cat-boules-de-noel","7":"product_tag-animaux","8":"product_tag-noel","9":"pa_motivo-salamandres","11":"first","12":"instock","13":"shipping-taxable","14":"product-type-simple"},"acf":[],"_links":{"self":[{"href":"https:\/\/olemosaic.com\/fr\/wp-json\/wp\/v2\/product\/26535","targetHints":{"allow":["GET"]}}],"collection":[{"href":"https:\/\/olemosaic.com\/fr\/wp-json\/wp\/v2\/product"}],"about":[{"href":"https:\/\/olemosaic.com\/fr\/wp-json\/wp\/v2\/types\/product"}],"wp:featuredmedia":[{"embeddable":true,"href":"https:\/\/olemosaic.com\/fr\/wp-json\/wp\/v2\/media\/9838"}],"wp:attachment":[{"href":"https:\/\/olemosaic.com\/fr\/wp-json\/wp\/v2\/media?parent=26535"}],"wp:term":[{"taxonomy":"product_brand","embeddable":true,"href":"https:\/\/olemosaic.com\/fr\/wp-json\/wp\/v2\/product_brand?post=26535"},{"taxonomy":"product_cat","embeddable":true,"href":"https:\/\/olemosaic.com\/fr\/wp-json\/wp\/v2\/product_cat?post=26535"},{"taxonomy":"product_tag","embeddable":true,"href":"https:\/\/olemosaic.com\/fr\/wp-json\/wp\/v2\/product_tag?post=26535"}],"curies":[{"name":"wp","href":"https:\/\/api.w.org\/{rel}","templated":true}]}}