{"id":26534,"date":"2025-02-20T22:28:29","date_gmt":"2025-02-20T22:28:29","guid":{"rendered":"http:\/\/olemosaic.com\/producto\/bola-de-navidad-con-caja-panoramica-barcelona-multicolor-3\/"},"modified":"2025-07-25T19:56:41","modified_gmt":"2025-07-25T17:56:41","slug":"boule-de-noel-avec-boite-panoramique-barcelone-multicolore-fr-2","status":"publish","type":"product","link":"https:\/\/olemosaic.com\/fr\/produit\/boule-de-noel-avec-boite-panoramique-barcelone-multicolore-fr-2\/","title":{"rendered":"Boule de No\u00ebl avec bo\u00eete. Panoramique. Barcelone. Multicolore"},"content":{"rendered":"<p>Cette boule de No\u00ebl d\u00e9corative avec bo\u00eete pr\u00e9sente une vue panoramique color\u00e9e de Barcelone, en faisant un v\u00e9ritable hommage \u00e0 la beaut\u00e9 et \u00e0 la singularit\u00e9 de cette ville embl\u00e9matique. Fabriqu\u00e9e en c\u00e9ramique de haute qualit\u00e9, la boule se distingue par son design vibrant, qui capture l&rsquo;essence du modernisme catalan, avec l&rsquo;iconique Sagrada Familia comme protagoniste. Entour\u00e9e de mosa\u00efques multicolores, chaque d\u00e9tail de l&rsquo;illustration refl\u00e8te la cr\u00e9ativit\u00e9 et le g\u00e9nie architectural d&rsquo;Antoni Gaud\u00ed, ce qui en fait le souvenir parfait pour ceux qui souhaitent se rem\u00e9morer leur visite \u00e0 Barcelone.<\/p>\n<p>La combinaison de couleurs vives et l&rsquo;attention port\u00e9e aux d\u00e9tails font de cette boule d\u00e9corative une pi\u00e8ce ma\u00eetresse pour tout sapin de No\u00ebl, apportant une touche festive et culturelle \u00e0 la d\u00e9coration pendant la saison. Compl\u00e9t\u00e9e par un ruban violet, elle ajoute une touche d&rsquo;\u00e9l\u00e9gance et de joie. Cet ornement n&#8217;embellit pas seulement la maison pendant les f\u00eates, mais devient aussi un souvenir m\u00e9morable de la richesse culturelle de Barcelone, id\u00e9al pour les touristes \u00e0 la recherche de souvenirs authentiques de leur exp\u00e9rience.<\/p>\n<p>Chez Ol\u00e9 Mosaic, nous sommes sp\u00e9cialis\u00e9s dans la distribution de souvenirs en gros, et cette boule de No\u00ebl est une excellente option pour les boutiques de cadeaux touristiques \u00e0 la recherche de produits repr\u00e9sentatifs et de qualit\u00e9. Avec cette boule de No\u00ebl de Barcelone, nous garantissons un souvenir authentique qui c\u00e9l\u00e8bre le patrimoine culturel espagnol, parfait pour ceux qui souhaitent emporter un morceau de la ville avec eux.<\/p>\n","protected":false},"excerpt":{"rendered":"<p>Boule de No\u00ebl d\u00e9corative avec bo\u00eete, pr\u00e9sentant une vue panoramique color\u00e9e de Barcelone. Cet ornement, fabriqu\u00e9 en c\u00e9ramique, se distingue par son design vibrant, incluant la c\u00e9l\u00e8bre Sagrada Familia entour\u00e9e de mosa\u00efques multicolores. La boule est un hommage \u00e0 l&rsquo;architecture moderniste de la ville et est orn\u00e9e du mot \u00ab\u00a0Barcelone\u00a0\u00bb. Elle est compl\u00e9t\u00e9e par un ruban violet, lui donnant une touche festive id\u00e9ale pour le sapin de No\u00ebl.<\/p>\n","protected":false},"featured_media":9758,"template":"","meta":{"_acf_changed":false},"product_brand":[],"product_cat":[659],"product_tag":[646],"class_list":{"0":"post-26534","1":"product","2":"type-product","3":"status-publish","4":"has-post-thumbnail","6":"product_cat-boules-de-noel","7":"product_tag-noel","8":"pa_ciudad-barcelona","9":"pa_motivo-panoramas","10":"pa_pais-espana","12":"first","13":"instock","14":"shipping-taxable","15":"product-type-simple"},"acf":[],"_links":{"self":[{"href":"https:\/\/olemosaic.com\/fr\/wp-json\/wp\/v2\/product\/26534","targetHints":{"allow":["GET"]}}],"collection":[{"href":"https:\/\/olemosaic.com\/fr\/wp-json\/wp\/v2\/product"}],"about":[{"href":"https:\/\/olemosaic.com\/fr\/wp-json\/wp\/v2\/types\/product"}],"wp:featuredmedia":[{"embeddable":true,"href":"https:\/\/olemosaic.com\/fr\/wp-json\/wp\/v2\/media\/9758"}],"wp:attachment":[{"href":"https:\/\/olemosaic.com\/fr\/wp-json\/wp\/v2\/media?parent=26534"}],"wp:term":[{"taxonomy":"product_brand","embeddable":true,"href":"https:\/\/olemosaic.com\/fr\/wp-json\/wp\/v2\/product_brand?post=26534"},{"taxonomy":"product_cat","embeddable":true,"href":"https:\/\/olemosaic.com\/fr\/wp-json\/wp\/v2\/product_cat?post=26534"},{"taxonomy":"product_tag","embeddable":true,"href":"https:\/\/olemosaic.com\/fr\/wp-json\/wp\/v2\/product_tag?post=26534"}],"curies":[{"name":"wp","href":"https:\/\/api.w.org\/{rel}","templated":true}]}}