{"id":26533,"date":"2025-02-20T22:28:29","date_gmt":"2025-02-20T22:28:29","guid":{"rendered":"http:\/\/olemosaic.com\/producto\/bola-de-navidad-con-caja-panoramica-sevilla\/"},"modified":"2025-07-25T18:35:54","modified_gmt":"2025-07-25T16:35:54","slug":"boule-de-noel-avec-boite-panoramique-seville","status":"publish","type":"product","link":"https:\/\/olemosaic.com\/fr\/produit\/boule-de-noel-avec-boite-panoramique-seville\/","title":{"rendered":"Boule de No\u00ebl avec bo\u00eete. Panoramique. S\u00e9ville."},"content":{"rendered":"<p>Cette boule de No\u00ebl d\u00e9corative avec bo\u00eete est un excellent souvenir de S\u00e9ville, con\u00e7ue pour capturer l&rsquo;essence festive et culturelle de la ville andalouse. Elle pr\u00e9sente une charmante vue panoramique qui met en valeur l&rsquo;architecture typique de S\u00e9ville, o\u00f9 l&rsquo;on peut appr\u00e9cier les d\u00e9tails vibrants d&rsquo;un bel \u00e9difice orn\u00e9 de palmiers, le tout encadr\u00e9 par un motif de mosa\u00efques dans des tons bleus et terre qui \u00e9voque la riche tradition artistique de la r\u00e9gion. La boule est surmont\u00e9e d&rsquo;un d\u00e9licat ruban violet, ce qui ajoute une touche \u00e9l\u00e9gante et festive, parfaite pour d\u00e9corer votre sapin de No\u00ebl.<\/p>\n<p>Cet ornement n&rsquo;est pas seulement un \u00e9l\u00e9ment d\u00e9coratif, mais devient \u00e9galement un pr\u00e9cieux souvenir culturel qui rappelle votre visite \u00e0 S\u00e9ville. Son design vibrant est id\u00e9al pour les touristes \u00e0 la recherche de souvenirs authentiques refl\u00e9tant la beaut\u00e9 et l&rsquo;histoire du lieu, ce qui en fait un choix parfait pour les boutiques de cadeaux touristiques souhaitant proposer des produits repr\u00e9sentatifs de l&rsquo;Andalousie. Chez Ol\u00e9 Mosaic, sp\u00e9cialis\u00e9 dans la distribution de souvenirs en gros, nous garantissons l&rsquo;authenticit\u00e9 et la qualit\u00e9 de chaque pi\u00e8ce. Cette boule de No\u00ebl est un cadeau id\u00e9al pour ceux qui veulent emporter un petit morceau de S\u00e9ville et partager la merveille culturelle de la r\u00e9gion pendant la saison de No\u00ebl.<\/p>\n","protected":false},"excerpt":{"rendered":"<p>Boule de No\u00ebl d\u00e9corative avec bo\u00eete, illustr\u00e9e d&rsquo;une charmante vue panoramique de S\u00e9ville. Cet ornement festif pr\u00e9sente un design vibrant qui met en valeur l&rsquo;architecture andalouse, avec des d\u00e9tails d&rsquo;un \u00e9difice embl\u00e9matique et des palmiers, entour\u00e9 d&rsquo;un motif de mosa\u00efques dans des tons bleus et ocres. La boule est orn\u00e9e d&rsquo;un ruban violet, parfaite pour ajouter une touche de No\u00ebl et de culture \u00e0 votre sapin. Id\u00e9al comme souvenir de S\u00e9ville.<\/p>\n","protected":false},"featured_media":9859,"template":"","meta":{"_acf_changed":false},"product_brand":[],"product_cat":[659],"product_tag":[646],"class_list":{"0":"post-26533","1":"product","2":"type-product","3":"status-publish","4":"has-post-thumbnail","6":"product_cat-boules-de-noel","7":"product_tag-noel","8":"pa_ciudad-sevilla","9":"pa_motivo-panoramas","10":"pa_pais-espana","12":"first","13":"instock","14":"shipping-taxable","15":"product-type-simple"},"acf":[],"_links":{"self":[{"href":"https:\/\/olemosaic.com\/fr\/wp-json\/wp\/v2\/product\/26533","targetHints":{"allow":["GET"]}}],"collection":[{"href":"https:\/\/olemosaic.com\/fr\/wp-json\/wp\/v2\/product"}],"about":[{"href":"https:\/\/olemosaic.com\/fr\/wp-json\/wp\/v2\/types\/product"}],"wp:featuredmedia":[{"embeddable":true,"href":"https:\/\/olemosaic.com\/fr\/wp-json\/wp\/v2\/media\/9859"}],"wp:attachment":[{"href":"https:\/\/olemosaic.com\/fr\/wp-json\/wp\/v2\/media?parent=26533"}],"wp:term":[{"taxonomy":"product_brand","embeddable":true,"href":"https:\/\/olemosaic.com\/fr\/wp-json\/wp\/v2\/product_brand?post=26533"},{"taxonomy":"product_cat","embeddable":true,"href":"https:\/\/olemosaic.com\/fr\/wp-json\/wp\/v2\/product_cat?post=26533"},{"taxonomy":"product_tag","embeddable":true,"href":"https:\/\/olemosaic.com\/fr\/wp-json\/wp\/v2\/product_tag?post=26533"}],"curies":[{"name":"wp","href":"https:\/\/api.w.org\/{rel}","templated":true}]}}