{"id":26531,"date":"2025-02-20T22:28:29","date_gmt":"2025-02-20T22:28:29","guid":{"rendered":"http:\/\/olemosaic.com\/producto\/bola-de-navidad-con-caja-panoramica-barcelona\/"},"modified":"2025-07-25T18:49:14","modified_gmt":"2025-07-25T16:49:14","slug":"boule-de-noel-avec-boite-panoramique-barcelone","status":"publish","type":"product","link":"https:\/\/olemosaic.com\/fr\/produit\/boule-de-noel-avec-boite-panoramique-barcelone\/","title":{"rendered":"Boule de No\u00ebl avec bo\u00eete. Panoramique. Barcelone."},"content":{"rendered":"<p>Cette boule de No\u00ebl en c\u00e9ramique, pr\u00e9sent\u00e9e dans une \u00e9l\u00e9gante bo\u00eete, est un souvenir charmant qui capture l&rsquo;essence de Barcelone, une ville connue pour sa riche architecture et sa culture vibrante. D\u00e9cor\u00e9e d&rsquo;un panorama \u00e9blouissant, la boule expose des illustrations vibrantes de monuments embl\u00e9matiques tels que la majestueuse Sagrada Familia et l&rsquo;iconique Casa Batll\u00f3, dont les formes organiques et les d\u00e9tails fascinants sont admir\u00e9s dans le monde entier. Le fond en mosa\u00efque color\u00e9e \u00e9voque le style caract\u00e9ristique d&rsquo;Antoni Gaud\u00ed, c\u00e9l\u00e8bre pour sa capacit\u00e9 \u00e0 fusionner couleur et forme dans des chefs-d&rsquo;\u0153uvre architecturaux qui ornent la cit\u00e9 comtale.<\/p>\n<p>Le design comprend un d\u00e9licat ruban violet qui permet non seulement d&rsquo;accrocher la boule facilement, mais ajoute \u00e9galement une touche d&rsquo;\u00e9l\u00e9gance \u00e0 sa pr\u00e9sentation, en faisant un cadeau parfait pour les festivit\u00e9s. Ce souvenir de Barcelone n&rsquo;est pas seulement une d\u00e9coration de No\u00ebl, mais aussi un symbole culturel qui souligne le lien avec l&rsquo;h\u00e9ritage artistique de la r\u00e9gion. Chez Ol\u00e9 Mosaic, nous proposons cette boule dans le cadre d&rsquo;une collection de souvenirs authentiques c\u00e9l\u00e9brant les traditions et l&rsquo;art de l&rsquo;Espagne, id\u00e9ale pour les boutiques de cadeaux touristiques cherchant \u00e0 mettre en avant des produits de qualit\u00e9 avec un arri\u00e8re-plan culturel significatif. Cette boule de No\u00ebl est une option parfaite pour les touristes souhaitant emporter un morceau de l&rsquo;exp\u00e9rience magique de Barcelone.<\/p>\n","protected":false},"excerpt":{"rendered":"<p>Boule de No\u00ebl en c\u00e9ramique pr\u00e9sent\u00e9e dans une \u00e9l\u00e9gante bo\u00eete, d\u00e9cor\u00e9e d&rsquo;un charmant panorama de Barcelone. La boule montre des illustrations vibrantes de monuments embl\u00e9matiques tels que la Sagrada Familia et la Casa Batll\u00f3, combin\u00e9es \u00e0 un fond de mosa\u00efque color\u00e9e \u00e9voquant le style de Gaud\u00ed. Con\u00e7ue avec un ruban violet pour l&rsquo;accrocher, c&rsquo;est un souvenir parfait qui c\u00e9l\u00e8bre l&rsquo;architecture et la culture de la cit\u00e9 comtale.<\/p>\n","protected":false},"featured_media":9843,"template":"","meta":{"_acf_changed":false},"product_brand":[],"product_cat":[659],"product_tag":[646],"class_list":{"0":"post-26531","1":"product","2":"type-product","3":"status-publish","4":"has-post-thumbnail","6":"product_cat-boules-de-noel","7":"product_tag-noel","8":"pa_ciudad-barcelona","9":"pa_motivo-panoramas","10":"pa_pais-espana","12":"first","13":"instock","14":"shipping-taxable","15":"product-type-simple"},"acf":[],"_links":{"self":[{"href":"https:\/\/olemosaic.com\/fr\/wp-json\/wp\/v2\/product\/26531","targetHints":{"allow":["GET"]}}],"collection":[{"href":"https:\/\/olemosaic.com\/fr\/wp-json\/wp\/v2\/product"}],"about":[{"href":"https:\/\/olemosaic.com\/fr\/wp-json\/wp\/v2\/types\/product"}],"wp:featuredmedia":[{"embeddable":true,"href":"https:\/\/olemosaic.com\/fr\/wp-json\/wp\/v2\/media\/9843"}],"wp:attachment":[{"href":"https:\/\/olemosaic.com\/fr\/wp-json\/wp\/v2\/media?parent=26531"}],"wp:term":[{"taxonomy":"product_brand","embeddable":true,"href":"https:\/\/olemosaic.com\/fr\/wp-json\/wp\/v2\/product_brand?post=26531"},{"taxonomy":"product_cat","embeddable":true,"href":"https:\/\/olemosaic.com\/fr\/wp-json\/wp\/v2\/product_cat?post=26531"},{"taxonomy":"product_tag","embeddable":true,"href":"https:\/\/olemosaic.com\/fr\/wp-json\/wp\/v2\/product_tag?post=26531"}],"curies":[{"name":"wp","href":"https:\/\/api.w.org\/{rel}","templated":true}]}}