{"id":26530,"date":"2025-02-20T22:28:29","date_gmt":"2025-02-20T22:28:29","guid":{"rendered":"http:\/\/olemosaic.com\/producto\/bola-de-navidad-con-caja-panoramica-valencia\/"},"modified":"2025-07-25T18:45:23","modified_gmt":"2025-07-25T16:45:23","slug":"boule-de-noel-avec-boite-panoramique-valence","status":"publish","type":"product","link":"https:\/\/olemosaic.com\/fr\/produit\/boule-de-noel-avec-boite-panoramique-valence\/","title":{"rendered":"Boule de No\u00ebl avec bo\u00eete. Panoramique. Valence."},"content":{"rendered":"<p>Cette boule de No\u00ebl avec bo\u00eete pr\u00e9sente un charmant panorama de Valence, en faisant un souvenir de No\u00ebl parfait pour ceux qui souhaitent emporter un petit morceau de cette ville vibrante. Fabriqu\u00e9e en c\u00e9ramique de haute qualit\u00e9, cette pi\u00e8ce se distingue par ses couleurs vives et ses d\u00e9tails artistiques \u00e9voquant la mosa\u00efque caract\u00e9ristique de Valence, un art synonyme de cette r\u00e9gion. Sur la partie frontale, on peut appr\u00e9cier une repr\u00e9sentation stylis\u00e9e de la Loge de la Soie (Lonja de la Seda) et de la Cath\u00e9drale de Valence, des monuments embl\u00e9matiques qui refl\u00e8tent la riche histoire et l&rsquo;architecture de la ville. La combinaison de tons jaunes, rouges et bleus rehausse la beaut\u00e9 de ces \u00e9difices, tandis que son design contemporain offre une touche moderne qui s&rsquo;int\u00e8gre dans toute d\u00e9coration de No\u00ebl.<\/p>\n<p>La boule est orn\u00e9e d&rsquo;un d\u00e9licat ruban fuchsia, qui lui donne non seulement une touche festive, mais en fait \u00e9galement un cadeau id\u00e9al. Ce souvenir de Valence n&#8217;embellit pas seulement la maison pendant les festivit\u00e9s, il sert aussi de rappel de la richesse culturelle et du patrimoine de cette ville merveilleuse. Chez Ol\u00e9 Mosaic, nous nous sp\u00e9cialisons dans la distribution de souvenirs en gros, et cette boule de No\u00ebl est une excellente option pour les boutiques de cadeaux touristiques cherchant \u00e0 offrir des produits authentiques et repr\u00e9sentatifs de la tradition espagnole.<\/p>\n","protected":false},"excerpt":{"rendered":"<p>Boule de No\u00ebl avec une bo\u00eete pr\u00e9sentant un charmant panorama de Valence. Cet ornement de No\u00ebl combine des \u00e9l\u00e9ments architecturaux iconiques, comme la Loge de la Soie et la Cath\u00e9drale, mettant en valeur ses couleurs vibrantes dans une d\u00e9coration de style contemporain. Fabriqu\u00e9e en c\u00e9ramique, sa surface comprend des d\u00e9tails artistiques rappelant la mosa\u00efque de Valence. La boule est compl\u00e9t\u00e9e par un ruban fuchsia, id\u00e9al pour rehausser la magie de No\u00ebl dans votre foyer.<\/p>\n","protected":false},"featured_media":9848,"template":"","meta":{"_acf_changed":false},"product_brand":[],"product_cat":[659],"product_tag":[646],"class_list":{"0":"post-26530","1":"product","2":"type-product","3":"status-publish","4":"has-post-thumbnail","6":"product_cat-boules-de-noel","7":"product_tag-noel","8":"pa_ciudad-valencia","9":"pa_motivo-panoramas","10":"pa_pais-espana","12":"first","13":"instock","14":"shipping-taxable","15":"product-type-simple"},"acf":[],"_links":{"self":[{"href":"https:\/\/olemosaic.com\/fr\/wp-json\/wp\/v2\/product\/26530","targetHints":{"allow":["GET"]}}],"collection":[{"href":"https:\/\/olemosaic.com\/fr\/wp-json\/wp\/v2\/product"}],"about":[{"href":"https:\/\/olemosaic.com\/fr\/wp-json\/wp\/v2\/types\/product"}],"wp:featuredmedia":[{"embeddable":true,"href":"https:\/\/olemosaic.com\/fr\/wp-json\/wp\/v2\/media\/9848"}],"wp:attachment":[{"href":"https:\/\/olemosaic.com\/fr\/wp-json\/wp\/v2\/media?parent=26530"}],"wp:term":[{"taxonomy":"product_brand","embeddable":true,"href":"https:\/\/olemosaic.com\/fr\/wp-json\/wp\/v2\/product_brand?post=26530"},{"taxonomy":"product_cat","embeddable":true,"href":"https:\/\/olemosaic.com\/fr\/wp-json\/wp\/v2\/product_cat?post=26530"},{"taxonomy":"product_tag","embeddable":true,"href":"https:\/\/olemosaic.com\/fr\/wp-json\/wp\/v2\/product_tag?post=26530"}],"curies":[{"name":"wp","href":"https:\/\/api.w.org\/{rel}","templated":true}]}}