{"id":26529,"date":"2025-02-20T22:28:28","date_gmt":"2025-02-20T22:28:28","guid":{"rendered":"http:\/\/olemosaic.com\/producto\/bola-de-navidad-con-caja-mariposa-valencia\/"},"modified":"2025-07-25T19:39:53","modified_gmt":"2025-07-25T17:39:53","slug":"boule-de-noel-avec-boite-papillon-valence","status":"publish","type":"product","link":"https:\/\/olemosaic.com\/fr\/produit\/boule-de-noel-avec-boite-papillon-valence\/","title":{"rendered":"Boule de No\u00ebl avec bo\u00eete. Papillon. Valence."},"content":{"rendered":"<p>Cette boule de No\u00ebl avec bo\u00eete pr\u00e9sente un design vibrant de papillons et de fleurs qui \u00e9voque la riche tradition artisanale de Valence. \u00c9labor\u00e9e en c\u00e9ramique, sa finition simule la c\u00e9l\u00e8bre mosa\u00efque qui orne de nombreux coins de la ville, mettant en avant une explosion de couleurs vives comme le bleu, le jaune et le rouge, qui captent imm\u00e9diatement l&rsquo;attention et ajoutent une touche festive \u00e0 toute d\u00e9coration de No\u00ebl. La boule porte l&rsquo;inscription \u00ab\u00a0Valence\u00a0\u00bb dans un style frappant qui souligne son origine et sa connexion culturelle. Cet ornement comprend un d\u00e9licat ruban rose pour l&rsquo;accrocher, garantissant qu&rsquo;il devienne un \u00e9l\u00e9ment d\u00e9coratif de premier plan sur n&rsquo;importe quel sapin de No\u00ebl.<\/p>\n<p>La th\u00e9matique des papillons et des fleurs apporte non seulement un \u00e9l\u00e9ment visuel charmant, mais symbolise \u00e9galement la beaut\u00e9 et la diversit\u00e9 de la flore locale de Valence. Ce souvenir n&rsquo;est pas seulement une pi\u00e8ce d\u00e9corative, il encapsule l&rsquo;essence et l&rsquo;art de la r\u00e9gion. Chez Ol\u00e9 Mosaic, nous nous consacrons \u00e0 la distribution de souvenirs en gros, offrant des produits qui mettent en valeur la culture et la tradition de chaque destination. Cette boule de No\u00ebl est une option id\u00e9ale pour les boutiques de cadeaux touristiques cherchant \u00e0 offrir \u00e0 leurs clients un souvenir significatif et color\u00e9 de la ville, en faisant un excellent choix pour les touristes \u00e0 la recherche de souvenirs de Valence.<\/p>\n","protected":false},"excerpt":{"rendered":"<p>Boule de No\u00ebl avec bo\u00eete, d\u00e9cor\u00e9e d&rsquo;un design vibrant de papillons et de fleurs inspir\u00e9 de l&rsquo;artisanat typique de Valence. Cette pi\u00e8ce, avec une finition c\u00e9ramique simulant la c\u00e9l\u00e8bre mosa\u00efque de la ville, se distingue par ses couleurs vives : bleu, jaune et rouge. La boule, qui porte l&rsquo;inscription \u00ab\u00a0Valence\u00a0\u00bb dans un style accrocheur, comprend un ruban rose pour l&rsquo;accrocher, id\u00e9al pour donner une touche festive et culturelle \u00e0 votre sapin de No\u00ebl.<\/p>\n","protected":false},"featured_media":9850,"template":"","meta":{"_acf_changed":false},"product_brand":[],"product_cat":[659],"product_tag":[530,646],"class_list":{"0":"post-26529","1":"product","2":"type-product","3":"status-publish","4":"has-post-thumbnail","6":"product_cat-boules-de-noel","7":"product_tag-animaux","8":"product_tag-noel","9":"pa_ciudad-valencia","10":"pa_motivo-papillons","11":"pa_pais-espana","13":"first","14":"instock","15":"shipping-taxable","16":"product-type-simple"},"acf":[],"_links":{"self":[{"href":"https:\/\/olemosaic.com\/fr\/wp-json\/wp\/v2\/product\/26529","targetHints":{"allow":["GET"]}}],"collection":[{"href":"https:\/\/olemosaic.com\/fr\/wp-json\/wp\/v2\/product"}],"about":[{"href":"https:\/\/olemosaic.com\/fr\/wp-json\/wp\/v2\/types\/product"}],"wp:featuredmedia":[{"embeddable":true,"href":"https:\/\/olemosaic.com\/fr\/wp-json\/wp\/v2\/media\/9850"}],"wp:attachment":[{"href":"https:\/\/olemosaic.com\/fr\/wp-json\/wp\/v2\/media?parent=26529"}],"wp:term":[{"taxonomy":"product_brand","embeddable":true,"href":"https:\/\/olemosaic.com\/fr\/wp-json\/wp\/v2\/product_brand?post=26529"},{"taxonomy":"product_cat","embeddable":true,"href":"https:\/\/olemosaic.com\/fr\/wp-json\/wp\/v2\/product_cat?post=26529"},{"taxonomy":"product_tag","embeddable":true,"href":"https:\/\/olemosaic.com\/fr\/wp-json\/wp\/v2\/product_tag?post=26529"}],"curies":[{"name":"wp","href":"https:\/\/api.w.org\/{rel}","templated":true}]}}