{"id":26528,"date":"2025-02-20T22:28:28","date_gmt":"2025-02-20T22:28:28","guid":{"rendered":"http:\/\/olemosaic.com\/producto\/bola-de-navidad-con-caja-mosaico-3\/"},"modified":"2025-07-25T18:49:10","modified_gmt":"2025-07-25T16:49:10","slug":"boule-de-noel-avec-boite-mosaique-3","status":"publish","type":"product","link":"https:\/\/olemosaic.com\/fr\/produit\/boule-de-noel-avec-boite-mosaique-3\/","title":{"rendered":"Boule de No\u00ebl avec bo\u00eete. Mosa\u00efque."},"content":{"rendered":"<p>Cette boule de No\u00ebl avec bo\u00eete est une pi\u00e8ce unique qui int\u00e8gre la couleur et la beaut\u00e9 de l&rsquo;art de la mosa\u00efque espagnole. Con\u00e7ue avec une vari\u00e9t\u00e9 de motifs typiques de la c\u00e9ramique traditionnelle, cette d\u00e9coration pr\u00e9sente une palette vibrante de tons bleus, rouges, jaunes et oranges, qui \u00e9voquent le riche h\u00e9ritage artistique de l&rsquo;Espagne. Chaque section de la boule pr\u00e9sente des motifs complexes inspir\u00e9s des azulejos classiques qui ornent les \u00e9glises et les places espagnoles, faisant de cet ornement un lien direct avec les traditions culturelles du pays.<\/p>\n<p>Fabriqu\u00e9e dans un mat\u00e9riau r\u00e9sistant, cette boule n&rsquo;est pas seulement un attrait visuel pour votre sapin de No\u00ebl, mais elle garantit \u00e9galement une durabilit\u00e9 ann\u00e9e apr\u00e8s ann\u00e9e. L&rsquo;\u00e9l\u00e9gante bo\u00eete de pr\u00e9sentation qui l&rsquo;accompagne ajoute une touche de sophistication, en faisant le cadeau parfait pour ceux qui recherchent un souvenir authentique de l&rsquo;Espagne. Cet objet est id\u00e9al non seulement pour les festivit\u00e9s, mais aussi comme \u00e9l\u00e9ment d\u00e9coratif c\u00e9l\u00e9brant l&rsquo;essence de la culture espagnole tout au long de l&rsquo;ann\u00e9e.<\/p>\n<p>Chez Ol\u00e9 Mosaic, nous sommes sp\u00e9cialistes de la distribution de souvenirs en gros et proposons des produits authentiques qui refl\u00e8tent la diversit\u00e9 culturelle de l&rsquo;Espagne. La boule de No\u00ebl avec mosa\u00efques est une excellente option pour les boutiques de cadeaux touristiques souhaitant offrir quelque chose de sp\u00e9cial et de significatif \u00e0 leurs clients, en faisant un cadeau inoubliable et repr\u00e9sentatif de la tradition espagnole.<\/p>\n","protected":false},"excerpt":{"rendered":"<p>Boule de No\u00ebl avec bo\u00eete, d\u00e9cor\u00e9e d&rsquo;un design vibrant de mosa\u00efques color\u00e9es. Cette pi\u00e8ce unique pr\u00e9sente une vari\u00e9t\u00e9 de motifs typiques de la c\u00e9ramique espagnole, avec des tons bleus, rouges, jaunes et oranges \u00e9voquant l&rsquo;art traditionnel. Fabriqu\u00e9e dans un mat\u00e9riau r\u00e9sistant, elle inclut une \u00e9l\u00e9gante bo\u00eete pour sa pr\u00e9sentation. Id\u00e9ale pour ajouter une touche festive et culturelle \u00e0 votre sapin de No\u00ebl, refl\u00e9tant le riche h\u00e9ritage artistique de l&rsquo;Espagne.<\/p>\n","protected":false},"featured_media":9829,"template":"","meta":{"_acf_changed":false},"product_brand":[],"product_cat":[659],"product_tag":[646],"class_list":{"0":"post-26528","1":"product","2":"type-product","3":"status-publish","4":"has-post-thumbnail","6":"product_cat-boules-de-noel","7":"product_tag-noel","8":"pa_motivo-mosaique","10":"first","11":"instock","12":"shipping-taxable","13":"product-type-simple"},"acf":[],"_links":{"self":[{"href":"https:\/\/olemosaic.com\/fr\/wp-json\/wp\/v2\/product\/26528","targetHints":{"allow":["GET"]}}],"collection":[{"href":"https:\/\/olemosaic.com\/fr\/wp-json\/wp\/v2\/product"}],"about":[{"href":"https:\/\/olemosaic.com\/fr\/wp-json\/wp\/v2\/types\/product"}],"wp:featuredmedia":[{"embeddable":true,"href":"https:\/\/olemosaic.com\/fr\/wp-json\/wp\/v2\/media\/9829"}],"wp:attachment":[{"href":"https:\/\/olemosaic.com\/fr\/wp-json\/wp\/v2\/media?parent=26528"}],"wp:term":[{"taxonomy":"product_brand","embeddable":true,"href":"https:\/\/olemosaic.com\/fr\/wp-json\/wp\/v2\/product_brand?post=26528"},{"taxonomy":"product_cat","embeddable":true,"href":"https:\/\/olemosaic.com\/fr\/wp-json\/wp\/v2\/product_cat?post=26528"},{"taxonomy":"product_tag","embeddable":true,"href":"https:\/\/olemosaic.com\/fr\/wp-json\/wp\/v2\/product_tag?post=26528"}],"curies":[{"name":"wp","href":"https:\/\/api.w.org\/{rel}","templated":true}]}}