{"id":26526,"date":"2025-02-20T22:28:28","date_gmt":"2025-02-20T22:28:28","guid":{"rendered":"http:\/\/olemosaic.com\/producto\/bola-de-navidad-con-caja-patio\/"},"modified":"2025-07-25T18:49:08","modified_gmt":"2025-07-25T16:49:08","slug":"boule-de-noel-avec-boite-patio","status":"publish","type":"product","link":"https:\/\/olemosaic.com\/fr\/produit\/boule-de-noel-avec-boite-patio\/","title":{"rendered":"Boule de No\u00ebl avec bo\u00eete. Patio."},"content":{"rendered":"<p>Cette boule de No\u00ebl avec bo\u00eete est un v\u00e9ritable hommage au folklore espagnol, id\u00e9al pour ceux qui souhaitent apporter un morceau de la culture andalouse dans leur foyer pendant les f\u00eates. D\u00e9cor\u00e9e d&rsquo;un design vibrant, la boule pr\u00e9sente une charmante danseuse v\u00eatue d&rsquo;une robe rouge \u00e9clatante \u00e0 pois noirs, repr\u00e9sentant la passion et l&rsquo;art du flamenco, entour\u00e9e d&rsquo;\u00e9l\u00e9ments iconiques tels qu&rsquo;une guitare et un meuble d\u00e9cor\u00e9, qui insufflent un air festif \u00e0 la sc\u00e8ne. Le fond, simulant le c\u00e9l\u00e8bre trencad\u00eds, une caract\u00e9ristique architecturale andalouse, apporte une touche de couleur et de dynamisme, \u00e9voquant l&rsquo;ambiance joyeuse de ses rues.<\/p>\n<p>Le produit est pr\u00e9sent\u00e9 dans une bo\u00eete \u00e9l\u00e9gante, ce qui en fait un cadeau parfait pour les amis et la famille, tout en offrant une option distinctive pour d\u00e9corer la maison. Ce souvenir de No\u00ebl ne capture pas seulement l&rsquo;essence et la joie de la tradition espagnole, mais symbolise \u00e9galement un moment sp\u00e9cial \u00e0 se rem\u00e9morer. En choisissant cette boule de No\u00ebl, vous n&rsquo;optez pas seulement pour un ornement, mais pour un symbole d&rsquo;authenticit\u00e9 et de diversit\u00e9 culturelle. Chez Ol\u00e9 Mosaic, en tant que sp\u00e9cialistes de la distribution de souvenirs en gros, nous garantissons la qualit\u00e9 et la pertinence culturelle de chaque article, ce qui fait de cette boule une excellente option pour les boutiques de souvenirs touristiques \u00e0 la recherche de produits authentiques repr\u00e9sentant l&rsquo;Espagne.<\/p>\n","protected":false},"excerpt":{"rendered":"<p>Boule de No\u00ebl avec bo\u00eete, d\u00e9cor\u00e9e d&rsquo;un design vibrant \u00e9voquant le folklore espagnol. L&rsquo;ornement pr\u00e9sente une danseuse v\u00eatue de rouge \u00e0 pois noirs, entour\u00e9e d&rsquo;\u00e9l\u00e9ments traditionnels comme une guitare et un meuble d\u00e9cor\u00e9. Le fond simule l&rsquo;iconique trencad\u00eds, caract\u00e9ristique des rues andalouses, apportant un air festif et culturel. Pr\u00e9sent\u00e9e dans une bo\u00eete \u00e9l\u00e9gante, elle est id\u00e9ale pour offrir et d\u00e9corer votre maison pendant les f\u00eates.<\/p>\n","protected":false},"featured_media":9751,"template":"","meta":{"_acf_changed":false},"product_brand":[],"product_cat":[659],"product_tag":[646],"class_list":{"0":"post-26526","1":"product","2":"type-product","3":"status-publish","4":"has-post-thumbnail","6":"product_cat-boules-de-noel","7":"product_tag-noel","8":"pa_motivo-cours-interieures","10":"first","11":"instock","12":"shipping-taxable","13":"product-type-simple"},"acf":[],"_links":{"self":[{"href":"https:\/\/olemosaic.com\/fr\/wp-json\/wp\/v2\/product\/26526","targetHints":{"allow":["GET"]}}],"collection":[{"href":"https:\/\/olemosaic.com\/fr\/wp-json\/wp\/v2\/product"}],"about":[{"href":"https:\/\/olemosaic.com\/fr\/wp-json\/wp\/v2\/types\/product"}],"wp:featuredmedia":[{"embeddable":true,"href":"https:\/\/olemosaic.com\/fr\/wp-json\/wp\/v2\/media\/9751"}],"wp:attachment":[{"href":"https:\/\/olemosaic.com\/fr\/wp-json\/wp\/v2\/media?parent=26526"}],"wp:term":[{"taxonomy":"product_brand","embeddable":true,"href":"https:\/\/olemosaic.com\/fr\/wp-json\/wp\/v2\/product_brand?post=26526"},{"taxonomy":"product_cat","embeddable":true,"href":"https:\/\/olemosaic.com\/fr\/wp-json\/wp\/v2\/product_cat?post=26526"},{"taxonomy":"product_tag","embeddable":true,"href":"https:\/\/olemosaic.com\/fr\/wp-json\/wp\/v2\/product_tag?post=26526"}],"curies":[{"name":"wp","href":"https:\/\/api.w.org\/{rel}","templated":true}]}}