{"id":26524,"date":"2025-02-20T22:28:28","date_gmt":"2025-02-20T22:28:28","guid":{"rendered":"http:\/\/olemosaic.com\/producto\/aceitera-de-ceramica-punt-de-trobada-beige\/"},"modified":"2025-07-25T18:38:03","modified_gmt":"2025-07-25T16:38:03","slug":"huilier-en-ceramique-punt-de-trobada-beige","status":"publish","type":"product","link":"https:\/\/olemosaic.com\/fr\/produit\/huilier-en-ceramique-punt-de-trobada-beige\/","title":{"rendered":"Huilier en c\u00e9ramique. Punt de trobada. Beige"},"content":{"rendered":"<p>Cet huilier en c\u00e9ramique d\u00e9cor\u00e9 est une c\u00e9l\u00e9bration de l&rsquo;art m\u00e9diterran\u00e9en, id\u00e9al pour ceux qui recherchent un souvenir authentique de la riche culture espagnole. Avec une finition \u00e9l\u00e9gante en beige, cette pi\u00e8ce se distingue par son illustration vibrante de motifs abstraits, combinant des tons de rouge, bleu, jaune et vert. Ces couleurs \u00e9voquent la diversit\u00e9 et la vitalit\u00e9 du patrimoine gastronomique espagnol, faisant de chaque utilisation une exp\u00e9rience esth\u00e9tique. \u00c9quip\u00e9s d&rsquo;un bouchon distributeur pratique, ces huiliers offrent une fonctionnalit\u00e9 sans sacrifier le style, devenant un objet d\u00e9coratif qui rehausse n&rsquo;importe quelle table. La c\u00e9ramique utilis\u00e9e apporte non seulement de la durabilit\u00e9, mais refl\u00e8te \u00e9galement la tradition artisanale de la r\u00e9gion, ce qui en fait un excellent cadeau pour les amateurs de cuisine et d&rsquo;art. Chez Ol\u00e9 Mosaic, nous nous sp\u00e9cialisons dans la distribution de souvenirs en gros, et cet huilier est une option parfaite pour les boutiques de souvenirs touristiques cherchant \u00e0 proposer des produits qui capturent l&rsquo;essence culturelle espagnole. Avec son style unique et son lien avec le riche h\u00e9ritage de la M\u00e9diterran\u00e9e, cet huilier s&rsquo;\u00e9rige comme un souvenir repr\u00e9sentatif et authentique, id\u00e9al pour les touristes souhaitant ramener un morceau d&rsquo;Espagne chez eux.<\/p>\n","protected":false},"excerpt":{"rendered":"<p>Huilier en c\u00e9ramique d\u00e9cor\u00e9, inspir\u00e9 par l&rsquo;art color\u00e9 de la r\u00e9gion m\u00e9diterran\u00e9enne. Avec une finition beige, cette pi\u00e8ce pr\u00e9sente une illustration vibrante de motifs abstraits dans des tons rouge, bleu, jaune et vert, \u00e9voquant la richesse culturelle et gastronomique du sol espagnol. \u00c9quip\u00e9s d&rsquo;un bouchon distributeur, ces huiliers sont id\u00e9aux pour ajouter une touche artistique \u00e0 n&rsquo;importe quelle table et constituent une option fonctionnelle et d\u00e9corative pour les amateurs de cuisine.<\/p>\n","protected":false},"featured_media":10036,"template":"","meta":{"_acf_changed":false},"product_brand":[],"product_cat":[782],"product_tag":[585],"class_list":{"0":"post-26524","1":"product","2":"type-product","3":"status-publish","4":"has-post-thumbnail","6":"product_cat-huiliers","7":"product_tag-ceramique","8":"pa_motivo-punt-de-trobada","10":"first","11":"instock","12":"shipping-taxable","13":"product-type-simple"},"acf":[],"_links":{"self":[{"href":"https:\/\/olemosaic.com\/fr\/wp-json\/wp\/v2\/product\/26524","targetHints":{"allow":["GET"]}}],"collection":[{"href":"https:\/\/olemosaic.com\/fr\/wp-json\/wp\/v2\/product"}],"about":[{"href":"https:\/\/olemosaic.com\/fr\/wp-json\/wp\/v2\/types\/product"}],"wp:featuredmedia":[{"embeddable":true,"href":"https:\/\/olemosaic.com\/fr\/wp-json\/wp\/v2\/media\/10036"}],"wp:attachment":[{"href":"https:\/\/olemosaic.com\/fr\/wp-json\/wp\/v2\/media?parent=26524"}],"wp:term":[{"taxonomy":"product_brand","embeddable":true,"href":"https:\/\/olemosaic.com\/fr\/wp-json\/wp\/v2\/product_brand?post=26524"},{"taxonomy":"product_cat","embeddable":true,"href":"https:\/\/olemosaic.com\/fr\/wp-json\/wp\/v2\/product_cat?post=26524"},{"taxonomy":"product_tag","embeddable":true,"href":"https:\/\/olemosaic.com\/fr\/wp-json\/wp\/v2\/product_tag?post=26524"}],"curies":[{"name":"wp","href":"https:\/\/api.w.org\/{rel}","templated":true}]}}