{"id":26523,"date":"2025-02-20T23:28:28","date_gmt":"2025-02-20T22:28:28","guid":{"rendered":"http:\/\/olemosaic.com\/producto\/aceitera-de-ceramica-salamandra-barcelona-calca-beige\/"},"modified":"2025-07-25T23:44:58","modified_gmt":"2025-07-25T21:44:58","slug":"huilier-en-ceramique-salamandre-barcelone-decalcomanie-beige","status":"publish","type":"product","link":"https:\/\/olemosaic.com\/fr\/produit\/huilier-en-ceramique-salamandre-barcelone-decalcomanie-beige\/","title":{"rendered":"Huilier en c\u00e9ramique. Salamandre. Barcelone. D\u00e9calcomanie. Beige"},"content":{"rendered":"<p>Cet huilier en c\u00e9ramique d\u00e9cor\u00e9 de salamandres vibrantes est une ic\u00f4ne de la culture culinaire barcelonaise, con\u00e7u pour ajouter une touche de couleur et d&rsquo;authenticit\u00e9 \u00e0 n&rsquo;importe quelle cuisine. Fabriqu\u00e9e en c\u00e9ramique de haute qualit\u00e9, la pi\u00e8ce pr\u00e9sente une base beige qui sert de toile parfaite pour ses d\u00e9tails complexes peints \u00e0 la main. Les salamandres, repr\u00e9sent\u00e9es dans des tons vifs de rouge, bleu et vert, non seulement embellissent le design, mais \u00e9voquent \u00e9galement l&rsquo;esprit artistique et la biodiversit\u00e9 qui caract\u00e9risent la r\u00e9gion. Sur la partie sup\u00e9rieure, un distributeur pratique facilite l&rsquo;utilisation de l&rsquo;huile, transformant cet huilier en un outil \u00e0 la fois fonctionnel et d\u00e9coratif.<\/p>\n<p>Le mot \u00ab\u00a0Barcelona\u00a0\u00bb est \u00e9l\u00e9gamment grav\u00e9 sur la partie sup\u00e9rieure, soulignant son identit\u00e9 en tant qu&rsquo;authentique souvenir de la ville, id\u00e9al pour ceux qui cherchent \u00e0 ramener chez eux un morceau de sa culture \u00e9cologique et gastronomique. Cet huilier se distingue non seulement comme un accessoire quotidien, mais comme un rappel de la riche tradition culinaire catalane, qui valorise la qualit\u00e9 et la pr\u00e9sentation de ses plats typiques. Chez Ol\u00e9 Mosaic, nous proposons cet exquis huilier de salamandres en gros, un article parfait pour les boutiques de souvenirs touristiques souhaitant offrir des produits authentiques et pleins de caract\u00e8re, id\u00e9aux comme souvenirs de Barcelone capturant l&rsquo;essence de la ville.<\/p>\n","protected":false},"excerpt":{"rendered":"<p>Huilier en c\u00e9ramique d\u00e9cor\u00e9 d&rsquo;un design vibrant de salamandres, repr\u00e9sentatif de Barcelone. Fabriqu\u00e9e en c\u00e9ramique de haute qualit\u00e9, cette pi\u00e8ce pr\u00e9sente une base beige et des d\u00e9tails peints \u00e0 la main avec des couleurs vives qui \u00e9voquent l&rsquo;esprit artistique de la ville. La partie sup\u00e9rieure comprend un distributeur pratique, id\u00e9al pour l&rsquo;huile, et le mot \u00ab\u00a0Barcelona\u00a0\u00bb grav\u00e9, en faisant un \u00e9l\u00e9gant souvenir pour les amoureux de la gastronomie et de la culture catalane.<\/p>\n","protected":false},"featured_media":7350,"template":"","meta":{"_acf_changed":false},"product_brand":[],"product_cat":[782],"product_tag":[530,585],"class_list":{"0":"post-26523","1":"product","2":"type-product","3":"status-publish","4":"has-post-thumbnail","6":"product_cat-huiliers","7":"product_tag-animaux","8":"product_tag-ceramique","9":"pa_ciudad-barcelona","10":"pa_motivo-salamandres","11":"pa_pais-espana","13":"first","14":"instock","15":"shipping-taxable","16":"product-type-simple"},"acf":[],"_links":{"self":[{"href":"https:\/\/olemosaic.com\/fr\/wp-json\/wp\/v2\/product\/26523","targetHints":{"allow":["GET"]}}],"collection":[{"href":"https:\/\/olemosaic.com\/fr\/wp-json\/wp\/v2\/product"}],"about":[{"href":"https:\/\/olemosaic.com\/fr\/wp-json\/wp\/v2\/types\/product"}],"wp:featuredmedia":[{"embeddable":true,"href":"https:\/\/olemosaic.com\/fr\/wp-json\/wp\/v2\/media\/7350"}],"wp:attachment":[{"href":"https:\/\/olemosaic.com\/fr\/wp-json\/wp\/v2\/media?parent=26523"}],"wp:term":[{"taxonomy":"product_brand","embeddable":true,"href":"https:\/\/olemosaic.com\/fr\/wp-json\/wp\/v2\/product_brand?post=26523"},{"taxonomy":"product_cat","embeddable":true,"href":"https:\/\/olemosaic.com\/fr\/wp-json\/wp\/v2\/product_cat?post=26523"},{"taxonomy":"product_tag","embeddable":true,"href":"https:\/\/olemosaic.com\/fr\/wp-json\/wp\/v2\/product_tag?post=26523"}],"curies":[{"name":"wp","href":"https:\/\/api.w.org\/{rel}","templated":true}]}}