{"id":26496,"date":"2025-02-20T23:28:27","date_gmt":"2025-02-20T22:28:27","guid":{"rendered":"http:\/\/olemosaic.com\/producto\/bol-de-coco-naranja-salamandra-tenerife\/"},"modified":"2025-07-25T19:37:20","modified_gmt":"2025-07-25T17:37:20","slug":"bol-en-noix-de-coco-orange-salamandre-tenerife","status":"publish","type":"product","link":"https:\/\/olemosaic.com\/fr\/produit\/bol-en-noix-de-coco-orange-salamandre-tenerife\/","title":{"rendered":"Bol en noix de coco orange. Salamandre. Tenerife."},"content":{"rendered":"<p>Le bol en noix de coco, d&rsquo;une couleur orange vibrante, est un charmant souvenir qui capture l&rsquo;essence de Tenerife et la riche biodiversit\u00e9 des \u00eeles Canaries. Ce bol exceptionnel, fabriqu\u00e9 \u00e0 partir d&rsquo;une coque de noix de coco, pr\u00e9sente un design peint \u00e0 la main dans un ton orange brillant et des d\u00e9corations blanches qui rehaussent son attrait visuel. \u00c0 l&rsquo;int\u00e9rieur, l&rsquo;image d&rsquo;une salamandre se d\u00e9tache, symbole de la faune canarienne qui \u00e9voque \u00e0 la fois la beaut\u00e9 naturelle et la culture locale. Le mot \u00ab\u00a0TENERIFE\u00a0\u00bb est affich\u00e9 avec fiert\u00e9 sur la base, ce qui fait de ce bol un souvenir id\u00e9al pour les touristes souhaitant emporter un petit morceau de l&rsquo;\u00eele.<\/p>\n<p>La texture rugueuse de la coque de noix de coco ne conf\u00e8re pas seulement une singularit\u00e9 \u00e0 chaque pi\u00e8ce, mais refl\u00e8te \u00e9galement l&rsquo;engagement envers les techniques artisanales qui valorisent le patrimoine culturel. Ce bol est plus qu&rsquo;un simple objet d\u00e9coratif ; c&rsquo;est un v\u00e9ritable hommage \u00e0 la vie sauvage de Tenerife et \u00e0 son environnement. En tant que souvenir typique, il repr\u00e9sente une excellente option pour les boutiques de cadeaux touristiques cherchant \u00e0 offrir des articles authentiques et repr\u00e9sentatifs du lieu. Chez Ol\u00e9 Mosaic, en tant que grossiste de souvenirs de Tenerife, nous garantissons la qualit\u00e9 et l&rsquo;authenticit\u00e9 de chaque produit, offrant \u00e0 vos clients l&rsquo;opportunit\u00e9 de d\u00e9couvrir la magie des \u00eeles Canaries \u00e0 travers ce bol exclusif en noix de coco.<\/p>\n","protected":false},"excerpt":{"rendered":"<p>Bol en noix de coco d&rsquo;une couleur orange vibrante, d\u00e9cor\u00e9 de l&rsquo;image d&rsquo;une salamandre, repr\u00e9sentative de la faune de Tenerife. Ce bol original, fabriqu\u00e9 \u00e0 partir d&rsquo;une coque de noix de coco, pr\u00e9sente un design artisanal, peint \u00e0 la main, avec des touches blanches et des d\u00e9tails artistiques \u00e0 l&rsquo;int\u00e9rieur. Le mot \u00ab\u00a0TENERIFE\u00a0\u00bb se d\u00e9tache sur la base, faisant de ce produit un souvenir id\u00e9al qui capture l&rsquo;essence exotique et culturelle des \u00eeles Canaries.<\/p>\n","protected":false},"featured_media":11793,"template":"","meta":{"_acf_changed":false},"product_brand":[],"product_cat":[521],"product_tag":[530],"class_list":{"0":"post-26496","1":"product","2":"type-product","3":"status-publish","4":"has-post-thumbnail","6":"product_cat-bols","7":"product_tag-animaux","8":"pa_ciudad-tenerife","9":"pa_motivo-salamandres","10":"pa_pais-espana","12":"first","13":"instock","14":"shipping-taxable","15":"product-type-simple"},"acf":[],"_links":{"self":[{"href":"https:\/\/olemosaic.com\/fr\/wp-json\/wp\/v2\/product\/26496","targetHints":{"allow":["GET"]}}],"collection":[{"href":"https:\/\/olemosaic.com\/fr\/wp-json\/wp\/v2\/product"}],"about":[{"href":"https:\/\/olemosaic.com\/fr\/wp-json\/wp\/v2\/types\/product"}],"wp:featuredmedia":[{"embeddable":true,"href":"https:\/\/olemosaic.com\/fr\/wp-json\/wp\/v2\/media\/11793"}],"wp:attachment":[{"href":"https:\/\/olemosaic.com\/fr\/wp-json\/wp\/v2\/media?parent=26496"}],"wp:term":[{"taxonomy":"product_brand","embeddable":true,"href":"https:\/\/olemosaic.com\/fr\/wp-json\/wp\/v2\/product_brand?post=26496"},{"taxonomy":"product_cat","embeddable":true,"href":"https:\/\/olemosaic.com\/fr\/wp-json\/wp\/v2\/product_cat?post=26496"},{"taxonomy":"product_tag","embeddable":true,"href":"https:\/\/olemosaic.com\/fr\/wp-json\/wp\/v2\/product_tag?post=26496"}],"curies":[{"name":"wp","href":"https:\/\/api.w.org\/{rel}","templated":true}]}}