{"id":26494,"date":"2025-02-20T23:28:27","date_gmt":"2025-02-20T22:28:27","guid":{"rendered":"http:\/\/olemosaic.com\/producto\/mug-de-ceramica-sagrada-familia-barcelona-beige\/"},"modified":"2025-07-25T18:58:10","modified_gmt":"2025-07-25T16:58:10","slug":"mug-en-ceramique-sagrada-familia-barcelone-beige","status":"publish","type":"product","link":"https:\/\/olemosaic.com\/fr\/produit\/mug-en-ceramique-sagrada-familia-barcelone-beige\/","title":{"rendered":"Mug en c\u00e9ramique. Sagrada Familia. Barcelone. Beige."},"content":{"rendered":"<p>Savourez un d\u00e9licieux caf\u00e9 matinal avec notre mug exclusif en c\u00e9ramique, d\u00e9cor\u00e9 d&rsquo;une repr\u00e9sentation vibrante de la Sagrada Familia de Barcelone. Ce design resplendissant pr\u00e9sente une mosa\u00efque color\u00e9e qui met en valeur les \u00e9l\u00e9ments architecturaux d\u00e9taill\u00e9s de ce monument embl\u00e9matique, symbole de la cr\u00e9ativit\u00e9 d&rsquo;Antoni Gaud\u00ed, sur un \u00e9l\u00e9gant fond beige qui rehausse sa beaut\u00e9. L&rsquo;int\u00e9rieur rouge du mug ajoute une touche sophistiqu\u00e9e, tandis que la cuill\u00e8re assortie compl\u00e8te parfaitement l&rsquo;ensemble, en faisant une option fonctionnelle et d\u00e9corative. Ce mug n&rsquo;est pas seulement id\u00e9al pour savourer vos boissons pr\u00e9f\u00e9r\u00e9es, mais il agit \u00e9galement comme un artefact culturel qui capture l&rsquo;essence de Barcelone et son h\u00e9ritage architectural. Offrir ou acqu\u00e9rir ce mug est une excellente fa\u00e7on d&#8217;emporter un morceau de l&rsquo;histoire de la ville, c\u00e9l\u00e9br\u00e9 \u00e0 chaque gorg\u00e9e. Chez Ol\u00e9 Mosaic, nous nous consacrons \u00e0 la distribution de souvenirs en gros, offrant des produits qui refl\u00e8tent l&rsquo;authenticit\u00e9 de la culture espagnole. Ce magnifique mug est le souvenir parfait pour les boutiques de cadeaux touristiques cherchant \u00e0 offrir des articles uniques et repr\u00e9sentatifs de leur r\u00e9gion. Ne manquez pas ce mug de la Sagrada Familia, un cadeau qui enchante tout le monde !<\/p>\n","protected":false},"excerpt":{"rendered":"<p>Mug en c\u00e9ramique d\u00e9cor\u00e9 d&rsquo;une repr\u00e9sentation vibrante de la Sagrada Familia de Barcelone. Ce design attrayant comprend une mosa\u00efque color\u00e9e qui souligne les d\u00e9tails architecturaux du monument embl\u00e9matique, tout sur un fond beige. Le mug poss\u00e8de un int\u00e9rieur rouge et une cuill\u00e8re assortie, ce qui lui ajoute une touche d&rsquo;\u00e9l\u00e9gance. C&rsquo;est un souvenir id\u00e9al qui capture l&rsquo;essence de la ville et son patrimoine culturel.<\/p>\n","protected":false},"featured_media":7014,"template":"","meta":{"_acf_changed":false},"product_brand":[],"product_cat":[728],"product_tag":[585],"class_list":{"0":"post-26494","1":"product","2":"type-product","3":"status-publish","4":"has-post-thumbnail","6":"product_cat-mugs","7":"product_tag-ceramique","8":"pa_ciudad-barcelona","9":"pa_motivo-sagrada-familia","10":"pa_pais-espana","12":"first","13":"instock","14":"shipping-taxable","15":"product-type-simple"},"acf":[],"_links":{"self":[{"href":"https:\/\/olemosaic.com\/fr\/wp-json\/wp\/v2\/product\/26494","targetHints":{"allow":["GET"]}}],"collection":[{"href":"https:\/\/olemosaic.com\/fr\/wp-json\/wp\/v2\/product"}],"about":[{"href":"https:\/\/olemosaic.com\/fr\/wp-json\/wp\/v2\/types\/product"}],"wp:featuredmedia":[{"embeddable":true,"href":"https:\/\/olemosaic.com\/fr\/wp-json\/wp\/v2\/media\/7014"}],"wp:attachment":[{"href":"https:\/\/olemosaic.com\/fr\/wp-json\/wp\/v2\/media?parent=26494"}],"wp:term":[{"taxonomy":"product_brand","embeddable":true,"href":"https:\/\/olemosaic.com\/fr\/wp-json\/wp\/v2\/product_brand?post=26494"},{"taxonomy":"product_cat","embeddable":true,"href":"https:\/\/olemosaic.com\/fr\/wp-json\/wp\/v2\/product_cat?post=26494"},{"taxonomy":"product_tag","embeddable":true,"href":"https:\/\/olemosaic.com\/fr\/wp-json\/wp\/v2\/product_tag?post=26494"}],"curies":[{"name":"wp","href":"https:\/\/api.w.org\/{rel}","templated":true}]}}