{"id":26493,"date":"2025-02-20T23:28:27","date_gmt":"2025-02-20T22:28:27","guid":{"rendered":"http:\/\/olemosaic.com\/producto\/mug-de-ceramica-toros-blanco-95-cm\/"},"modified":"2025-07-25T18:55:58","modified_gmt":"2025-07-25T16:55:58","slug":"mug-en-ceramique-taureaux-blanc-9-5-cm","status":"publish","type":"product","link":"https:\/\/olemosaic.com\/fr\/produit\/mug-en-ceramique-taureaux-blanc-9-5-cm\/","title":{"rendered":"Mug en c\u00e9ramique. Taureaux. Blanc. 9,5 cm."},"content":{"rendered":"<p>Profitez de notre mug exclusif en c\u00e9ramique d\u00e9cor\u00e9 d&rsquo;un design vibrant de taureaux, une pi\u00e8ce embl\u00e9matique qui capture l&rsquo;essence de la riche culture espagnole. Avec une hauteur de 9,5 cm, ce mug n&rsquo;est pas seulement fonctionnel, mais il agit \u00e9galement comme un authentique souvenir d&rsquo;Espagne, \u00e9voquant la passion et la tradition du folklore espagnol. Il pr\u00e9sente un splendide design en mosa\u00efque, o\u00f9 un taureau se d\u00e9tache dans des tonalit\u00e9s vertes, bleues et rouges, symbolisant la force et l&rsquo;esprit indomptable qui caract\u00e9risent le b\u00e9tail brave espagnol. Le fond, orn\u00e9 d&rsquo;un soleil radieux et de fleurs, compl\u00e8te l&rsquo;impressionnant portrait du taureau, cr\u00e9ant un ensemble visuel dynamique et plein de vie. La base blanche du mug fait ressortir encore plus ces couleurs intenses, en faisant un objet d\u00e9coratif id\u00e9al pour tout amateur de culture espagnole. Ce mug est parfait pour les touristes \u00e0 la recherche de souvenirs authentiques repr\u00e9sentant leur voyage en Espagne. Chez Ol\u00e9 Mosaic, nous sommes votre distributeur de souvenirs en gros, offrant non seulement qualit\u00e9 et cr\u00e9ativit\u00e9 dans chaque produit, mais aussi une connexion culturelle inestimable que nos clients pourront partager avec leurs propres consommateurs.<\/p>\n","protected":false},"excerpt":{"rendered":"<p>Mug en c\u00e9ramique d\u00e9cor\u00e9 d&rsquo;un design vibrant de taureaux, un symbole iconique de la culture espagnole. Avec une hauteur de 9,5 cm, cette pi\u00e8ce pr\u00e9sente une repr\u00e9sentation color\u00e9e en mosa\u00efque, o\u00f9 le taureau se d\u00e9tache dans des tons verts, bleus et rouges, entour\u00e9 d&rsquo;un fond comprenant un soleil radieux et des fleurs. La base blanche fait ressortir les couleurs intenses, en faisant un souvenir parfait qui \u00e9voque la passion et la tradition du folklore espagnol.<\/p>\n","protected":false},"featured_media":8554,"template":"","meta":{"_acf_changed":false},"product_brand":[],"product_cat":[728],"product_tag":[530,585],"class_list":{"0":"post-26493","1":"product","2":"type-product","3":"status-publish","4":"has-post-thumbnail","6":"product_cat-mugs","7":"product_tag-animaux","8":"product_tag-ceramique","9":"pa_motivo-taureaux","11":"first","12":"instock","13":"shipping-taxable","14":"product-type-simple"},"acf":[],"_links":{"self":[{"href":"https:\/\/olemosaic.com\/fr\/wp-json\/wp\/v2\/product\/26493","targetHints":{"allow":["GET"]}}],"collection":[{"href":"https:\/\/olemosaic.com\/fr\/wp-json\/wp\/v2\/product"}],"about":[{"href":"https:\/\/olemosaic.com\/fr\/wp-json\/wp\/v2\/types\/product"}],"wp:featuredmedia":[{"embeddable":true,"href":"https:\/\/olemosaic.com\/fr\/wp-json\/wp\/v2\/media\/8554"}],"wp:attachment":[{"href":"https:\/\/olemosaic.com\/fr\/wp-json\/wp\/v2\/media?parent=26493"}],"wp:term":[{"taxonomy":"product_brand","embeddable":true,"href":"https:\/\/olemosaic.com\/fr\/wp-json\/wp\/v2\/product_brand?post=26493"},{"taxonomy":"product_cat","embeddable":true,"href":"https:\/\/olemosaic.com\/fr\/wp-json\/wp\/v2\/product_cat?post=26493"},{"taxonomy":"product_tag","embeddable":true,"href":"https:\/\/olemosaic.com\/fr\/wp-json\/wp\/v2\/product_tag?post=26493"}],"curies":[{"name":"wp","href":"https:\/\/api.w.org\/{rel}","templated":true}]}}