{"id":26486,"date":"2025-02-20T23:28:27","date_gmt":"2025-02-20T22:28:27","guid":{"rendered":"http:\/\/olemosaic.com\/producto\/6-vasos-de-chupito-de-vidrio-metalizado-3\/"},"modified":"2025-07-25T20:31:35","modified_gmt":"2025-07-25T18:31:35","slug":"6-verres-a-shot-en-verre-metallise-barcelone","status":"publish","type":"product","link":"https:\/\/olemosaic.com\/fr\/produit\/6-verres-a-shot-en-verre-metallise-barcelone\/","title":{"rendered":"6 verres \u00e0 shot en verre m\u00e9tallis\u00e9. Barcelone."},"content":{"rendered":"<p>Profitez de l&rsquo;essence de Barcelone avec ce s\u00e9duisant ensemble de 6 verres \u00e0 shot en verre m\u00e9tallis\u00e9, un souvenir id\u00e9al pour trinquer lors de toute c\u00e9l\u00e9bration. Chaque verre pr\u00e9sente une palette de couleurs vibrantes, mettant en avant les tons pourpre, vert, rouge, jaune, bleu et bleu marine, ce qui en fait une option visuellement captivante pour tout \u00e9v\u00e9nement. Les illustrations d\u00e9licates de chaque verre, accompagn\u00e9es du nom \u00ab\u00a0Barcelone\u00a0\u00bb dans une typographie \u00e9l\u00e9gante, ajoutent une touche distinctive qui \u00e9voque la riche culture et le dynamisme de la ville.<\/p>\n<p>La m\u00e9tallisation des verres offre une finition contemporaine qui les rend non seulement esth\u00e9tiquement attrayants, mais aussi parfaits pour savourer vos boissons pr\u00e9f\u00e9r\u00e9es avec style. Que ce soit lors d&rsquo;une f\u00eate, d&rsquo;un d\u00eener sp\u00e9cial ou comme souvenir repr\u00e9sentatif de votre visite dans la magnifique capitale catalane, ces verres sont un souvenir authentique qui capture la joie et la vie vibrante de Barcelone.<\/p>\n<p>Chez Ol\u00e9 Mosaic, en tant que grossistes en souvenirs, nous proposons des produits de qualit\u00e9 qui exaltent la culture locale. Cet ensemble de verres \u00e0 shot est une excellente option pour les boutiques de cadeaux touristiques, offrant \u00e0 leurs clients un morceau de Barcelone qu&rsquo;ils ch\u00e9riront longtemps.<\/p>\n","protected":false},"excerpt":{"rendered":"<p>Ensemble de 6 verres \u00e0 shot en verre m\u00e9tallis\u00e9, d\u00e9cor\u00e9s d&rsquo;illustrations voyantes aux couleurs vibrantes qui \u00e9voquent l&rsquo;essence de Barcelone. Chaque verre pr\u00e9sente un design tr\u00e8s sp\u00e9cial, avec des motifs dans des tons pourpre, vert, rouge, jaune, bleu et bleu marine, et le nom \u00ab\u00a0Barcelone\u00a0\u00bb \u00e9crit dans une typographie \u00e9l\u00e9gante. Sa finition m\u00e9tallis\u00e9e ajoute une touche moderne et attrageante, id\u00e9ale pour trinquer lors de c\u00e9l\u00e9brations ou comme souvenir de cette belle ville. Ces verres sont parfaits pour savourer vos boissons pr\u00e9f\u00e9r\u00e9es avec style.<\/p>\n","protected":false},"featured_media":11211,"template":"","meta":{"_acf_changed":false},"product_brand":[],"product_cat":[814],"product_tag":[],"class_list":{"0":"post-26486","1":"product","2":"type-product","3":"status-publish","4":"has-post-thumbnail","6":"product_cat-verres-a-shot","7":"pa_ciudad-barcelona","8":"pa_motivo-salamandres","9":"pa_pais-espana","11":"first","12":"instock","13":"shipping-taxable","14":"product-type-simple"},"acf":[],"_links":{"self":[{"href":"https:\/\/olemosaic.com\/fr\/wp-json\/wp\/v2\/product\/26486","targetHints":{"allow":["GET"]}}],"collection":[{"href":"https:\/\/olemosaic.com\/fr\/wp-json\/wp\/v2\/product"}],"about":[{"href":"https:\/\/olemosaic.com\/fr\/wp-json\/wp\/v2\/types\/product"}],"wp:featuredmedia":[{"embeddable":true,"href":"https:\/\/olemosaic.com\/fr\/wp-json\/wp\/v2\/media\/11211"}],"wp:attachment":[{"href":"https:\/\/olemosaic.com\/fr\/wp-json\/wp\/v2\/media?parent=26486"}],"wp:term":[{"taxonomy":"product_brand","embeddable":true,"href":"https:\/\/olemosaic.com\/fr\/wp-json\/wp\/v2\/product_brand?post=26486"},{"taxonomy":"product_cat","embeddable":true,"href":"https:\/\/olemosaic.com\/fr\/wp-json\/wp\/v2\/product_cat?post=26486"},{"taxonomy":"product_tag","embeddable":true,"href":"https:\/\/olemosaic.com\/fr\/wp-json\/wp\/v2\/product_tag?post=26486"}],"curies":[{"name":"wp","href":"https:\/\/api.w.org\/{rel}","templated":true}]}}