{"id":26485,"date":"2025-02-20T23:28:26","date_gmt":"2025-02-20T22:28:26","guid":{"rendered":"http:\/\/olemosaic.com\/producto\/mantequera-de-ceramica-panoramica-barcelona-beige-185-cm\/"},"modified":"2025-07-25T18:36:06","modified_gmt":"2025-07-25T16:36:06","slug":"beurrier-en-ceramique-panoramique-barcelone-beige-18-5-cm","status":"publish","type":"product","link":"https:\/\/olemosaic.com\/fr\/produit\/beurrier-en-ceramique-panoramique-barcelone-beige-18-5-cm\/","title":{"rendered":"Beurrier en c\u00e9ramique Panoramique. Barcelone. Beige. 18,5 cm."},"content":{"rendered":"<p>Profitez de l&rsquo;essence de Barcelone avec cet \u00e9l\u00e9gant beurrier en c\u00e9ramique panoramique, parfait pour pr\u00e9senter le beurre avec une touche de style et de tradition. Avec un design attrayant, cette pi\u00e8ce se distingue par sa peinture \u00e0 la main, qui pr\u00e9sente des motifs color\u00e9s repr\u00e9sentatifs de la ville, notamment l&rsquo;imposante Sagrada Familia et le vibrant Parc G\u00fcell. La finition dans un ton beige contraste harmonieusement avec les d\u00e9tails vifs en orange, cr\u00e9ant une pi\u00e8ce qui n&rsquo;est pas seulement fonctionnelle, mais aussi un v\u00e9ritable hommage \u00e0 la culture catalane.<\/p>\n<p>Avec des dimensions de 18,5 cm de longueur, ce beurrier est id\u00e9al pour la table de tout amateur de gastronomie et d&rsquo;art. Son design captive l&rsquo;attention de tous les pr\u00e9sents, servant de point de conversation sur la riche histoire et les traditions de Barcelone. Ce souvenir de la cit\u00e9 comtale ne sert pas seulement d&rsquo;accessoire de cuisine utile, mais aussi de souvenir culturel significatif qui c\u00e9l\u00e8bre la cr\u00e9ativit\u00e9 et l&rsquo;architecture de la r\u00e9gion.<\/p>\n<p>Chez Ol\u00e9 Mosaic, en tant que distributeurs de souvenirs en gros, nous proposons ce beurrier en c\u00e9ramique qui repr\u00e9sentera parfaitement votre engagement envers la qualit\u00e9 et l&rsquo;authenticit\u00e9. Parfait pour les boutiques de cadeaux touristiques qui cherchent \u00e0 capturer la magie de Barcelone dans chaque recoin.<\/p>\n","protected":false},"excerpt":{"rendered":"<p>Beurrier en c\u00e9ramique avec design panoramique de Barcelone, id\u00e9al pour pr\u00e9senter le beurre avec style. Peinte dans un style artisanal, cette pi\u00e8ce se distingue par ses motifs color\u00e9s repr\u00e9sentant des ic\u00f4nes de la ville, comme la Sagrada Familia et le Parc G\u00fcell. Avec une finition beige et des d\u00e9tails orange, il mesure 18,5 cm de long et ajoute une touche culturelle \u00e0 votre table, \u00e9tant parfait pour les amateurs de gastronomie et d&rsquo;art.<\/p>\n","protected":false},"featured_media":7747,"template":"","meta":{"_acf_changed":false},"product_brand":[],"product_cat":[755],"product_tag":[585],"class_list":{"0":"post-26485","1":"product","2":"type-product","3":"status-publish","4":"has-post-thumbnail","6":"product_cat-barattes-a-beurre","7":"product_tag-ceramique","8":"pa_ciudad-barcelona","9":"pa_motivo-panoramas","10":"pa_pais-espana","12":"first","13":"instock","14":"shipping-taxable","15":"product-type-simple"},"acf":[],"_links":{"self":[{"href":"https:\/\/olemosaic.com\/fr\/wp-json\/wp\/v2\/product\/26485","targetHints":{"allow":["GET"]}}],"collection":[{"href":"https:\/\/olemosaic.com\/fr\/wp-json\/wp\/v2\/product"}],"about":[{"href":"https:\/\/olemosaic.com\/fr\/wp-json\/wp\/v2\/types\/product"}],"wp:featuredmedia":[{"embeddable":true,"href":"https:\/\/olemosaic.com\/fr\/wp-json\/wp\/v2\/media\/7747"}],"wp:attachment":[{"href":"https:\/\/olemosaic.com\/fr\/wp-json\/wp\/v2\/media?parent=26485"}],"wp:term":[{"taxonomy":"product_brand","embeddable":true,"href":"https:\/\/olemosaic.com\/fr\/wp-json\/wp\/v2\/product_brand?post=26485"},{"taxonomy":"product_cat","embeddable":true,"href":"https:\/\/olemosaic.com\/fr\/wp-json\/wp\/v2\/product_cat?post=26485"},{"taxonomy":"product_tag","embeddable":true,"href":"https:\/\/olemosaic.com\/fr\/wp-json\/wp\/v2\/product_tag?post=26485"}],"curies":[{"name":"wp","href":"https:\/\/api.w.org\/{rel}","templated":true}]}}