{"id":26484,"date":"2025-02-20T23:28:26","date_gmt":"2025-02-20T22:28:26","guid":{"rendered":"http:\/\/olemosaic.com\/producto\/botella-inox-500-ml-salamandra\/"},"modified":"2025-07-25T19:10:44","modified_gmt":"2025-07-25T17:10:44","slug":"bouteille-inox-500-ml-salamandre","status":"publish","type":"product","link":"https:\/\/olemosaic.com\/fr\/produit\/bouteille-inox-500-ml-salamandre\/","title":{"rendered":"Bouteille inox. 500 ml. Salamandre."},"content":{"rendered":"<p>Profitez de la d\u00e9licieuse fusion entre fonctionnalit\u00e9 et art dans notre bouteille en acier inoxydable de 500 ml, d\u00e9cor\u00e9e d&rsquo;illustrations vibrantes de salamandres et de fleurs. Ce produit se distingue par son design color\u00e9 et attrayant, qui capture l&rsquo;essence du folklore espagnol, ce qui en fait un souvenir in\u00e9gal\u00e9. Les salamandres, repr\u00e9sent\u00e9es dans des tons verts, bleus, rouges et noirs, \u00e9voquent la riche biodiversit\u00e9 de la r\u00e9gion, tandis que les fleurs, avec leurs couleurs \u00e9clatantes, ajoutent une touche de fra\u00eecheur et de joie.<\/p>\n<p>Le fond clair de la bouteille met en valeur les illustrations, en faisant une pi\u00e8ce remarquable tant pour l&rsquo;usage quotidien que pour les collectionneurs de souvenirs. En plus de son attrait visuel, cette bouteille en acier inoxydable est id\u00e9ale pour maintenir vos boissons froides ou chaudes, garantissant qualit\u00e9 et durabilit\u00e9. Symbole de la riche tradition culturelle et naturelle de l&rsquo;Espagne, cette bouteille est le choix parfait pour les touristes \u00e0 la recherche d&rsquo;un souvenir authentique et repr\u00e9sentatif de leur exp\u00e9rience. Chez Ol\u00e9 Mosaic, nous sommes fiers de proposer des souvenirs uniques comme cette bouteille, qui allient art, fonctionnalit\u00e9 et culture, constituant une excellente option pour les boutiques de cadeaux touristiques \u00e0 la recherche de produits attrayants et de qualit\u00e9.<\/p>\n","protected":false},"excerpt":{"rendered":"<p>Bouteille en acier inoxydable de 500 ml, d\u00e9cor\u00e9e d&rsquo;illustrations color\u00e9es de salamandres et de fleurs. Ce design \u00e9l\u00e9gant pr\u00e9sente des salamandres dans des tons vibrants de vert, bleu, rouge et noir, entour\u00e9es d&rsquo;une vari\u00e9t\u00e9 de fleurs aux couleurs vives sur un fond clair. Id\u00e9ale pour maintenir vos boissons froides ou chaudes, cette bouteille allie fonctionnalit\u00e9 et attrait visuel capturant l&rsquo;essence du folklore espagnol, devenant un excellent souvenir ou cadeau.<\/p>\n","protected":false},"featured_media":9903,"template":"","meta":{"_acf_changed":false},"product_brand":[],"product_cat":[784],"product_tag":[530],"class_list":{"0":"post-26484","1":"product","2":"type-product","3":"status-publish","4":"has-post-thumbnail","6":"product_cat-bouteilles-inox","7":"product_tag-animaux","8":"pa_motivo-salamandres","10":"first","11":"instock","12":"shipping-taxable","13":"product-type-simple"},"acf":[],"_links":{"self":[{"href":"https:\/\/olemosaic.com\/fr\/wp-json\/wp\/v2\/product\/26484","targetHints":{"allow":["GET"]}}],"collection":[{"href":"https:\/\/olemosaic.com\/fr\/wp-json\/wp\/v2\/product"}],"about":[{"href":"https:\/\/olemosaic.com\/fr\/wp-json\/wp\/v2\/types\/product"}],"wp:featuredmedia":[{"embeddable":true,"href":"https:\/\/olemosaic.com\/fr\/wp-json\/wp\/v2\/media\/9903"}],"wp:attachment":[{"href":"https:\/\/olemosaic.com\/fr\/wp-json\/wp\/v2\/media?parent=26484"}],"wp:term":[{"taxonomy":"product_brand","embeddable":true,"href":"https:\/\/olemosaic.com\/fr\/wp-json\/wp\/v2\/product_brand?post=26484"},{"taxonomy":"product_cat","embeddable":true,"href":"https:\/\/olemosaic.com\/fr\/wp-json\/wp\/v2\/product_cat?post=26484"},{"taxonomy":"product_tag","embeddable":true,"href":"https:\/\/olemosaic.com\/fr\/wp-json\/wp\/v2\/product_tag?post=26484"}],"curies":[{"name":"wp","href":"https:\/\/api.w.org\/{rel}","templated":true}]}}