{"id":26483,"date":"2025-02-20T22:28:26","date_gmt":"2025-02-20T22:28:26","guid":{"rendered":"http:\/\/olemosaic.com\/producto\/bola-de-navidad-con-caja-bogavante\/"},"modified":"2025-07-25T18:45:39","modified_gmt":"2025-07-25T16:45:39","slug":"boule-de-noel-avec-boite-homard","status":"publish","type":"product","link":"https:\/\/olemosaic.com\/fr\/produit\/boule-de-noel-avec-boite-homard\/","title":{"rendered":"Boule de No\u00ebl avec bo\u00eete. Homard."},"content":{"rendered":"<p>Profitez de la joie de No\u00ebl avec cette exquise boule de No\u00ebl d\u00e9corative avec bo\u00eete, con\u00e7ue avec un motif vibrant de homard qui \u00e9voque l&rsquo;essence de la M\u00e9diterran\u00e9e. Fabriqu\u00e9e en c\u00e9ramique de haute qualit\u00e9, cette boule pr\u00e9sente un fond complexe dans des tons bleus et blancs, rappelant les c\u00e9ramiques typiques de la c\u00f4te m\u00e9diterran\u00e9enne. Les homards, illustr\u00e9s par des traits brillants en rouge, jaune et vert, apportent un attrait visuel charmant et festif, transformant chaque sapin en un v\u00e9ritable spectacle de couleurs.<\/p>\n<p>Le design m\u00e9ticuleux de cette boule de No\u00ebl n&rsquo;est pas seulement un ornement charmant, mais refl\u00e8te \u00e9galement la culture c\u00f4ti\u00e8re et la richesse gastronomique des r\u00e9gions m\u00e9diterran\u00e9ennes, o\u00f9 le homard est un symbole de luxe et de festivit\u00e9. Ce souvenir de No\u00ebl capture l&rsquo;essence de la tradition m\u00e9diterran\u00e9enne, devenant un cadeau parfait pour ceux qui cherchent \u00e0 emporter avec eux une partie de cette culture.<\/p>\n<p>L&rsquo;\u00e9l\u00e9gant ruban violet qui accompagne la boule facilite sa mise en place sur le sapin, assurant qu&rsquo;elle brille de splendeur \u00e0 chaque c\u00e9l\u00e9bration. Chez Ol\u00e9 Mosaic, nous sommes fiers d&rsquo;offrir des souvenirs authentiques qui connectent les touristes \u00e0 la culture locale, et cette boule de No\u00ebl est un excellent choix pour les boutiques de cadeaux touristiques souhaitant apporter une touche authentique \u00e0 leurs collections. Ne manquez pas l&rsquo;occasion d&rsquo;offrir ce souvenir de No\u00ebl symbolique et color\u00e9, id\u00e9al pour ceux qui recherchent un morceau de tradition m\u00e9diterran\u00e9enne.<\/p>\n","protected":false},"excerpt":{"rendered":"<p>Boule de No\u00ebl d\u00e9corative avec bo\u00eete, con\u00e7ue avec un motif vibrant de homard. Cette boule color\u00e9e, en c\u00e9ramique, pr\u00e9sente un fond aux motifs complexes dans des tons bleus et blancs \u00e9voquant la culture m\u00e9diterran\u00e9enne. Les homards sont illustr\u00e9s par des traits brillants en rouge, jaune et vert, cr\u00e9ant un attrait visuel parfait pour orner votre sapin de No\u00ebl. Comprend un \u00e9l\u00e9gant ruban violet pour faciliter sa mise en place.<\/p>\n","protected":false},"featured_media":9741,"template":"","meta":{"_acf_changed":false},"product_brand":[],"product_cat":[659],"product_tag":[530,646],"class_list":{"0":"post-26483","1":"product","2":"type-product","3":"status-publish","4":"has-post-thumbnail","6":"product_cat-boules-de-noel","7":"product_tag-animaux","8":"product_tag-noel","9":"pa_motivo-homards","11":"first","12":"instock","13":"shipping-taxable","14":"product-type-simple"},"acf":[],"_links":{"self":[{"href":"https:\/\/olemosaic.com\/fr\/wp-json\/wp\/v2\/product\/26483","targetHints":{"allow":["GET"]}}],"collection":[{"href":"https:\/\/olemosaic.com\/fr\/wp-json\/wp\/v2\/product"}],"about":[{"href":"https:\/\/olemosaic.com\/fr\/wp-json\/wp\/v2\/types\/product"}],"wp:featuredmedia":[{"embeddable":true,"href":"https:\/\/olemosaic.com\/fr\/wp-json\/wp\/v2\/media\/9741"}],"wp:attachment":[{"href":"https:\/\/olemosaic.com\/fr\/wp-json\/wp\/v2\/media?parent=26483"}],"wp:term":[{"taxonomy":"product_brand","embeddable":true,"href":"https:\/\/olemosaic.com\/fr\/wp-json\/wp\/v2\/product_brand?post=26483"},{"taxonomy":"product_cat","embeddable":true,"href":"https:\/\/olemosaic.com\/fr\/wp-json\/wp\/v2\/product_cat?post=26483"},{"taxonomy":"product_tag","embeddable":true,"href":"https:\/\/olemosaic.com\/fr\/wp-json\/wp\/v2\/product_tag?post=26483"}],"curies":[{"name":"wp","href":"https:\/\/api.w.org\/{rel}","templated":true}]}}