{"id":26481,"date":"2025-02-20T22:28:26","date_gmt":"2025-02-20T22:28:26","guid":{"rendered":"http:\/\/olemosaic.com\/producto\/mug-xl-de-ceramica-punt-de-trobada-beige\/"},"modified":"2025-07-25T18:47:37","modified_gmt":"2025-07-25T16:47:37","slug":"mug-xl-en-ceramique-punt-de-trobada-beige","status":"publish","type":"product","link":"https:\/\/olemosaic.com\/fr\/produit\/mug-xl-en-ceramique-punt-de-trobada-beige\/","title":{"rendered":"Mug XL en c\u00e9ramique. Punt de trobada. Beige."},"content":{"rendered":"<p>Profitez de cette impressionnante tasse XL en c\u00e9ramique, un v\u00e9ritable joyau du design contemporain qui \u00e9voque la riche tradition de l&rsquo;art de la mosa\u00efque. Avec une base dans un ton beige attrayant, cette tasse est orn\u00e9e de motifs abstraits dans des couleurs vibrantes telles que le rouge, le bleu, le vert et le noir, cr\u00e9ant un effet visuel dynamique et captivant. La d\u00e9coration artistique s&rsquo;inspire des \u0153uvres classiques de la mosa\u00efque, c\u00e9l\u00e8bres dans la r\u00e9gion m\u00e9diterran\u00e9enne, ce qui conf\u00e8re \u00e0 ce produit un air d&rsquo;\u00e9l\u00e9gance et de cr\u00e9ativit\u00e9 id\u00e9al pour ceux qui appr\u00e9cient l&rsquo;art dans leur vie quotidienne.<\/p>\n<p>L&rsquo;int\u00e9rieur de cette tasse se distingue par un ton orange chaud qui compl\u00e8te parfaitement son ext\u00e9rieur, offrant une exp\u00e9rience d&rsquo;utilisation accueillante et agr\u00e9able. Avec sa grande capacit\u00e9, elle est id\u00e9ale pour savourer vos boissons chaudes pr\u00e9f\u00e9r\u00e9es, devenant le compagnon id\u00e9al pour les matins caf\u00e9 ou les apr\u00e8s-midi th\u00e9 relaxants. Cette tasse n&rsquo;est pas seulement un ustensile fonctionnel, mais elle devient aussi un merveilleux souvenir qui refl\u00e8te la connexion culturelle avec l&rsquo;art de la mosa\u00efque, symbolisant la beaut\u00e9 et la richesse des traditions espagnoles.<\/p>\n<p>Chez Ol\u00e9 Mosaic, nous nous sp\u00e9cialisons dans la distribution de souvenirs en c\u00e9ramique en gros, offrant des articles authentiques qui se distinguent par leur qualit\u00e9 et leur accessibilit\u00e9. Cette tasse XL est une excellente option pour les boutiques de cadeaux touristiques qui recherchent des produits uniques et repr\u00e9sentatifs. C&rsquo;est sans aucun doute un cadeau id\u00e9al pour ceux qui souhaitent emporter un morceau de la culture de la mosa\u00efque chez eux.<\/p>\n","protected":false},"excerpt":{"rendered":"<p>Tasse XL en c\u00e9ramique avec un design color\u00e9 et moderne qui \u00e9voque le style de l&rsquo;art de la mosa\u00efque. Ce produit pr\u00e9sente une base beige d\u00e9cor\u00e9e de motifs abstraits en rouge, bleu, vert et noir, cr\u00e9ant une apparence vibrante et contemporaine. L&rsquo;int\u00e9rieur de la tasse est d&rsquo;un ton orange chaud qui compl\u00e8te son ext\u00e9rieur. Parfaite pour savourer des boissons chaudes, cette tasse est un hommage \u00e0 la cr\u00e9ativit\u00e9 et \u00e0 la couleur, id\u00e9ale pour ceux qui recherchent une touche artistique dans leur foyer.<\/p>\n","protected":false},"featured_media":10034,"template":"","meta":{"_acf_changed":false},"product_brand":[],"product_cat":[728],"product_tag":[585],"class_list":{"0":"post-26481","1":"product","2":"type-product","3":"status-publish","4":"has-post-thumbnail","6":"product_cat-mugs","7":"product_tag-ceramique","8":"pa_motivo-punt-de-trobada","10":"first","11":"instock","12":"shipping-taxable","13":"product-type-simple"},"acf":[],"_links":{"self":[{"href":"https:\/\/olemosaic.com\/fr\/wp-json\/wp\/v2\/product\/26481","targetHints":{"allow":["GET"]}}],"collection":[{"href":"https:\/\/olemosaic.com\/fr\/wp-json\/wp\/v2\/product"}],"about":[{"href":"https:\/\/olemosaic.com\/fr\/wp-json\/wp\/v2\/types\/product"}],"wp:featuredmedia":[{"embeddable":true,"href":"https:\/\/olemosaic.com\/fr\/wp-json\/wp\/v2\/media\/10034"}],"wp:attachment":[{"href":"https:\/\/olemosaic.com\/fr\/wp-json\/wp\/v2\/media?parent=26481"}],"wp:term":[{"taxonomy":"product_brand","embeddable":true,"href":"https:\/\/olemosaic.com\/fr\/wp-json\/wp\/v2\/product_brand?post=26481"},{"taxonomy":"product_cat","embeddable":true,"href":"https:\/\/olemosaic.com\/fr\/wp-json\/wp\/v2\/product_cat?post=26481"},{"taxonomy":"product_tag","embeddable":true,"href":"https:\/\/olemosaic.com\/fr\/wp-json\/wp\/v2\/product_tag?post=26481"}],"curies":[{"name":"wp","href":"https:\/\/api.w.org\/{rel}","templated":true}]}}