{"id":26480,"date":"2025-02-20T23:28:26","date_gmt":"2025-02-20T22:28:26","guid":{"rendered":"http:\/\/olemosaic.com\/producto\/bol-de-coco-caballito-de-mar\/"},"modified":"2025-07-25T20:11:58","modified_gmt":"2025-07-25T18:11:58","slug":"bol-en-coco-hippocampe","status":"publish","type":"product","link":"https:\/\/olemosaic.com\/fr\/produit\/bol-en-coco-hippocampe\/","title":{"rendered":"Bol en coco. Hippocampe."},"content":{"rendered":"<p>Profitez de ce bol en coco d\u00e9cor\u00e9 d&rsquo;un charmant hippocampe, une pi\u00e8ce qui \u00e9voque la chaleur et la beaut\u00e9 des environnements tropicaux. Ce bol pr\u00e9sente un design vibrant avec des mosa\u00efques \u00e9labor\u00e9es dans des tons vifs de rose, bleu et violet, qui s&rsquo;entrelacent dans un contraste attrayant avec le fond clair, apportant une esth\u00e9tique fra\u00eeche et joyeuse \u00e0 n&rsquo;importe quel espace. La technique artisanale inclut des d\u00e9tails d\u00e9licats de coquillages qui renforcent son authenticit\u00e9 et en font une pi\u00e8ce unique, id\u00e9ale aussi bien pour servir des ap\u00e9ritifs que pour \u00eatre un \u00e9l\u00e9ment d\u00e9coratif \u00e9l\u00e9gant sur la table.<\/p>\n<p>L&rsquo;hippocampe, symbole de gr\u00e2ce et de tranquillit\u00e9 dans le monde marin, est magnifiquement repr\u00e9sent\u00e9 au centre du bol, captant l&rsquo;attention des amoureux de la nature et de la vie marine. Ce bol refl\u00e8te la tradition artisanale de la r\u00e9gion, o\u00f9 la cr\u00e9ation d&rsquo;objets d\u00e9coratifs en coco s&rsquo;est perfectionn\u00e9e au fil des ans, devenant des souvenirs significatifs pour les visiteurs. Avec sa finition brillante et son design tr\u00e8s sp\u00e9cial, ce bol en coco est un souvenir parfait pour les touristes qui cherchent \u00e0 emporter un morceau de culture et de beaut\u00e9 tropicale chez eux. Chez Ol\u00e9 Mosaic, nous nous sp\u00e9cialisons dans la distribution de souvenirs artisanaux en gros, et ce bol en coco repr\u00e9sente la qualit\u00e9 et la cr\u00e9ativit\u00e9 que nous cherchons \u00e0 offrir \u00e0 nos boutiques partenaires.<\/p>\n","protected":false},"excerpt":{"rendered":"<p>Bol en coco d\u00e9cor\u00e9 d&rsquo;un magnifique hippocampe, id\u00e9al pour donner une touche tropicale \u00e0 n&rsquo;importe quelle ambiance. Ce bol pr\u00e9sente un design color\u00e9, avec des mosa\u00efques aux tons vifs en rose, bleu et violet, qui contrastent de mani\u00e8re attrayante avec le fond clair. La technique de fabrication inclut des d\u00e9tails de coquillages et une finition brillante, ce qui en fait une pi\u00e8ce unique et artisanale, parfaite pour servir des ap\u00e9ritifs ou comme \u00e9l\u00e9ment d\u00e9coratif sur la table.<\/p>\n","protected":false},"featured_media":11801,"template":"","meta":{"_acf_changed":false},"product_brand":[],"product_cat":[521],"product_tag":[530],"class_list":{"0":"post-26480","1":"product","2":"type-product","3":"status-publish","4":"has-post-thumbnail","6":"product_cat-bols","7":"product_tag-animaux","8":"pa_motivo-hippocampes","10":"first","11":"instock","12":"shipping-taxable","13":"product-type-simple"},"acf":[],"_links":{"self":[{"href":"https:\/\/olemosaic.com\/fr\/wp-json\/wp\/v2\/product\/26480","targetHints":{"allow":["GET"]}}],"collection":[{"href":"https:\/\/olemosaic.com\/fr\/wp-json\/wp\/v2\/product"}],"about":[{"href":"https:\/\/olemosaic.com\/fr\/wp-json\/wp\/v2\/types\/product"}],"wp:featuredmedia":[{"embeddable":true,"href":"https:\/\/olemosaic.com\/fr\/wp-json\/wp\/v2\/media\/11801"}],"wp:attachment":[{"href":"https:\/\/olemosaic.com\/fr\/wp-json\/wp\/v2\/media?parent=26480"}],"wp:term":[{"taxonomy":"product_brand","embeddable":true,"href":"https:\/\/olemosaic.com\/fr\/wp-json\/wp\/v2\/product_brand?post=26480"},{"taxonomy":"product_cat","embeddable":true,"href":"https:\/\/olemosaic.com\/fr\/wp-json\/wp\/v2\/product_cat?post=26480"},{"taxonomy":"product_tag","embeddable":true,"href":"https:\/\/olemosaic.com\/fr\/wp-json\/wp\/v2\/product_tag?post=26480"}],"curies":[{"name":"wp","href":"https:\/\/api.w.org\/{rel}","templated":true}]}}