{"id":26478,"date":"2025-02-20T23:28:25","date_gmt":"2025-02-20T22:28:25","guid":{"rendered":"http:\/\/olemosaic.com\/producto\/botella-inox-500-ml-salamandra-barcelona\/"},"modified":"2025-07-25T18:36:18","modified_gmt":"2025-07-25T16:36:18","slug":"bouteille-inox-500-ml-salamandre-barcelone","status":"publish","type":"product","link":"https:\/\/olemosaic.com\/fr\/produit\/bouteille-inox-500-ml-salamandre-barcelone\/","title":{"rendered":"Bouteille inox 500 ml. Salamandre. Barcelone."},"content":{"rendered":"<p>Profitez de cette \u00e9l\u00e9gante bouteille en acier inoxydable de 500 ml, d\u00e9cor\u00e9e d&rsquo;un design vibrant de salamandre qui rend hommage aux mosa\u00efques color\u00e9es de l&#8217;embl\u00e9matique Park G\u00fcell de Barcelone. Cette pi\u00e8ce se distingue par sa finition brillante, qui fait ressortir les couleurs vives de la salamandre, symbole de renouveau et de vitalit\u00e9, entour\u00e9e d&rsquo;un fond captivant de formes g\u00e9om\u00e9triques dans des tons blancs et gris, \u00e9voquant l&rsquo;architecture unique d&rsquo;Antoni Gaud\u00ed. Id\u00e9ale pour garder vos boissons froides toute la journ\u00e9e, son bouchon herm\u00e9tique garantit une \u00e9tanch\u00e9it\u00e9 s\u00fbre, ce qui en fait un souvenir fonctionnel et styl\u00e9. Cet article n&rsquo;est pas seulement parfait pour ceux qui recherchent un souvenir authentique d&rsquo;Espagne, mais il repr\u00e9sente \u00e9galement l&rsquo;art et la culture de Barcelone, une ville c\u00e9l\u00e8bre pour son riche h\u00e9ritage architectural et artistique. Chez Ol\u00e9 Mosaic, nous sommes des distributeurs de souvenirs de qualit\u00e9, et cette bouteille est un excellent investissement pour les boutiques de cadeaux touristiques souhaitant proposer des produits m\u00e9morables et repr\u00e9sentatifs de la culture espagnole. Avec cette bouteille salamandre, chaque gorg\u00e9e vous rappellera la magie de Barcelone.<\/p>\n","protected":false},"excerpt":{"rendered":"<p>Bouteille en acier inoxydable de 500 ml d\u00e9cor\u00e9e d&rsquo;un design vibrant de salamandre, inspir\u00e9 des mosa\u00efques du Parc G\u00fcell de Barcelone. Ce produit, avec une finition brillante, met en valeur les couleurs vives de la salamandre, entour\u00e9e d&rsquo;un fond de formes g\u00e9om\u00e9triques dans des tons blancs et gris. Parfaite pour garder vos boissons froides, son bouchon herm\u00e9tique assure une \u00e9tanch\u00e9it\u00e9 parfaite, en faisant un souvenir fonctionnel et \u00e9l\u00e9gant.<\/p>\n","protected":false},"featured_media":9784,"template":"","meta":{"_acf_changed":false},"product_brand":[],"product_cat":[784],"product_tag":[530],"class_list":{"0":"post-26478","1":"product","2":"type-product","3":"status-publish","4":"has-post-thumbnail","6":"product_cat-bouteilles-inox","7":"product_tag-animaux","8":"pa_ciudad-barcelona","9":"pa_motivo-salamandres","10":"pa_pais-espana","12":"first","13":"instock","14":"shipping-taxable","15":"product-type-simple"},"acf":[],"_links":{"self":[{"href":"https:\/\/olemosaic.com\/fr\/wp-json\/wp\/v2\/product\/26478","targetHints":{"allow":["GET"]}}],"collection":[{"href":"https:\/\/olemosaic.com\/fr\/wp-json\/wp\/v2\/product"}],"about":[{"href":"https:\/\/olemosaic.com\/fr\/wp-json\/wp\/v2\/types\/product"}],"wp:featuredmedia":[{"embeddable":true,"href":"https:\/\/olemosaic.com\/fr\/wp-json\/wp\/v2\/media\/9784"}],"wp:attachment":[{"href":"https:\/\/olemosaic.com\/fr\/wp-json\/wp\/v2\/media?parent=26478"}],"wp:term":[{"taxonomy":"product_brand","embeddable":true,"href":"https:\/\/olemosaic.com\/fr\/wp-json\/wp\/v2\/product_brand?post=26478"},{"taxonomy":"product_cat","embeddable":true,"href":"https:\/\/olemosaic.com\/fr\/wp-json\/wp\/v2\/product_cat?post=26478"},{"taxonomy":"product_tag","embeddable":true,"href":"https:\/\/olemosaic.com\/fr\/wp-json\/wp\/v2\/product_tag?post=26478"}],"curies":[{"name":"wp","href":"https:\/\/api.w.org\/{rel}","templated":true}]}}