{"id":26477,"date":"2025-02-20T22:28:25","date_gmt":"2025-02-20T22:28:25","guid":{"rendered":"http:\/\/olemosaic.com\/producto\/4-bols-de-coco-de-13-x-6-cm-animales-del-mar-menorca\/"},"modified":"2025-07-25T20:22:43","modified_gmt":"2025-07-25T18:22:43","slug":"4-bols-en-noix-de-coco-de-13-x-6-cm-animaux-marins-minorque","status":"publish","type":"product","link":"https:\/\/olemosaic.com\/fr\/produit\/4-bols-en-noix-de-coco-de-13-x-6-cm-animaux-marins-minorque\/","title":{"rendered":"4 Bols en noix de coco de 13 x 6 cm. Animaux marins. Minorque."},"content":{"rendered":"<p>D\u00e9couvrez nos vibrants bols en noix de coco, un authentique souvenir de Minorque qui capture l&rsquo;essence de cette magnifique \u00eele des Bal\u00e9ares. Chaque bol, d&rsquo;une taille de 13 x 6 cm, est m\u00e9ticuleusement \u00e9labor\u00e9 \u00e0 partir de noix de coco, offrant une base naturelle et \u00e9l\u00e9gante. Son int\u00e9rieur pr\u00e9sente une joyeuse mosa\u00efque de couleurs combinant des tons d&rsquo;orange, de rose et de bleu, \u00e9voquant la beaut\u00e9 de la mer M\u00e9diterran\u00e9e. Au centre de chaque bol, vous trouverez de charmantes illustrations d&rsquo;un dauphin, d&rsquo;une tortue et d&rsquo;un l\u00e9zard, accompagn\u00e9es du texte \u00ab\u00a0Menorca\u00a0\u00bb, qui souligne son authenticit\u00e9 et sa connexion culturelle.<\/p>\n<p>Ces bols ne sont pas seulement fonctionnels, mais aussi d\u00e9coratifs, id\u00e9aux pour ajouter une touche distinctive et culturelle \u00e0 n&rsquo;importe quel espace. Que ce soit comme centre de table attrayant ou comme cadeau sp\u00e9cial, leur design unique en fait le choix parfait pour ceux qui cherchent \u00e0 emporter un morceau de la riche tradition de Minorque. En tant que produit repr\u00e9sentatif de la flore et de la faune locales, ils constituent une excellente option pour les touristes et les amoureux de la nature.<\/p>\n<p>Chez Ol\u00e9 Mosaic, nous nous sp\u00e9cialisons dans la distribution de souvenirs en gros, proposant ces magnifiques bols en noix de coco qui c\u00e9l\u00e8brent la vie marine de Minorque. Ajoutez ces souvenirs \u00e0 votre boutique et offrez \u00e0 vos clients un souvenir authentique et color\u00e9 de leur visite sur cette \u00eele enchanteresse.<\/p>\n","protected":false},"excerpt":{"rendered":"<p>Bols en noix de coco de 13 x 6 cm, d\u00e9cor\u00e9s de motifs marins \u00e9voquant l&rsquo;essence de Minorque. Chaque bol, fabriqu\u00e9 en noix de coco, pr\u00e9sente une mosa\u00efque color\u00e9e combinant des tons vibrants d&rsquo;orange, de rose et de bleu. Au centre, on peut voir des illustrations d&rsquo;un dauphin, d&rsquo;une tortue et d&rsquo;un l\u00e9zard, accompagn\u00e9es du mot \u00ab\u00a0Menorca\u00a0\u00bb. Ils sont parfaits pour ajouter une touche distinctive et culturelle \u00e0 n&rsquo;importe quel espace, ou comme cadeau.<\/p>\n","protected":false},"featured_media":13789,"template":"","meta":{"_acf_changed":false},"product_brand":[],"product_cat":[521],"product_tag":[530],"class_list":{"0":"post-26477","1":"product","2":"type-product","3":"status-publish","4":"has-post-thumbnail","6":"product_cat-bols","7":"product_tag-animaux","8":"pa_ciudad-menorca","9":"pa_motivo-animaux-marins","10":"pa_pais-espana","12":"first","13":"instock","14":"shipping-taxable","15":"product-type-simple"},"acf":[],"_links":{"self":[{"href":"https:\/\/olemosaic.com\/fr\/wp-json\/wp\/v2\/product\/26477","targetHints":{"allow":["GET"]}}],"collection":[{"href":"https:\/\/olemosaic.com\/fr\/wp-json\/wp\/v2\/product"}],"about":[{"href":"https:\/\/olemosaic.com\/fr\/wp-json\/wp\/v2\/types\/product"}],"wp:featuredmedia":[{"embeddable":true,"href":"https:\/\/olemosaic.com\/fr\/wp-json\/wp\/v2\/media\/13789"}],"wp:attachment":[{"href":"https:\/\/olemosaic.com\/fr\/wp-json\/wp\/v2\/media?parent=26477"}],"wp:term":[{"taxonomy":"product_brand","embeddable":true,"href":"https:\/\/olemosaic.com\/fr\/wp-json\/wp\/v2\/product_brand?post=26477"},{"taxonomy":"product_cat","embeddable":true,"href":"https:\/\/olemosaic.com\/fr\/wp-json\/wp\/v2\/product_cat?post=26477"},{"taxonomy":"product_tag","embeddable":true,"href":"https:\/\/olemosaic.com\/fr\/wp-json\/wp\/v2\/product_tag?post=26477"}],"curies":[{"name":"wp","href":"https:\/\/api.w.org\/{rel}","templated":true}]}}