{"id":26476,"date":"2025-02-20T22:28:25","date_gmt":"2025-02-20T22:28:25","guid":{"rendered":"http:\/\/olemosaic.com\/producto\/4-bols-de-coco-de-13-x-6-cm-delfin-tenerife\/"},"modified":"2025-07-25T19:51:55","modified_gmt":"2025-07-25T17:51:55","slug":"4-bols-en-noix-de-coco-de-13-x-6-cm-dauphin-tenerife","status":"publish","type":"product","link":"https:\/\/olemosaic.com\/fr\/produit\/4-bols-en-noix-de-coco-de-13-x-6-cm-dauphin-tenerife\/","title":{"rendered":"4 Bols en noix de coco de 13 x 6 cm. Dauphin. Tenerife."},"content":{"rendered":"<p>D\u00e9couvrez nos vibrants bols en noix de coco inspir\u00e9s de la faune marine de Tenerife. Cet ensemble comprend quatre bols de 13 x 6 cm, chacun avec un design unique mettant en avant les iconiques dauphins, \u00e9l\u00e9ments repr\u00e9sentatifs de la culture canarienne. Chaque bol pr\u00e9sente une finition brillante qui simule la texture de pierres polies, avec une palette de couleurs vives comprenant des tons bleus, roses et jaunes. Les joyeux motifs d\u00e9coratifs n&rsquo;apportent pas seulement une touche exotique, mais \u00e9voquent \u00e9galement la beaut\u00e9 naturelle de l&rsquo;oc\u00e9an qui entoure les \u00eeles Canaries.<\/p>\n<p>Ces bols sont polyvalents pour servir des ap\u00e9ritifs ou comme \u00e9l\u00e9ments d\u00e9coratifs dans n&rsquo;importe quel environnement, devenant un point focal attrayant dans la d\u00e9coration de la maison. Leur design ne c\u00e9l\u00e8bre pas seulement la vie marine de Tenerife, mais repr\u00e9sente \u00e9galement le savoir-faire artisanal de la r\u00e9gion, faisant de chaque pi\u00e8ce un authentique souvenir qui raconte une histoire culturelle. Chez Ol\u00e9 Mosaic, nous sommes fiers d&rsquo;\u00eatre des distributeurs de souvenirs authentiques en gros, et cet ensemble de bols en noix de coco est une excellente option pour les boutiques de cadeaux touristiques cherchant \u00e0 proposer des produits repr\u00e9sentatifs et color\u00e9s. Ajoutez un petit morceau de Tenerife \u00e0 votre offre de souvenirs et surprenez vos clients avec la fra\u00eecheur et l&rsquo;originalit\u00e9 de ces charmants bols.<\/p>\n","protected":false},"excerpt":{"rendered":"<p>Bols en noix de coco de 13 x 6 cm, avec de jolis designs de dauphins inspir\u00e9s de la faune marine de Tenerife. Chaque bol pr\u00e9sente une finition brillante et d\u00e9corative, avec des motifs dans des tons bleu, rose et jaune qui imitent la texture de pierres polies. Id\u00e9aux pour servir des ap\u00e9ritifs ou comme \u00e9l\u00e9ment d\u00e9coratif, ces bols sont une repr\u00e9sentation color\u00e9e de la vie aux \u00eeles Canaries et apportent une touche exotique \u00e0 n&rsquo;importe quel espace.<\/p>\n","protected":false},"featured_media":12122,"template":"","meta":{"_acf_changed":false},"product_brand":[],"product_cat":[521],"product_tag":[530],"class_list":{"0":"post-26476","1":"product","2":"type-product","3":"status-publish","4":"has-post-thumbnail","6":"product_cat-bols","7":"product_tag-animaux","8":"pa_ciudad-tenerife","9":"pa_motivo-dauphins","10":"pa_pais-espana","12":"first","13":"instock","14":"shipping-taxable","15":"product-type-simple"},"acf":[],"_links":{"self":[{"href":"https:\/\/olemosaic.com\/fr\/wp-json\/wp\/v2\/product\/26476","targetHints":{"allow":["GET"]}}],"collection":[{"href":"https:\/\/olemosaic.com\/fr\/wp-json\/wp\/v2\/product"}],"about":[{"href":"https:\/\/olemosaic.com\/fr\/wp-json\/wp\/v2\/types\/product"}],"wp:featuredmedia":[{"embeddable":true,"href":"https:\/\/olemosaic.com\/fr\/wp-json\/wp\/v2\/media\/12122"}],"wp:attachment":[{"href":"https:\/\/olemosaic.com\/fr\/wp-json\/wp\/v2\/media?parent=26476"}],"wp:term":[{"taxonomy":"product_brand","embeddable":true,"href":"https:\/\/olemosaic.com\/fr\/wp-json\/wp\/v2\/product_brand?post=26476"},{"taxonomy":"product_cat","embeddable":true,"href":"https:\/\/olemosaic.com\/fr\/wp-json\/wp\/v2\/product_cat?post=26476"},{"taxonomy":"product_tag","embeddable":true,"href":"https:\/\/olemosaic.com\/fr\/wp-json\/wp\/v2\/product_tag?post=26476"}],"curies":[{"name":"wp","href":"https:\/\/api.w.org\/{rel}","templated":true}]}}