{"id":26475,"date":"2025-02-20T23:28:25","date_gmt":"2025-02-20T22:28:25","guid":{"rendered":"http:\/\/olemosaic.com\/producto\/4-bols-de-coco-de-13-x-6-cm-salamandra\/"},"modified":"2025-07-25T19:15:30","modified_gmt":"2025-07-25T17:15:30","slug":"4-bols-en-noix-de-coco-de-13-x-6-cm-salamandre","status":"publish","type":"product","link":"https:\/\/olemosaic.com\/fr\/produit\/4-bols-en-noix-de-coco-de-13-x-6-cm-salamandre\/","title":{"rendered":"4 Bols en noix de coco de 13 x 6 cm. Salamandre."},"content":{"rendered":"<p>D\u00e9couvrez nos vibrants bols en noix de coco d\u00e9cor\u00e9s de salamandres, un ensemble de quatre pi\u00e8ces parfaites pour donner une touche joyeuse et exotique \u00e0 n&rsquo;importe quel espace. Chaque bol, mesurant 13 x 6 cm, pr\u00e9sente un design tr\u00e8s sp\u00e9cial aux couleurs intenses comme le bleu, le rouge, l&rsquo;orange et le rose, rehauss\u00e9 par une finition brillante qui capture merveilleusement la lumi\u00e8re. Au centre de chaque bol, une \u00e9l\u00e9gante illustration d&rsquo;une salamandre, symbole de transformation et d&rsquo;adaptation, apporte une signification culturelle suppl\u00e9mentaire \u00e0 ces charmants objets.<\/p>\n<p>Ces bols ne sont pas seulement parfaits pour servir des ap\u00e9ritifs ou des tapas lors de r\u00e9unions de famille, mais ils fonctionnent \u00e9galement comme des \u00e9l\u00e9ments d\u00e9coratifs \u00e9voquant l&rsquo;essence de la M\u00e9diterran\u00e9e, faisant un clin d&rsquo;\u0153il \u00e0 la riche tradition artisanale de la r\u00e9gion. Leur technique de fabrication garantit que chaque pi\u00e8ce est unique, ce qui en fait un souvenir authentique, id\u00e9al pour les touristes \u00e0 la recherche de souvenirs repr\u00e9sentatifs de leur exp\u00e9rience.<\/p>\n<p>Chez Ol\u00e9 Mosaic, nous nous consacrons \u00e0 la distribution de souvenirs en gros qui refl\u00e8tent la culture et l&rsquo;art local, et ces bols en noix de coco sont une excellente option pour les boutiques de cadeaux touristiques souhaitant proposer des produits de qualit\u00e9 avec une forte connexion culturelle. Choisir ces souvenirs de bols en noix de coco, c&rsquo;est opter pour une pi\u00e8ce qui, en plus d&rsquo;\u00e9gayer les espaces, raconte une histoire.<\/p>\n","protected":false},"excerpt":{"rendered":"<p>Bols en noix de coco de 13 x 6 cm d\u00e9cor\u00e9s de motifs de salamandres, id\u00e9aux pour donner une touche vibrante \u00e0 n&rsquo;importe quel espace. Chaque bol pr\u00e9sente une finition brillante et des couleurs vives, comme le bleu, le rouge, l&rsquo;orange et le rose, avec un design tr\u00e8s sp\u00e9cial de salamandres au centre. Leur fabrication artisanale garantit que chaque pi\u00e8ce est unique, parfaite pour d\u00e9corer ou pour servir des ap\u00e9ritifs lors de r\u00e9unions, \u00e9voquant l&rsquo;essence m\u00e9diterran\u00e9enne.<\/p>\n","protected":false},"featured_media":10630,"template":"","meta":{"_acf_changed":false},"product_brand":[],"product_cat":[521],"product_tag":[530],"class_list":{"0":"post-26475","1":"product","2":"type-product","3":"status-publish","4":"has-post-thumbnail","6":"product_cat-bols","7":"product_tag-animaux","8":"pa_motivo-salamandres","10":"first","11":"instock","12":"shipping-taxable","13":"product-type-simple"},"acf":[],"_links":{"self":[{"href":"https:\/\/olemosaic.com\/fr\/wp-json\/wp\/v2\/product\/26475","targetHints":{"allow":["GET"]}}],"collection":[{"href":"https:\/\/olemosaic.com\/fr\/wp-json\/wp\/v2\/product"}],"about":[{"href":"https:\/\/olemosaic.com\/fr\/wp-json\/wp\/v2\/types\/product"}],"wp:featuredmedia":[{"embeddable":true,"href":"https:\/\/olemosaic.com\/fr\/wp-json\/wp\/v2\/media\/10630"}],"wp:attachment":[{"href":"https:\/\/olemosaic.com\/fr\/wp-json\/wp\/v2\/media?parent=26475"}],"wp:term":[{"taxonomy":"product_brand","embeddable":true,"href":"https:\/\/olemosaic.com\/fr\/wp-json\/wp\/v2\/product_brand?post=26475"},{"taxonomy":"product_cat","embeddable":true,"href":"https:\/\/olemosaic.com\/fr\/wp-json\/wp\/v2\/product_cat?post=26475"},{"taxonomy":"product_tag","embeddable":true,"href":"https:\/\/olemosaic.com\/fr\/wp-json\/wp\/v2\/product_tag?post=26475"}],"curies":[{"name":"wp","href":"https:\/\/api.w.org\/{rel}","templated":true}]}}