{"id":26438,"date":"2025-02-20T22:28:24","date_gmt":"2025-02-20T22:28:24","guid":{"rendered":"http:\/\/olemosaic.com\/producto\/4-bols-de-coco-de-13-x-6-cm-caballito-de-mar-tenerife\/"},"modified":"2025-07-25T20:37:47","modified_gmt":"2025-07-25T18:37:47","slug":"4-bols-en-noix-de-coco-de-13-x-6-cm-hippocampe-tenerife","status":"publish","type":"product","link":"https:\/\/olemosaic.com\/fr\/produit\/4-bols-en-noix-de-coco-de-13-x-6-cm-hippocampe-tenerife\/","title":{"rendered":"4 Bols en noix de coco de 13 x 6 cm. Hippocampe. Tenerife."},"content":{"rendered":"<p>D\u00e9couvrez nos ravissants bols en noix de coco, un souvenir authentique de Tenerife qui capture l&rsquo;essence de la beaut\u00e9 marine de cette \u00eele incroyable. Chaque bol, con\u00e7u avec un \u00e9l\u00e9gant motif d&rsquo;hippocampes, pr\u00e9sente des dimensions id\u00e9ales de 13 x 6 cm, devenant un \u00e9l\u00e9ment d\u00e9coratif parfait ou un accessoire distinctif pour servir des ap\u00e9ritifs. La douceur et l&rsquo;\u00e9clat de la finition sont compl\u00e9t\u00e9s par une palette de quatre couleurs vibrantes : bleu, jaune, rose et fuchsia, qui \u00e9voquent les couleurs de l&rsquo;oc\u00e9an et les paysages canariens vibrants. De plus, les d\u00e9tails en forme de bulles apportent une touche artistique unique, rendant chaque pi\u00e8ce v\u00e9ritablement sp\u00e9ciale. Ce produit n&rsquo;est pas seulement un excellent souvenir de Tenerife, mais aussi une repr\u00e9sentation culturelle significative, symbolisant la riche faune marine et la tradition artisanale de la r\u00e9gion. En choisissant ces bols en noix de coco, les touristes emporteront chez eux un morceau de la culture canarienne, id\u00e9al pour ceux qui recherchent des souvenirs authentiques. Chez Ol\u00e9 Mosaic, nous proposons ces bols en gros, un choix brillant pour les boutiques de cadeaux touristiques souhaitant enrichir leur offre avec des produits pleins de sens et de beaut\u00e9.<\/p>\n","protected":false},"excerpt":{"rendered":"<p>Bols en noix de coco de 13 x 6 cm, d\u00e9cor\u00e9s d&rsquo;un \u00e9l\u00e9gant motif d&rsquo;hippocampes, \u00e9voquant la beaut\u00e9 marine de Tenerife. Chaque bol pr\u00e9sente une finition douce et brillante, disponible en quatre couleurs vibrantes : bleu, jaune, rose et fuchsia, avec des d\u00e9tails de bulles qui ajoutent une touche artistique. Parfaits comme \u00e9l\u00e9ments d\u00e9coratifs ou pour servir des ap\u00e9ritifs, ils transforment chaque table en un reflet du charme canarien.<\/p>\n","protected":false},"featured_media":12121,"template":"","meta":{"_acf_changed":false},"product_brand":[],"product_cat":[521],"product_tag":[530],"class_list":{"0":"post-26438","1":"product","2":"type-product","3":"status-publish","4":"has-post-thumbnail","6":"product_cat-bols","7":"product_tag-animaux","8":"pa_ciudad-tenerife","9":"pa_motivo-hippocampes","10":"pa_pais-espana","12":"first","13":"instock","14":"shipping-taxable","15":"product-type-simple"},"acf":[],"_links":{"self":[{"href":"https:\/\/olemosaic.com\/fr\/wp-json\/wp\/v2\/product\/26438","targetHints":{"allow":["GET"]}}],"collection":[{"href":"https:\/\/olemosaic.com\/fr\/wp-json\/wp\/v2\/product"}],"about":[{"href":"https:\/\/olemosaic.com\/fr\/wp-json\/wp\/v2\/types\/product"}],"wp:featuredmedia":[{"embeddable":true,"href":"https:\/\/olemosaic.com\/fr\/wp-json\/wp\/v2\/media\/12121"}],"wp:attachment":[{"href":"https:\/\/olemosaic.com\/fr\/wp-json\/wp\/v2\/media?parent=26438"}],"wp:term":[{"taxonomy":"product_brand","embeddable":true,"href":"https:\/\/olemosaic.com\/fr\/wp-json\/wp\/v2\/product_brand?post=26438"},{"taxonomy":"product_cat","embeddable":true,"href":"https:\/\/olemosaic.com\/fr\/wp-json\/wp\/v2\/product_cat?post=26438"},{"taxonomy":"product_tag","embeddable":true,"href":"https:\/\/olemosaic.com\/fr\/wp-json\/wp\/v2\/product_tag?post=26438"}],"curies":[{"name":"wp","href":"https:\/\/api.w.org\/{rel}","templated":true}]}}